{"id":10380,"date":"2020-04-05T22:17:35","date_gmt":"2020-04-06T01:17:35","guid":{"rendered":"http:\/\/www.pb.utfpr.edu.br\/geastro\/?page_id=10380"},"modified":"2020-04-27T10:00:18","modified_gmt":"2020-04-27T13:00:18","slug":"outras-acoes","status":"publish","type":"page","link":"https:\/\/www.pb.utfpr.edu.br\/geastro\/?page_id=10380","title":{"rendered":"Outras A\u00e7\u00f5es"},"content":{"rendered":"\n<p>Abaixo voc\u00ea encontrar\u00e1 os links para diversas a\u00e7\u00f5es com ainda mais conte\u00fado e atividades dispon\u00edveis para voc\u00ea e sua fam\u00edlia:<\/p>\n\n\n\n<div style=\"height:40px\" aria-hidden=\"true\" class=\"wp-block-spacer\"><\/div>\n\n\n\n<p><strong><a href=\"http:\/\/www.recursosdefisica.com.br\/charadas-do-sistema-solar.html\">Jogos de Astronomi<\/a><\/strong><a href=\"http:\/\/www.recursosdefisica.com.br\/charadas-do-sistema-solar.html\"><strong>a<\/strong><\/a><br>O site, idealizado e produzido pelo Prof. Dr. Ricardo Francisco Pereira do Departamento de F\u00edsica (DFI) da Universidade Estadual de Maring\u00e1 (UEM), \u00e9 de f\u00e1cil navega\u00e7\u00e3o e nele voc\u00ea poder\u00e1 encontrar diversos conte\u00fados relacionados a F\u00edsica e a Astronomia voltados para todas as idades.<br>Acesso:  <a href=\"http:\/\/www.recursosdefisica.com.br\/charadas-do-sistema-solar.html\">http:\/\/www.recursosdefisica.com.br\/<\/a> <\/p>\n\n\n\n<p><a rel=\"noreferrer noopener\" aria-label=\" (abre numa nova aba)\" href=\"https:\/\/stellarium.org\/pt\/\" target=\"_blank\"><strong>Stellarium<\/strong><\/a><br>Stellarium \u00e9 um planet\u00e1rio de c\u00f3digo aberto para o seu computador. Ele mostra um c\u00e9u realista em tr\u00eas dimens\u00f5es igual ao que se v\u00ea a olho nu, com bin\u00f3culos ou telesc\u00f3pio. <br>Acesso:  <a rel=\"noreferrer noopener\" aria-label=\" (abre numa nova aba)\" href=\"https:\/\/stellarium.org\/pt\/\" target=\"_blank\">https:\/\/stellarium.org\/pt\/<\/a> <\/p>\n","protected":false},"excerpt":{"rendered":"<p>Abaixo voc\u00ea encontrar\u00e1 os links para diversas a\u00e7\u00f5es com ainda mais conte\u00fado e atividades dispon\u00edveis para voc\u00ea e sua fam\u00edlia: Jogos de AstronomiaO site, idealizado e produzido pelo Prof. Dr. Ricardo Francisco Pereira do Departamento de F\u00edsica (DFI) da Universidade Estadual de Maring\u00e1 (UEM), \u00e9 de f\u00e1cil navega\u00e7\u00e3o e nele voc\u00ea poder\u00e1 encontrar diversos conte\u00fados relacionados a F\u00edsica e a Astronomia voltados para todas as idades.Acesso: http:\/\/www.recursosdefisica.com.br\/ StellariumStellarium \u00e9 um planet\u00e1rio de c\u00f3digo aberto para o seu computador. Ele mostra um c\u00e9u realista em tr\u00eas dimens\u00f5es igual ao que se v\u00ea a olho nu, com bin\u00f3culos ou telesc\u00f3pio. Acesso: https:\/\/stellarium.org\/pt\/<\/p>\n","protected":false},"author":1,"featured_media":0,"parent":0,"menu_order":0,"comment_status":"closed","ping_status":"closed","template":"","meta":{"sfsi_plus_gutenberg_text_before_share":"","sfsi_plus_gutenberg_show_text_before_share":"","sfsi_plus_gutenberg_icon_type":"","sfsi_plus_gutenberg_icon_alignemt":"","sfsi_plus_gutenburg_max_per_row":"","footnotes":""},"coauthors":[],"class_list":["post-10380","page","type-page","status-publish","hentry"],"yoast_head":"<!-- This site is optimized with the Yoast SEO plugin v22.8 - https:\/\/yoast.com\/wordpress\/plugins\/seo\/ -->\n<title>Outras A\u00e7\u00f5es - GEAstro<\/title>\n<meta name=\"robots\" content=\"index, follow, max-snippet:-1, max-image-preview:large, max-video-preview:-1\" \/>\n<link rel=\"canonical\" href=\"https:\/\/www.pb.utfpr.edu.br\/geastro\/?page_id=10380\" \/>\n<meta property=\"og:locale\" content=\"pt_BR\" \/>\n<meta property=\"og:type\" content=\"article\" \/>\n<meta property=\"og:title\" content=\"Outras A\u00e7\u00f5es - GEAstro\" \/>\n<meta property=\"og:description\" content=\"Abaixo voc\u00ea encontrar\u00e1 os links para diversas a\u00e7\u00f5es com ainda mais conte\u00fado e atividades dispon\u00edveis para voc\u00ea e sua fam\u00edlia: Jogos de AstronomiaO site, idealizado e produzido pelo Prof. Dr. Ricardo Francisco Pereira do Departamento de F\u00edsica (DFI) da Universidade Estadual de Maring\u00e1 (UEM), \u00e9 de f\u00e1cil navega\u00e7\u00e3o e nele voc\u00ea poder\u00e1 encontrar diversos conte\u00fados relacionados a F\u00edsica e a Astronomia voltados para todas as idades.Acesso: http:\/\/www.recursosdefisica.com.br\/ StellariumStellarium \u00e9 um planet\u00e1rio de c\u00f3digo aberto para o seu computador. Ele mostra um c\u00e9u realista em tr\u00eas dimens\u00f5es igual ao que se v\u00ea a olho nu, com bin\u00f3culos ou telesc\u00f3pio. Acesso: https:\/\/stellarium.org\/pt\/\" \/>\n<meta property=\"og:url\" content=\"https:\/\/www.pb.utfpr.edu.br\/geastro\/?page_id=10380\" \/>\n<meta property=\"og:site_name\" content=\"GEAstro\" \/>\n<meta property=\"article:modified_time\" content=\"2020-04-27T13:00:18+00:00\" \/>\n<meta name=\"twitter:card\" content=\"summary_large_image\" \/>\n<meta name=\"twitter:label1\" content=\"Est. tempo de leitura\" \/>\n\t<meta name=\"twitter:data1\" content=\"1 minuto\" \/>\n\t<meta name=\"twitter:label2\" content=\"Written by\" \/>\n\t<meta name=\"twitter:data2\" content=\"GEAstro\" \/>\n<script type=\"application\/ld+json\" class=\"yoast-schema-graph\">{\"@context\":\"https:\/\/schema.org\",\"@graph\":[{\"@type\":\"WebPage\",\"@id\":\"https:\/\/www.pb.utfpr.edu.br\/geastro\/?page_id=10380\",\"url\":\"https:\/\/www.pb.utfpr.edu.br\/geastro\/?page_id=10380\",\"name\":\"Outras A\u00e7\u00f5es - GEAstro\",\"isPartOf\":{\"@id\":\"https:\/\/www.pb.utfpr.edu.br\/geastro\/#website\"},\"datePublished\":\"2020-04-06T01:17:35+00:00\",\"dateModified\":\"2020-04-27T13:00:18+00:00\",\"breadcrumb\":{\"@id\":\"https:\/\/www.pb.utfpr.edu.br\/geastro\/?page_id=10380#breadcrumb\"},\"inLanguage\":\"pt-BR\",\"potentialAction\":[{\"@type\":\"ReadAction\",\"target\":[\"https:\/\/www.pb.utfpr.edu.br\/geastro\/?page_id=10380\"]}]},{\"@type\":\"BreadcrumbList\",\"@id\":\"https:\/\/www.pb.utfpr.edu.br\/geastro\/?page_id=10380#breadcrumb\",\"itemListElement\":[{\"@type\":\"ListItem\",\"position\":1,\"name\":\"In\u00edcio\",\"item\":\"https:\/\/www.pb.utfpr.edu.br\/geastro\"},{\"@type\":\"ListItem\",\"position\":2,\"name\":\"Outras A\u00e7\u00f5es\"}]},{\"@type\":\"WebSite\",\"@id\":\"https:\/\/www.pb.utfpr.edu.br\/geastro\/#website\",\"url\":\"https:\/\/www.pb.utfpr.edu.br\/geastro\/\",\"name\":\"GEAstro\",\"description\":\"Grupo de Estudos, pesquisa, extens\u00e3o e inova\u00e7\u00e3o em Astronomia\",\"potentialAction\":[{\"@type\":\"SearchAction\",\"target\":{\"@type\":\"EntryPoint\",\"urlTemplate\":\"https:\/\/www.pb.utfpr.edu.br\/geastro\/?s={search_term_string}\"},\"query-input\":\"required name=search_term_string\"}],\"inLanguage\":\"pt-BR\"}]}<\/script>\n<!-- \/ Yoast SEO plugin. -->","yoast_head_json":{"title":"Outras A\u00e7\u00f5es - GEAstro","robots":{"index":"index","follow":"follow","max-snippet":"max-snippet:-1","max-image-preview":"max-image-preview:large","max-video-preview":"max-video-preview:-1"},"canonical":"https:\/\/www.pb.utfpr.edu.br\/geastro\/?page_id=10380","og_locale":"pt_BR","og_type":"article","og_title":"Outras A\u00e7\u00f5es - GEAstro","og_description":"Abaixo voc\u00ea encontrar\u00e1 os links para diversas a\u00e7\u00f5es com ainda mais conte\u00fado e atividades dispon\u00edveis para voc\u00ea e sua fam\u00edlia: Jogos de AstronomiaO site, idealizado e produzido pelo Prof. Dr. Ricardo Francisco Pereira do Departamento de F\u00edsica (DFI) da Universidade Estadual de Maring\u00e1 (UEM), \u00e9 de f\u00e1cil navega\u00e7\u00e3o e nele voc\u00ea poder\u00e1 encontrar diversos conte\u00fados relacionados a F\u00edsica e a Astronomia voltados para todas as idades.Acesso: http:\/\/www.recursosdefisica.com.br\/ StellariumStellarium \u00e9 um planet\u00e1rio de c\u00f3digo aberto para o seu computador. Ele mostra um c\u00e9u realista em tr\u00eas dimens\u00f5es igual ao que se v\u00ea a olho nu, com bin\u00f3culos ou telesc\u00f3pio. Acesso: https:\/\/stellarium.org\/pt\/","og_url":"https:\/\/www.pb.utfpr.edu.br\/geastro\/?page_id=10380","og_site_name":"GEAstro","article_modified_time":"2020-04-27T13:00:18+00:00","twitter_card":"summary_large_image","twitter_misc":{"Est. tempo de leitura":"1 minuto","Written by":"GEAstro"},"schema":{"@context":"https:\/\/schema.org","@graph":[{"@type":"WebPage","@id":"https:\/\/www.pb.utfpr.edu.br\/geastro\/?page_id=10380","url":"https:\/\/www.pb.utfpr.edu.br\/geastro\/?page_id=10380","name":"Outras A\u00e7\u00f5es - GEAstro","isPartOf":{"@id":"https:\/\/www.pb.utfpr.edu.br\/geastro\/#website"},"datePublished":"2020-04-06T01:17:35+00:00","dateModified":"2020-04-27T13:00:18+00:00","breadcrumb":{"@id":"https:\/\/www.pb.utfpr.edu.br\/geastro\/?page_id=10380#breadcrumb"},"inLanguage":"pt-BR","potentialAction":[{"@type":"ReadAction","target":["https:\/\/www.pb.utfpr.edu.br\/geastro\/?page_id=10380"]}]},{"@type":"BreadcrumbList","@id":"https:\/\/www.pb.utfpr.edu.br\/geastro\/?page_id=10380#breadcrumb","itemListElement":[{"@type":"ListItem","position":1,"name":"In\u00edcio","item":"https:\/\/www.pb.utfpr.edu.br\/geastro"},{"@type":"ListItem","position":2,"name":"Outras A\u00e7\u00f5es"}]},{"@type":"WebSite","@id":"https:\/\/www.pb.utfpr.edu.br\/geastro\/#website","url":"https:\/\/www.pb.utfpr.edu.br\/geastro\/","name":"GEAstro","description":"Grupo de Estudos, pesquisa, extens\u00e3o e inova\u00e7\u00e3o em Astronomia","potentialAction":[{"@type":"SearchAction","target":{"@type":"EntryPoint","urlTemplate":"https:\/\/www.pb.utfpr.edu.br\/geastro\/?s={search_term_string}"},"query-input":"required name=search_term_string"}],"inLanguage":"pt-BR"}]}},"jetpack_sharing_enabled":true,"_links":{"self":[{"href":"https:\/\/www.pb.utfpr.edu.br\/geastro\/index.php?rest_route=\/wp\/v2\/pages\/10380"}],"collection":[{"href":"https:\/\/www.pb.utfpr.edu.br\/geastro\/index.php?rest_route=\/wp\/v2\/pages"}],"about":[{"href":"https:\/\/www.pb.utfpr.edu.br\/geastro\/index.php?rest_route=\/wp\/v2\/types\/page"}],"author":[{"embeddable":true,"href":"https:\/\/www.pb.utfpr.edu.br\/geastro\/index.php?rest_route=\/wp\/v2\/users\/1"}],"replies":[{"embeddable":true,"href":"https:\/\/www.pb.utfpr.edu.br\/geastro\/index.php?rest_route=%2Fwp%2Fv2%2Fcomments&post=10380"}],"version-history":[{"count":11,"href":"https:\/\/www.pb.utfpr.edu.br\/geastro\/index.php?rest_route=\/wp\/v2\/pages\/10380\/revisions"}],"predecessor-version":[{"id":10503,"href":"https:\/\/www.pb.utfpr.edu.br\/geastro\/index.php?rest_route=\/wp\/v2\/pages\/10380\/revisions\/10503"}],"wp:attachment":[{"href":"https:\/\/www.pb.utfpr.edu.br\/geastro\/index.php?rest_route=%2Fwp%2Fv2%2Fmedia&parent=10380"}],"wp:term":[{"taxonomy":"author","embeddable":true,"href":"https:\/\/www.pb.utfpr.edu.br\/geastro\/index.php?rest_route=%2Fwp%2Fv2%2Fcoauthors&post=10380"}],"curies":[{"name":"wp","href":"https:\/\/api.w.org\/{rel}","templated":true}]}}