{"id":10728,"date":"2020-05-03T21:09:54","date_gmt":"2020-05-04T00:09:54","guid":{"rendered":"http:\/\/www.pb.utfpr.edu.br\/geastro\/?page_id=10728"},"modified":"2020-05-18T16:32:21","modified_gmt":"2020-05-18T19:32:21","slug":"copia-brincando-e-aprendendo-sobre-astronomia-e-astronautica","status":"publish","type":"page","link":"https:\/\/www.pb.utfpr.edu.br\/geastro\/?page_id=10728","title":{"rendered":"Brincando e aprendendo sobre Astronomia e Astron\u00e1utica"},"content":{"rendered":"\n<p>Como parte do projeto &#8220;Divulgando Astronomia atrav\u00e9s das M\u00eddias Digitais&#8221;,  a a\u00e7\u00e3o &#8220;Brincando e aprendendo sobre Astronomia e Astron\u00e1utica&#8221; tem como seu objetivo disponibilizar atividades l\u00fadicas voltadas ao ensino da Astronomia e Astron\u00e1utica, para serem reproduzidas pelas crian\u00e7as em conjunto com suas fam\u00edlias, fazendo uso de materiais de baixo custo e f\u00e1cil acesso.<\/p>\n\n\n\n<p>Nesta p\u00e1gina voc\u00ea poder\u00e1 encontrar atividades, v\u00eddeos educativos e diversas outras a\u00e7\u00f5es que podem garantir muitas horas de divers\u00e3o e educa\u00e7\u00e3o para toda a fam\u00edlia!<\/p>\n\n\n\n<div style=\"height:30px\" aria-hidden=\"true\" class=\"wp-block-spacer\"><\/div>\n\n\n\n<p>Nos bot\u00f5es abaixo, voc\u00ea poder\u00e1 encontrar e baixar atividades voltadas a todas as idades:<\/p>\n\n\n\n<div class=\"wp-block-buttons aligncenter is-layout-flex wp-block-buttons-is-layout-flex\">\n<div class=\"wp-block-button\"><a class=\"wp-block-button__link has-text-color has-very-light-gray-color has-background has-pale-cyan-blue-background-color\" href=\"http:\/\/www.pb.utfpr.edu.br\/geastro\/?page_id=10696\">Infantil &#8211; 1 a 5 anos<\/a><\/div>\n<\/div>\n\n\n\n<div class=\"wp-block-buttons aligncenter is-layout-flex wp-block-buttons-is-layout-flex\">\n<div class=\"wp-block-button\"><a class=\"wp-block-button__link has-text-color has-very-light-gray-color has-background has-luminous-vivid-amber-background-color\" href=\"http:\/\/www.pb.utfpr.edu.br\/geastro\/?page_id=10739\">N\u00edvel 1 &#8211; 6 a 8 anos<\/a><\/div>\n<\/div>\n\n\n\n<div class=\"wp-block-buttons aligncenter is-layout-flex wp-block-buttons-is-layout-flex\">\n<div class=\"wp-block-button\"><a class=\"wp-block-button__link has-text-color has-very-light-gray-color has-background has-pale-pink-background-color\" href=\"http:\/\/www.pb.utfpr.edu.br\/geastro\/?page_id=10756\">N\u00edvel 2 &#8211; 9 a 11 anos<\/a><\/div>\n<\/div>\n\n\n\n<div class=\"wp-block-buttons aligncenter is-layout-flex wp-block-buttons-is-layout-flex\">\n<div class=\"wp-block-button\"><a class=\"wp-block-button__link has-text-color has-very-light-gray-color has-background has-light-green-cyan-background-color\" href=\"http:\/\/www.pb.utfpr.edu.br\/geastro\/?page_id=10762\">N\u00edvel 3 &#8211; 12 a 14 anos<\/a><\/div>\n<\/div>\n\n\n\n<p><\/p>\n\n\n\n<div style=\"height:30px\" aria-hidden=\"true\" class=\"wp-block-spacer\"><\/div>\n\n\n\n<h5 class=\"wp-block-heading\">V\u00eddeos interessantes sobre o tema:<\/h5>\n\n\n\n<p>\r\n\t\t\t\t\t\n\r\n\t\t\t\t\t<!-- START UNITE GALLERY 1.7.62 -->\r\n\t\t\t\t\t\r\n\t\t\t\t\n\t\t\t<div id='unitegallery_1_1' class='unite-gallery' style='margin:0px auto;'>\n\t\t\t\t\n\n\t\t\t\t\t\t<img alt=\"Aprendendo com Luna: Planeta Terra | O Show Da Luna | Discovery Kids Brasil\"\n\t\t\t\t\t\t    data-type=\"youtube\"  src=\"\" data-image=\"https:\/\/img.youtube.com\/vi\/Gi4CMGogRNs\/sddefault.jpg\"\n\t\t\t\t\t\t     data-thumb=\"https:\/\/img.youtube.com\/vi\/Gi4CMGogRNs\/mqdefault.jpg\"\n\t\t\t\t\t\t     title=\"\"\n\t\t\t\t\t\t     data-videoid=\"Gi4CMGogRNs\" style=\"display:none\">\n\n\t\t\t\t\t\t<img alt=\"O Show da Luna! Uma viagem pelo espa\u00e7o - V\u00eddeo 360\u00ba [Cardboard] VR\"\n\t\t\t\t\t\t    data-type=\"youtube\"  src=\"\" data-image=\"https:\/\/img.youtube.com\/vi\/P5Er2Sd9A5o\/sddefault.jpg\"\n\t\t\t\t\t\t     data-thumb=\"https:\/\/img.youtube.com\/vi\/P5Er2Sd9A5o\/mqdefault.jpg\"\n\t\t\t\t\t\t     title=\"\"\n\t\t\t\t\t\t     data-videoid=\"P5Er2Sd9A5o\" style=\"display:none\">\n\n\t\t\t\t\t\t<img alt=\"Aprendendo com Luna: Planeta Terra | O Show Da Luna | Discovery Kids Brasil\"\n\t\t\t\t\t\t    data-type=\"youtube\"  src=\"\" data-image=\"https:\/\/img.youtube.com\/vi\/Gi4CMGogRNs\/sddefault.jpg\"\n\t\t\t\t\t\t     data-thumb=\"https:\/\/img.youtube.com\/vi\/Gi4CMGogRNs\/mqdefault.jpg\"\n\t\t\t\t\t\t     title=\"\"\n\t\t\t\t\t\t     data-videoid=\"Gi4CMGogRNs\" style=\"display:none\">\n\n\t\t\t\t\t\t<img alt=\"Aurora Boreal \u2744\ufe0f\u2603\ufe0f | O Show da Luna! Clipe Musical 79 | Songs for Children &amp; Kids | Nursery Rhymes\"\n\t\t\t\t\t\t    data-type=\"youtube\"  src=\"\" data-image=\"https:\/\/img.youtube.com\/vi\/sHidxNTZX4w\/sddefault.jpg\"\n\t\t\t\t\t\t     data-thumb=\"https:\/\/img.youtube.com\/vi\/sHidxNTZX4w\/mqdefault.jpg\"\n\t\t\t\t\t\t     title=\"\"\n\t\t\t\t\t\t     data-videoid=\"sHidxNTZX4w\" style=\"display:none\">\n\n\t\t\t\t\t\t<img alt=\"Avi\u00e3o n\u00e3o \u00e9 Foguete \u2708\ud83d\ude80 | O Show da Luna! Epis\u00f3dio Completo 72 | Kids | Infantil | Nursery Rhymes\"\n\t\t\t\t\t\t    data-type=\"youtube\"  src=\"\" data-image=\"https:\/\/img.youtube.com\/vi\/yuUxU-ROi5Q\/sddefault.jpg\"\n\t\t\t\t\t\t     data-thumb=\"https:\/\/img.youtube.com\/vi\/yuUxU-ROi5Q\/mqdefault.jpg\"\n\t\t\t\t\t\t     title=\"\"\n\t\t\t\t\t\t     data-videoid=\"yuUxU-ROi5Q\" style=\"display:none\">\n\n\t\t\t\t\t\t<img alt=\"Via L\u00e1ctea \ud83d\udc69\u200d\ud83d\ude80\ud83d\udcab | O Show da Luna! Epis\u00f3dio Completo 73 | Kids | Infantil | Nursery Rhymes\"\n\t\t\t\t\t\t    data-type=\"youtube\"  src=\"\" data-image=\"https:\/\/img.youtube.com\/vi\/qe2FOsYJCzg\/sddefault.jpg\"\n\t\t\t\t\t\t     data-thumb=\"https:\/\/img.youtube.com\/vi\/qe2FOsYJCzg\/mqdefault.jpg\"\n\t\t\t\t\t\t     title=\"\"\n\t\t\t\t\t\t     data-videoid=\"qe2FOsYJCzg\" style=\"display:none\">\n\n\t\t\t\t\t\t<img alt=\"Buracos da Lua \ud83c\udf12 | O Show da Luna! Epis\u00f3dio Completo 32 | Kids | Infantil | Nursery Rhymes\"\n\t\t\t\t\t\t    data-type=\"youtube\"  src=\"\" data-image=\"https:\/\/img.youtube.com\/vi\/ZL3Dn9YPwJg\/sddefault.jpg\"\n\t\t\t\t\t\t     data-thumb=\"https:\/\/img.youtube.com\/vi\/ZL3Dn9YPwJg\/mqdefault.jpg\"\n\t\t\t\t\t\t     title=\"\"\n\t\t\t\t\t\t     data-videoid=\"ZL3Dn9YPwJg\" style=\"display:none\">\n\n\t\t\t\t\t\t<img alt=\"Desenhos do C\u00e9u \u2728\ud83d\udcab\ud83c\udf03 | O Show da Luna! Epis\u00f3dio Completo 28 | Kids | Infantil | Nursery Rhymes\"\n\t\t\t\t\t\t    data-type=\"youtube\"  src=\"\" data-image=\"https:\/\/img.youtube.com\/vi\/wOoKOzgZBew\/sddefault.jpg\"\n\t\t\t\t\t\t     data-thumb=\"https:\/\/img.youtube.com\/vi\/wOoKOzgZBew\/mqdefault.jpg\"\n\t\t\t\t\t\t     title=\"\"\n\t\t\t\t\t\t     data-videoid=\"wOoKOzgZBew\" style=\"display:none\">\n\n\t\t\t\t\t\t<img alt=\"O Grande Astro \ud83c\udf1e | O Show da Luna! Epis\u00f3dio Completo 42 | Segunda Temporada | Kids | Infantil\"\n\t\t\t\t\t\t    data-type=\"youtube\"  src=\"\" data-image=\"https:\/\/img.youtube.com\/vi\/nJV4JFWbVg8\/sddefault.jpg\"\n\t\t\t\t\t\t     data-thumb=\"https:\/\/img.youtube.com\/vi\/nJV4JFWbVg8\/mqdefault.jpg\"\n\t\t\t\t\t\t     title=\"\"\n\t\t\t\t\t\t     data-videoid=\"nJV4JFWbVg8\" style=\"display:none\">\n\n\t\t\t\t\t\t<img alt=\"Sol vai, noite vem! \ud83c\udf1e\ud83c\udf1b | O Show da Luna! Epis\u00f3dio Completo 24 | Primeira Temporada | Kids | Infantil\"\n\t\t\t\t\t\t    data-type=\"youtube\"  src=\"\" data-image=\"https:\/\/img.youtube.com\/vi\/nnbCMqnvvy8\/sddefault.jpg\"\n\t\t\t\t\t\t     data-thumb=\"https:\/\/img.youtube.com\/vi\/nnbCMqnvvy8\/mqdefault.jpg\"\n\t\t\t\t\t\t     title=\"\"\n\t\t\t\t\t\t     data-videoid=\"nnbCMqnvvy8\" style=\"display:none\">\n\n\t\t\t\t\t\t<img alt=\"Pra baixo ou pra cima \ud83c\udf0e\u2195 | O Show da Luna! Epis\u00f3dio Completo 21 | Primeira Temporada | Kids Infantil\"\n\t\t\t\t\t\t    data-type=\"youtube\"  src=\"\" data-image=\"https:\/\/img.youtube.com\/vi\/qGSnuo83vHY\/sddefault.jpg\"\n\t\t\t\t\t\t     data-thumb=\"https:\/\/img.youtube.com\/vi\/qGSnuo83vHY\/mqdefault.jpg\"\n\t\t\t\t\t\t     title=\"\"\n\t\t\t\t\t\t     data-videoid=\"qGSnuo83vHY\" style=\"display:none\">\n\n\t\t\t\t\t\t<img alt=\"O Rastro da Estrela \u2604 | O Show da Luna! Epis\u00f3dio Completo 17 | Primeira Temporada | Kids | Infantil\"\n\t\t\t\t\t\t    data-type=\"youtube\"  src=\"\" data-image=\"https:\/\/img.youtube.com\/vi\/Tz5qQVhKEUs\/sddefault.jpg\"\n\t\t\t\t\t\t     data-thumb=\"https:\/\/img.youtube.com\/vi\/Tz5qQVhKEUs\/mqdefault.jpg\"\n\t\t\t\t\t\t     title=\"\"\n\t\t\t\t\t\t     data-videoid=\"Tz5qQVhKEUs\" style=\"display:none\">\n\t\t\t<\/div>\n\n\t\t\t<script type='text\/javascript'>\n\t\t\t\twindow.onload = function(e) {\n\t\t\t\t\tif(typeof ugCheckForErrors == \"undefined\"){\n\t\t\t\t\t\tdocument.getElementById(\"unitegallery_1_1\").innerHTML = \"<span style='color:red'>Unite Gallery Error - gallery js and css files not included in the footer. Please make sure that wp_footer() function is added to your theme.<\/span>\";}\n\t\t\t\t\telse{ ugCheckForErrors(\"unitegallery_1_1\", \"jquery\");}\n\t\t\t\t};\n\t\t\t<\/script>\n\n\t\t\t<!-- END UNITEGALLERY --><\/p>\n\n\n\n<div style=\"height:40px\" aria-hidden=\"true\" class=\"wp-block-spacer\"><\/div>\n\n\n\n<p>Para ter acesso a <strong>mais atividades<\/strong>, o bot\u00e3o abaixo te direcionar\u00e1 para as p\u00e1ginas de outras a\u00e7\u00f5es que possam te interessar:<\/p>\n\n\n\n<div class=\"wp-block-buttons aligncenter is-layout-flex wp-block-buttons-is-layout-flex\">\n<div class=\"wp-block-button\"><a class=\"wp-block-button__link has-text-color has-very-light-gray-color has-background has-luminous-vivid-orange-background-color\" href=\"http:\/\/www.pb.utfpr.edu.br\/geastro\/?page_id=10380\" target=\"_blank\" rel=\"noreferrer noopener\">OUTRAS A\u00c7\u00d5ES<\/a><\/div>\n<\/div>\n","protected":false},"excerpt":{"rendered":"<p>Como parte do projeto &#8220;Divulgando Astronomia atrav\u00e9s das M\u00eddias Digitais&#8221;, a a\u00e7\u00e3o &#8220;Brincando e aprendendo sobre Astronomia e Astron\u00e1utica&#8221; tem como seu objetivo disponibilizar atividades l\u00fadicas voltadas ao ensino da Astronomia e Astron\u00e1utica, para serem reproduzidas pelas crian\u00e7as em conjunto com suas fam\u00edlias, fazendo uso de materiais de baixo custo e f\u00e1cil acesso. Nesta p\u00e1gina voc\u00ea poder\u00e1 encontrar atividades, v\u00eddeos educativos e diversas outras a\u00e7\u00f5es que podem garantir muitas horas de divers\u00e3o e educa\u00e7\u00e3o para toda a fam\u00edlia! Nos bot\u00f5es abaixo, voc\u00ea poder\u00e1 encontrar e baixar atividades voltadas a todas as idades: V\u00eddeos interessantes sobre o tema: Para ter acesso a mais atividades, o bot\u00e3o abaixo te direcionar\u00e1 para as p\u00e1ginas de outras a\u00e7\u00f5es que possam te interessar:<\/p>\n","protected":false},"author":1,"featured_media":0,"parent":0,"menu_order":0,"comment_status":"closed","ping_status":"closed","template":"","meta":{"sfsi_plus_gutenberg_text_before_share":"","sfsi_plus_gutenberg_show_text_before_share":"","sfsi_plus_gutenberg_icon_type":"","sfsi_plus_gutenberg_icon_alignemt":"","sfsi_plus_gutenburg_max_per_row":"","footnotes":""},"coauthors":[],"class_list":["post-10728","page","type-page","status-publish","hentry"],"yoast_head":"<!-- This site is optimized with the Yoast SEO plugin v22.8 - https:\/\/yoast.com\/wordpress\/plugins\/seo\/ -->\n<title>Brincando e aprendendo sobre Astronomia e Astron\u00e1utica - GEAstro<\/title>\n<meta name=\"robots\" content=\"index, follow, max-snippet:-1, max-image-preview:large, max-video-preview:-1\" \/>\n<link rel=\"canonical\" href=\"https:\/\/www.pb.utfpr.edu.br\/geastro\/?page_id=10728\" \/>\n<meta property=\"og:locale\" content=\"pt_BR\" \/>\n<meta property=\"og:type\" content=\"article\" \/>\n<meta property=\"og:title\" content=\"Brincando e aprendendo sobre Astronomia e Astron\u00e1utica - GEAstro\" \/>\n<meta property=\"og:description\" content=\"Como parte do projeto &#8220;Divulgando Astronomia atrav\u00e9s das M\u00eddias Digitais&#8221;, a a\u00e7\u00e3o &#8220;Brincando e aprendendo sobre Astronomia e Astron\u00e1utica&#8221; tem como seu objetivo disponibilizar atividades l\u00fadicas voltadas ao ensino da Astronomia e Astron\u00e1utica, para serem reproduzidas pelas crian\u00e7as em conjunto com suas fam\u00edlias, fazendo uso de materiais de baixo custo e f\u00e1cil acesso. Nesta p\u00e1gina voc\u00ea poder\u00e1 encontrar atividades, v\u00eddeos educativos e diversas outras a\u00e7\u00f5es que podem garantir muitas horas de divers\u00e3o e educa\u00e7\u00e3o para toda a fam\u00edlia! Nos bot\u00f5es abaixo, voc\u00ea poder\u00e1 encontrar e baixar atividades voltadas a todas as idades: V\u00eddeos interessantes sobre o tema: Para ter acesso a mais atividades, o bot\u00e3o abaixo te direcionar\u00e1 para as p\u00e1ginas de outras a\u00e7\u00f5es que possam te interessar:\" \/>\n<meta property=\"og:url\" content=\"https:\/\/www.pb.utfpr.edu.br\/geastro\/?page_id=10728\" \/>\n<meta property=\"og:site_name\" content=\"GEAstro\" \/>\n<meta property=\"article:modified_time\" content=\"2020-05-18T19:32:21+00:00\" \/>\n<meta name=\"twitter:card\" content=\"summary_large_image\" \/>\n<meta name=\"twitter:label1\" content=\"Est. tempo de leitura\" \/>\n\t<meta name=\"twitter:data1\" content=\"1 minuto\" \/>\n\t<meta name=\"twitter:label2\" content=\"Written by\" \/>\n\t<meta name=\"twitter:data2\" content=\"GEAstro\" \/>\n<script type=\"application\/ld+json\" class=\"yoast-schema-graph\">{\"@context\":\"https:\/\/schema.org\",\"@graph\":[{\"@type\":\"WebPage\",\"@id\":\"https:\/\/www.pb.utfpr.edu.br\/geastro\/?page_id=10728\",\"url\":\"https:\/\/www.pb.utfpr.edu.br\/geastro\/?page_id=10728\",\"name\":\"Brincando e aprendendo sobre Astronomia e Astron\u00e1utica - GEAstro\",\"isPartOf\":{\"@id\":\"https:\/\/www.pb.utfpr.edu.br\/geastro\/#website\"},\"datePublished\":\"2020-05-04T00:09:54+00:00\",\"dateModified\":\"2020-05-18T19:32:21+00:00\",\"breadcrumb\":{\"@id\":\"https:\/\/www.pb.utfpr.edu.br\/geastro\/?page_id=10728#breadcrumb\"},\"inLanguage\":\"pt-BR\",\"potentialAction\":[{\"@type\":\"ReadAction\",\"target\":[\"https:\/\/www.pb.utfpr.edu.br\/geastro\/?page_id=10728\"]}]},{\"@type\":\"BreadcrumbList\",\"@id\":\"https:\/\/www.pb.utfpr.edu.br\/geastro\/?page_id=10728#breadcrumb\",\"itemListElement\":[{\"@type\":\"ListItem\",\"position\":1,\"name\":\"In\u00edcio\",\"item\":\"https:\/\/www.pb.utfpr.edu.br\/geastro\"},{\"@type\":\"ListItem\",\"position\":2,\"name\":\"Brincando e aprendendo sobre Astronomia e Astron\u00e1utica\"}]},{\"@type\":\"WebSite\",\"@id\":\"https:\/\/www.pb.utfpr.edu.br\/geastro\/#website\",\"url\":\"https:\/\/www.pb.utfpr.edu.br\/geastro\/\",\"name\":\"GEAstro\",\"description\":\"Grupo de Estudos, pesquisa, extens\u00e3o e inova\u00e7\u00e3o em Astronomia\",\"potentialAction\":[{\"@type\":\"SearchAction\",\"target\":{\"@type\":\"EntryPoint\",\"urlTemplate\":\"https:\/\/www.pb.utfpr.edu.br\/geastro\/?s={search_term_string}\"},\"query-input\":\"required name=search_term_string\"}],\"inLanguage\":\"pt-BR\"}]}<\/script>\n<!-- \/ Yoast SEO plugin. -->","yoast_head_json":{"title":"Brincando e aprendendo sobre Astronomia e Astron\u00e1utica - GEAstro","robots":{"index":"index","follow":"follow","max-snippet":"max-snippet:-1","max-image-preview":"max-image-preview:large","max-video-preview":"max-video-preview:-1"},"canonical":"https:\/\/www.pb.utfpr.edu.br\/geastro\/?page_id=10728","og_locale":"pt_BR","og_type":"article","og_title":"Brincando e aprendendo sobre Astronomia e Astron\u00e1utica - GEAstro","og_description":"Como parte do projeto &#8220;Divulgando Astronomia atrav\u00e9s das M\u00eddias Digitais&#8221;, a a\u00e7\u00e3o &#8220;Brincando e aprendendo sobre Astronomia e Astron\u00e1utica&#8221; tem como seu objetivo disponibilizar atividades l\u00fadicas voltadas ao ensino da Astronomia e Astron\u00e1utica, para serem reproduzidas pelas crian\u00e7as em conjunto com suas fam\u00edlias, fazendo uso de materiais de baixo custo e f\u00e1cil acesso. Nesta p\u00e1gina voc\u00ea poder\u00e1 encontrar atividades, v\u00eddeos educativos e diversas outras a\u00e7\u00f5es que podem garantir muitas horas de divers\u00e3o e educa\u00e7\u00e3o para toda a fam\u00edlia! Nos bot\u00f5es abaixo, voc\u00ea poder\u00e1 encontrar e baixar atividades voltadas a todas as idades: V\u00eddeos interessantes sobre o tema: Para ter acesso a mais atividades, o bot\u00e3o abaixo te direcionar\u00e1 para as p\u00e1ginas de outras a\u00e7\u00f5es que possam te interessar:","og_url":"https:\/\/www.pb.utfpr.edu.br\/geastro\/?page_id=10728","og_site_name":"GEAstro","article_modified_time":"2020-05-18T19:32:21+00:00","twitter_card":"summary_large_image","twitter_misc":{"Est. tempo de leitura":"1 minuto","Written by":"GEAstro"},"schema":{"@context":"https:\/\/schema.org","@graph":[{"@type":"WebPage","@id":"https:\/\/www.pb.utfpr.edu.br\/geastro\/?page_id=10728","url":"https:\/\/www.pb.utfpr.edu.br\/geastro\/?page_id=10728","name":"Brincando e aprendendo sobre Astronomia e Astron\u00e1utica - GEAstro","isPartOf":{"@id":"https:\/\/www.pb.utfpr.edu.br\/geastro\/#website"},"datePublished":"2020-05-04T00:09:54+00:00","dateModified":"2020-05-18T19:32:21+00:00","breadcrumb":{"@id":"https:\/\/www.pb.utfpr.edu.br\/geastro\/?page_id=10728#breadcrumb"},"inLanguage":"pt-BR","potentialAction":[{"@type":"ReadAction","target":["https:\/\/www.pb.utfpr.edu.br\/geastro\/?page_id=10728"]}]},{"@type":"BreadcrumbList","@id":"https:\/\/www.pb.utfpr.edu.br\/geastro\/?page_id=10728#breadcrumb","itemListElement":[{"@type":"ListItem","position":1,"name":"In\u00edcio","item":"https:\/\/www.pb.utfpr.edu.br\/geastro"},{"@type":"ListItem","position":2,"name":"Brincando e aprendendo sobre Astronomia e Astron\u00e1utica"}]},{"@type":"WebSite","@id":"https:\/\/www.pb.utfpr.edu.br\/geastro\/#website","url":"https:\/\/www.pb.utfpr.edu.br\/geastro\/","name":"GEAstro","description":"Grupo de Estudos, pesquisa, extens\u00e3o e inova\u00e7\u00e3o em Astronomia","potentialAction":[{"@type":"SearchAction","target":{"@type":"EntryPoint","urlTemplate":"https:\/\/www.pb.utfpr.edu.br\/geastro\/?s={search_term_string}"},"query-input":"required name=search_term_string"}],"inLanguage":"pt-BR"}]}},"jetpack_sharing_enabled":true,"_links":{"self":[{"href":"https:\/\/www.pb.utfpr.edu.br\/geastro\/index.php?rest_route=\/wp\/v2\/pages\/10728"}],"collection":[{"href":"https:\/\/www.pb.utfpr.edu.br\/geastro\/index.php?rest_route=\/wp\/v2\/pages"}],"about":[{"href":"https:\/\/www.pb.utfpr.edu.br\/geastro\/index.php?rest_route=\/wp\/v2\/types\/page"}],"author":[{"embeddable":true,"href":"https:\/\/www.pb.utfpr.edu.br\/geastro\/index.php?rest_route=\/wp\/v2\/users\/1"}],"replies":[{"embeddable":true,"href":"https:\/\/www.pb.utfpr.edu.br\/geastro\/index.php?rest_route=%2Fwp%2Fv2%2Fcomments&post=10728"}],"version-history":[{"count":6,"href":"https:\/\/www.pb.utfpr.edu.br\/geastro\/index.php?rest_route=\/wp\/v2\/pages\/10728\/revisions"}],"predecessor-version":[{"id":10804,"href":"https:\/\/www.pb.utfpr.edu.br\/geastro\/index.php?rest_route=\/wp\/v2\/pages\/10728\/revisions\/10804"}],"wp:attachment":[{"href":"https:\/\/www.pb.utfpr.edu.br\/geastro\/index.php?rest_route=%2Fwp%2Fv2%2Fmedia&parent=10728"}],"wp:term":[{"taxonomy":"author","embeddable":true,"href":"https:\/\/www.pb.utfpr.edu.br\/geastro\/index.php?rest_route=%2Fwp%2Fv2%2Fcoauthors&post=10728"}],"curies":[{"name":"wp","href":"https:\/\/api.w.org\/{rel}","templated":true}]}}