{"id":10964,"date":"2020-10-23T14:10:35","date_gmt":"2020-10-23T17:10:35","guid":{"rendered":"http:\/\/www.pb.utfpr.edu.br\/geastro\/?page_id=10964"},"modified":"2023-11-09T11:51:11","modified_gmt":"2023-11-09T14:51:11","slug":"geastro-no-tecsul","status":"publish","type":"page","link":"https:\/\/www.pb.utfpr.edu.br\/geastro\/?page_id=10964","title":{"rendered":"GEAstro no TecSul"},"content":{"rendered":"\n<p>Abaixo seguem os editais e formul\u00e1rios de inscri\u00e7\u00e3o para as competi\u00e7\u00f5es oferecidas pelo GEAstro no TecSul 2020.<\/p>\n\n\n\n<div style=\"height:100px\" aria-hidden=\"true\" class=\"wp-block-spacer\"><\/div>\n\n\n\n<h3 class=\"wp-block-heading\">CONCURSO ASTROKIDS<\/h3>\n\n\n\n<p>O AstroKids visa aplicar e integrar conhecimentos adquiridos em Astronomia, F\u00edsica, Astron\u00e1utica e nas mais variadas disciplinas das institui\u00e7\u00f5es de Ensino Fundamental e Ensino M\u00e9dio brasileiras, atrav\u00e9s da elabora\u00e7\u00e3o de atividade did\u00e1tica abordando a tem\u00e1tica da Astronomia, da Astron\u00e1utica e das Ci\u00eancias Espaciais.<\/p>\n\n\n\n<div class=\"wp-block-buttons is-content-justification-center is-layout-flex wp-container-core-buttons-is-layout-1 wp-block-buttons-is-layout-flex\">\n<div class=\"wp-block-button\"><a class=\"wp-block-button__link has-vivid-red-color has-cyan-bluish-gray-background-color has-text-color has-background wp-element-button\" href=\"https:\/\/drive.google.com\/file\/d\/151laGQN1Ktd2lQz9rQhEgMTEoZQoZ3Vl\/view?usp=sharing\"><s>REGULAMENTO &#8211; ASTROKIDS<\/s><\/a><\/div>\n<\/div>\n\n\n\n<div class=\"wp-block-buttons is-content-justification-center is-layout-flex wp-container-core-buttons-is-layout-2 wp-block-buttons-is-layout-flex\">\n<div class=\"wp-block-button\"><a class=\"wp-block-button__link has-very-light-gray-color has-vivid-cyan-blue-background-color has-text-color has-background wp-element-button\" href=\"https:\/\/drive.google.com\/file\/d\/18fPYCAkIMb_sjARrx8vFSSlzeluM8qe3\/view?usp=sharing\">REGULAMENTO &#8211; ASTROKIDS (RETIFICADO)<\/a><\/div>\n<\/div>\n\n\n\n<div class=\"wp-block-buttons is-content-justification-center is-layout-flex wp-container-core-buttons-is-layout-3 wp-block-buttons-is-layout-flex\">\n<div class=\"wp-block-button\"><a class=\"wp-block-button__link has-very-light-gray-color has-vivid-cyan-blue-background-color has-text-color has-background wp-element-button\" href=\"https:\/\/forms.gle\/JbHZHQSYQ7AQZSbs9\">INSCRI\u00c7\u00d5ES &#8211; ASTROKIDS<\/a><\/div>\n<\/div>\n\n\n\n<div style=\"height:100px\" aria-hidden=\"true\" class=\"wp-block-spacer\"><\/div>\n\n\n\n<h3 class=\"wp-block-heading\">COMPETI\u00c7\u00c3O DE LAN\u00c7AMENTO DE FOGUETES DID\u00c1TICOS<\/h3>\n\n\n\n<p>A Competi\u00e7\u00e3o de Lan\u00e7amento de Foguetes Did\u00e1ticos, promovido pelo GEAstro \u2013 Grupo de Estudos, Pesquisa, Extens\u00e3o e Inova\u00e7\u00e3o em Astronomia\u2013 do Campus Pato Branco da UTFPR e pela Secretaria de Ci\u00eancia, Tecnologia e Inova\u00e7\u00e3o da Prefeitura Municipal de Pato Branco, visa aplicar e integrar conhecimentos adquiridos em Astronomia, F\u00edsica, Astron\u00e1utica e nas mais variadas disciplinas das institui\u00e7\u00f5es de Ensino Fundamental e B\u00e1sico do estado do Paran\u00e1, atrav\u00e9s da atua\u00e7\u00e3o e elabora\u00e7\u00e3o do projeto, constru\u00e7\u00e3o e participa\u00e7\u00e3o da competi\u00e7\u00e3o de lan\u00e7amento de foguetes, utilizando materiais recicl\u00e1veis.<\/p>\n\n\n\n<div class=\"wp-block-buttons is-content-justification-center is-layout-flex wp-container-core-buttons-is-layout-4 wp-block-buttons-is-layout-flex\">\n<div class=\"wp-block-button\"><a class=\"wp-block-button__link has-vivid-red-color has-cyan-bluish-gray-background-color has-text-color has-background wp-element-button\" href=\"https:\/\/drive.google.com\/file\/d\/152qYl7kbdZ83RGR3rhD_Omp3AyL10Lx3\/view?usp=sharing\"><s>REGULAMENTO &#8211; LAN\u00c7AMENTO DE FOGUETES<\/s><\/a><\/div>\n\n\n\n<div class=\"wp-block-button\"><a class=\"wp-block-button__link has-very-light-gray-color has-vivid-cyan-blue-background-color has-text-color has-background wp-element-button\" href=\"https:\/\/drive.google.com\/file\/d\/18fYXUBFcLJ2bvYwKpMrGESi2rX64UCiP\/view?usp=sharing\">REGULAMENTO &#8211; LAN\u00c7AMENTO DE FOGUETES (RETIFICADO)<\/a><\/div>\n<\/div>\n\n\n\n<div class=\"wp-block-buttons is-content-justification-center is-layout-flex wp-container-core-buttons-is-layout-5 wp-block-buttons-is-layout-flex\">\n<div class=\"wp-block-button\"><a class=\"wp-block-button__link has-very-light-gray-color has-vivid-cyan-blue-background-color has-text-color has-background wp-element-button\" href=\"https:\/\/forms.gle\/puDZSd6FhSLTJTED8\">INSCRI\u00c7\u00d5ES &#8211; LAN\u00c7AMENTO DE FOGUETES<\/a><\/div>\n<\/div>\n\n\n\n<div style=\"height:100px\" aria-hidden=\"true\" class=\"wp-block-spacer\"><\/div>\n\n\n\n<h3 class=\"wp-block-heading\">CONCURSO CRIE SUA CONSTELA\u00c7\u00c3O<\/h3>\n\n\n\n<p>A Competi\u00e7\u00e3o Crie sua Constela\u00e7\u00e3o tem como objetivo a cria\u00e7\u00e3o em forma de desenho de uma constela\u00e7\u00e3o baseada em uma fra\u00e7\u00e3o do c\u00e9u obtida pelo Stellarium e a produ\u00e7\u00e3o da hist\u00f3ria dessa constela\u00e7\u00e3o, aplicando-se \u00e0 diferentes n\u00edveis, com o intuito de despertar o interesse dos participantes pelo tema abordado e desenvolver a criatividade dos mesmos.<\/p>\n\n\n\n<div class=\"wp-block-buttons is-content-justification-center is-layout-flex wp-container-core-buttons-is-layout-6 wp-block-buttons-is-layout-flex\">\n<div class=\"wp-block-button\"><a class=\"wp-block-button__link has-vivid-red-color has-cyan-bluish-gray-background-color has-text-color has-background wp-element-button\" href=\"https:\/\/drive.google.com\/file\/d\/13s01u4xSBSUNLTOPG0Uxu5I2zjd7gN7Y\/view?usp=sharing\"><s>REGULAMENTO &#8211; CRIE SUA CONSTELA\u00c7\u00c3O<\/s><\/a><\/div>\n<\/div>\n\n\n\n<div class=\"wp-block-buttons is-content-justification-center is-layout-flex wp-container-core-buttons-is-layout-7 wp-block-buttons-is-layout-flex\">\n<div class=\"wp-block-button\"><a class=\"wp-block-button__link has-very-light-gray-color has-vivid-cyan-blue-background-color has-text-color has-background wp-element-button\" href=\"https:\/\/drive.google.com\/file\/d\/18fcLzLXOYHrV-oo7e6IsLylL39VfBMDf\/view?usp=sharing\">REGULAMENTO &#8211; CRIE SUA CONSTELA\u00c7\u00c3O (RETIFICADO)<\/a><\/div>\n<\/div>\n\n\n\n<div class=\"wp-block-buttons is-content-justification-center is-layout-flex wp-container-core-buttons-is-layout-8 wp-block-buttons-is-layout-flex\">\n<div class=\"wp-block-button\"><a class=\"wp-block-button__link has-very-light-gray-color has-vivid-cyan-blue-background-color has-text-color has-background wp-element-button\" href=\"https:\/\/forms.gle\/WHFXJwt948edVCHU9\">INSCRI\u00c7\u00d5ES &#8211; CRIE SUA CONSTELA\u00c7\u00c3O<\/a><\/div>\n<\/div>\n\n\n\n<div style=\"height:100px\" aria-hidden=\"true\" class=\"wp-block-spacer\"><\/div>\n\n\n\n<h3 class=\"wp-block-heading\">CONCURSO DE ASTROFOTOGRAFIAS<\/h3>\n\n\n\n<p>O Concurso de Astrofotografias tem por objetivo disponibilizar um espa\u00e7o de reconhecimento para os fot\u00f3grafos apaixonados pelo nosso C\u00e9u.<\/p>\n\n\n\n<div class=\"wp-block-buttons is-content-justification-center is-layout-flex wp-container-core-buttons-is-layout-9 wp-block-buttons-is-layout-flex\">\n<div class=\"wp-block-button\"><a class=\"wp-block-button__link has-vivid-red-color has-cyan-bluish-gray-background-color has-text-color has-background wp-element-button\" href=\"https:\/\/drive.google.com\/file\/d\/13mWrZyEjrjcJ7acW7Ki6uMZdxC9oFOeY\/view?usp=sharing\"><s>REGULAMENTO &#8211; ASTROFOTOGRAFIA<\/s><\/a><\/div>\n<\/div>\n\n\n\n<div class=\"wp-block-buttons is-content-justification-center is-layout-flex wp-container-core-buttons-is-layout-10 wp-block-buttons-is-layout-flex\">\n<div class=\"wp-block-button\"><a class=\"wp-block-button__link has-very-light-gray-color has-vivid-cyan-blue-background-color has-text-color has-background wp-element-button\" href=\"https:\/\/drive.google.com\/file\/d\/15kw6uoDKdt5FPQuVlqhc-FAyO5y8Ar2G\/view?usp=sharing\">REGULAMENTO &#8211; ASTROFOTOGRAFIA (RETIFICADO)<\/a><\/div>\n<\/div>\n\n\n\n<div class=\"wp-block-buttons is-content-justification-center is-layout-flex wp-container-core-buttons-is-layout-11 wp-block-buttons-is-layout-flex\">\n<div class=\"wp-block-button\"><a class=\"wp-block-button__link has-vivid-red-color has-cyan-bluish-gray-background-color has-text-color has-background wp-element-button\" href=\".\"><s>INSCRI\u00c7\u00d5ES &#8211; ASTROFOTOGRAFIAS (ENCERRADO)<\/s><\/a><\/div>\n<\/div>\n\n\n\n<div style=\"height:100px\" aria-hidden=\"true\" class=\"wp-block-spacer\"><\/div>\n\n\n\n<h3 class=\"wp-block-heading\">COMPETI\u00c7\u00c3O QUIZTELA\u00c7\u00d5ES<\/h3>\n\n\n\n<p>A Competi\u00e7\u00e3o Crie sua Constela\u00e7\u00e3o tem como objetivo a cria\u00e7\u00e3o em forma de desenho de uma constela\u00e7\u00e3o baseada em uma fra\u00e7\u00e3o do c\u00e9u obtida pelo Stellarium e a produ\u00e7\u00e3o da hist\u00f3ria dessa constela\u00e7\u00e3o, aplicando-se \u00e0 diferentes n\u00edveis, com o intuito de despertar o interesse dos participantes pelo tema abordado e desenvolver a criatividade dos mesmos.<\/p>\n\n\n\n<div class=\"wp-block-buttons is-content-justification-center is-layout-flex wp-container-core-buttons-is-layout-12 wp-block-buttons-is-layout-flex\">\n<div class=\"wp-block-button\"><a class=\"wp-block-button__link has-very-light-gray-color has-vivid-cyan-blue-background-color has-text-color has-background wp-element-button\" href=\"https:\/\/drive.google.com\/file\/d\/13rNAkjR3PeNIfBe7wXTKVwRAafutDqJG\/view?usp=sharing\">REGULAMENTO &#8211; QUIZTELA\u00c7\u00d5ES<\/a><\/div>\n<\/div>\n\n\n\n<div class=\"wp-block-buttons is-content-justification-center is-layout-flex wp-container-core-buttons-is-layout-13 wp-block-buttons-is-layout-flex\">\n<div class=\"wp-block-button\"><a class=\"wp-block-button__link has-vivid-red-color has-cyan-bluish-gray-background-color has-text-color has-background wp-element-button\" href=\".\"><s>INSCRI\u00c7\u00d5ES &#8211; QUIZTELA\u00c7\u00d5ES (ENCERRADOS)<\/s><\/a><\/div>\n<\/div>\n","protected":false},"excerpt":{"rendered":"<p>Abaixo seguem os editais e formul\u00e1rios de inscri\u00e7\u00e3o para as competi\u00e7\u00f5es oferecidas pelo GEAstro no TecSul 2020. CONCURSO ASTROKIDS O AstroKids visa aplicar e integrar conhecimentos adquiridos em Astronomia, F\u00edsica, Astron\u00e1utica e nas mais variadas disciplinas das institui\u00e7\u00f5es de Ensino Fundamental e Ensino M\u00e9dio brasileiras, atrav\u00e9s da elabora\u00e7\u00e3o de atividade did\u00e1tica abordando a tem\u00e1tica da Astronomia, da Astron\u00e1utica e das Ci\u00eancias Espaciais. COMPETI\u00c7\u00c3O DE LAN\u00c7AMENTO DE FOGUETES DID\u00c1TICOS A Competi\u00e7\u00e3o de Lan\u00e7amento de Foguetes Did\u00e1ticos, promovido pelo GEAstro \u2013 Grupo de Estudos, Pesquisa, Extens\u00e3o e Inova\u00e7\u00e3o em Astronomia\u2013 do Campus Pato Branco da UTFPR e pela Secretaria de Ci\u00eancia, Tecnologia e Inova\u00e7\u00e3o da Prefeitura Municipal de Pato Branco, visa aplicar e integrar conhecimentos adquiridos em Astronomia, F\u00edsica, Astron\u00e1utica e nas mais variadas disciplinas das institui\u00e7\u00f5es de Ensino Fundamental e B\u00e1sico do estado do Paran\u00e1, atrav\u00e9s da atua\u00e7\u00e3o e elabora\u00e7\u00e3o do projeto, constru\u00e7\u00e3o e participa\u00e7\u00e3o da competi\u00e7\u00e3o de lan\u00e7amento de foguetes, utilizando materiais recicl\u00e1veis. CONCURSO CRIE SUA CONSTELA\u00c7\u00c3O A Competi\u00e7\u00e3o Crie sua Constela\u00e7\u00e3o tem como objetivo a cria\u00e7\u00e3o em forma de desenho de uma constela\u00e7\u00e3o baseada em uma fra\u00e7\u00e3o do c\u00e9u obtida pelo Stellarium e a produ\u00e7\u00e3o da hist\u00f3ria dessa constela\u00e7\u00e3o, aplicando-se \u00e0 diferentes n\u00edveis, com o intuito de despertar o interesse dos participantes pelo tema abordado e desenvolver a criatividade dos mesmos. CONCURSO DE ASTROFOTOGRAFIAS O Concurso de Astrofotografias tem por objetivo disponibilizar um espa\u00e7o de reconhecimento para os fot\u00f3grafos apaixonados pelo nosso C\u00e9u. COMPETI\u00c7\u00c3O QUIZTELA\u00c7\u00d5ES A Competi\u00e7\u00e3o Crie sua Constela\u00e7\u00e3o tem como objetivo a cria\u00e7\u00e3o em forma de desenho de uma constela\u00e7\u00e3o baseada em uma fra\u00e7\u00e3o do c\u00e9u obtida pelo Stellarium e a produ\u00e7\u00e3o da hist\u00f3ria dessa constela\u00e7\u00e3o, aplicando-se \u00e0 diferentes n\u00edveis, com o intuito de despertar o interesse dos participantes pelo tema abordado e desenvolver a criatividade dos mesmos.<\/p>\n","protected":false},"author":1,"featured_media":0,"parent":0,"menu_order":0,"comment_status":"closed","ping_status":"closed","template":"","meta":{"sfsi_plus_gutenberg_text_before_share":"","sfsi_plus_gutenberg_show_text_before_share":"","sfsi_plus_gutenberg_icon_type":"","sfsi_plus_gutenberg_icon_alignemt":"","sfsi_plus_gutenburg_max_per_row":"","footnotes":""},"coauthors":[81],"class_list":["post-10964","page","type-page","status-publish","hentry"],"yoast_head":"<!-- This site is optimized with the Yoast SEO plugin v22.8 - https:\/\/yoast.com\/wordpress\/plugins\/seo\/ -->\n<title>GEAstro no TecSul - GEAstro<\/title>\n<meta name=\"robots\" content=\"index, follow, max-snippet:-1, max-image-preview:large, max-video-preview:-1\" \/>\n<link rel=\"canonical\" href=\"https:\/\/www.pb.utfpr.edu.br\/geastro\/?page_id=10964\" \/>\n<meta property=\"og:locale\" content=\"pt_BR\" \/>\n<meta property=\"og:type\" content=\"article\" \/>\n<meta property=\"og:title\" content=\"GEAstro no TecSul - GEAstro\" \/>\n<meta property=\"og:description\" content=\"Abaixo seguem os editais e formul\u00e1rios de inscri\u00e7\u00e3o para as competi\u00e7\u00f5es oferecidas pelo GEAstro no TecSul 2020. CONCURSO ASTROKIDS O AstroKids visa aplicar e integrar conhecimentos adquiridos em Astronomia, F\u00edsica, Astron\u00e1utica e nas mais variadas disciplinas das institui\u00e7\u00f5es de Ensino Fundamental e Ensino M\u00e9dio brasileiras, atrav\u00e9s da elabora\u00e7\u00e3o de atividade did\u00e1tica abordando a tem\u00e1tica da Astronomia, da Astron\u00e1utica e das Ci\u00eancias Espaciais. COMPETI\u00c7\u00c3O DE LAN\u00c7AMENTO DE FOGUETES DID\u00c1TICOS A Competi\u00e7\u00e3o de Lan\u00e7amento de Foguetes Did\u00e1ticos, promovido pelo GEAstro \u2013 Grupo de Estudos, Pesquisa, Extens\u00e3o e Inova\u00e7\u00e3o em Astronomia\u2013 do Campus Pato Branco da UTFPR e pela Secretaria de Ci\u00eancia, Tecnologia e Inova\u00e7\u00e3o da Prefeitura Municipal de Pato Branco, visa aplicar e integrar conhecimentos adquiridos em Astronomia, F\u00edsica, Astron\u00e1utica e nas mais variadas disciplinas das institui\u00e7\u00f5es de Ensino Fundamental e B\u00e1sico do estado do Paran\u00e1, atrav\u00e9s da atua\u00e7\u00e3o e elabora\u00e7\u00e3o do projeto, constru\u00e7\u00e3o e participa\u00e7\u00e3o da competi\u00e7\u00e3o de lan\u00e7amento de foguetes, utilizando materiais recicl\u00e1veis. CONCURSO CRIE SUA CONSTELA\u00c7\u00c3O A Competi\u00e7\u00e3o Crie sua Constela\u00e7\u00e3o tem como objetivo a cria\u00e7\u00e3o em forma de desenho de uma constela\u00e7\u00e3o baseada em uma fra\u00e7\u00e3o do c\u00e9u obtida pelo Stellarium e a produ\u00e7\u00e3o da hist\u00f3ria dessa constela\u00e7\u00e3o, aplicando-se \u00e0 diferentes n\u00edveis, com o intuito de despertar o interesse dos participantes pelo tema abordado e desenvolver a criatividade dos mesmos. CONCURSO DE ASTROFOTOGRAFIAS O Concurso de Astrofotografias tem por objetivo disponibilizar um espa\u00e7o de reconhecimento para os fot\u00f3grafos apaixonados pelo nosso C\u00e9u. COMPETI\u00c7\u00c3O QUIZTELA\u00c7\u00d5ES A Competi\u00e7\u00e3o Crie sua Constela\u00e7\u00e3o tem como objetivo a cria\u00e7\u00e3o em forma de desenho de uma constela\u00e7\u00e3o baseada em uma fra\u00e7\u00e3o do c\u00e9u obtida pelo Stellarium e a produ\u00e7\u00e3o da hist\u00f3ria dessa constela\u00e7\u00e3o, aplicando-se \u00e0 diferentes n\u00edveis, com o intuito de despertar o interesse dos participantes pelo tema abordado e desenvolver a criatividade dos mesmos.\" \/>\n<meta property=\"og:url\" content=\"https:\/\/www.pb.utfpr.edu.br\/geastro\/?page_id=10964\" \/>\n<meta property=\"og:site_name\" content=\"GEAstro\" \/>\n<meta property=\"article:modified_time\" content=\"2023-11-09T14:51:11+00:00\" \/>\n<meta name=\"twitter:card\" content=\"summary_large_image\" \/>\n<meta name=\"twitter:label1\" content=\"Est. tempo de leitura\" \/>\n\t<meta name=\"twitter:data1\" content=\"2 minutos\" \/>\n\t<meta name=\"twitter:label2\" content=\"Written by\" \/>\n\t<meta name=\"twitter:data2\" content=\"GEAstro\" \/>\n<script type=\"application\/ld+json\" class=\"yoast-schema-graph\">{\"@context\":\"https:\/\/schema.org\",\"@graph\":[{\"@type\":\"WebPage\",\"@id\":\"https:\/\/www.pb.utfpr.edu.br\/geastro\/?page_id=10964\",\"url\":\"https:\/\/www.pb.utfpr.edu.br\/geastro\/?page_id=10964\",\"name\":\"GEAstro no TecSul - GEAstro\",\"isPartOf\":{\"@id\":\"https:\/\/www.pb.utfpr.edu.br\/geastro\/#website\"},\"datePublished\":\"2020-10-23T17:10:35+00:00\",\"dateModified\":\"2023-11-09T14:51:11+00:00\",\"breadcrumb\":{\"@id\":\"https:\/\/www.pb.utfpr.edu.br\/geastro\/?page_id=10964#breadcrumb\"},\"inLanguage\":\"pt-BR\",\"potentialAction\":[{\"@type\":\"ReadAction\",\"target\":[\"https:\/\/www.pb.utfpr.edu.br\/geastro\/?page_id=10964\"]}]},{\"@type\":\"BreadcrumbList\",\"@id\":\"https:\/\/www.pb.utfpr.edu.br\/geastro\/?page_id=10964#breadcrumb\",\"itemListElement\":[{\"@type\":\"ListItem\",\"position\":1,\"name\":\"In\u00edcio\",\"item\":\"https:\/\/www.pb.utfpr.edu.br\/geastro\"},{\"@type\":\"ListItem\",\"position\":2,\"name\":\"GEAstro no TecSul\"}]},{\"@type\":\"WebSite\",\"@id\":\"https:\/\/www.pb.utfpr.edu.br\/geastro\/#website\",\"url\":\"https:\/\/www.pb.utfpr.edu.br\/geastro\/\",\"name\":\"GEAstro\",\"description\":\"Grupo de Estudos, pesquisa, extens\u00e3o e inova\u00e7\u00e3o em Astronomia\",\"potentialAction\":[{\"@type\":\"SearchAction\",\"target\":{\"@type\":\"EntryPoint\",\"urlTemplate\":\"https:\/\/www.pb.utfpr.edu.br\/geastro\/?s={search_term_string}\"},\"query-input\":\"required name=search_term_string\"}],\"inLanguage\":\"pt-BR\"}]}<\/script>\n<!-- \/ Yoast SEO plugin. -->","yoast_head_json":{"title":"GEAstro no TecSul - GEAstro","robots":{"index":"index","follow":"follow","max-snippet":"max-snippet:-1","max-image-preview":"max-image-preview:large","max-video-preview":"max-video-preview:-1"},"canonical":"https:\/\/www.pb.utfpr.edu.br\/geastro\/?page_id=10964","og_locale":"pt_BR","og_type":"article","og_title":"GEAstro no TecSul - GEAstro","og_description":"Abaixo seguem os editais e formul\u00e1rios de inscri\u00e7\u00e3o para as competi\u00e7\u00f5es oferecidas pelo GEAstro no TecSul 2020. CONCURSO ASTROKIDS O AstroKids visa aplicar e integrar conhecimentos adquiridos em Astronomia, F\u00edsica, Astron\u00e1utica e nas mais variadas disciplinas das institui\u00e7\u00f5es de Ensino Fundamental e Ensino M\u00e9dio brasileiras, atrav\u00e9s da elabora\u00e7\u00e3o de atividade did\u00e1tica abordando a tem\u00e1tica da Astronomia, da Astron\u00e1utica e das Ci\u00eancias Espaciais. COMPETI\u00c7\u00c3O DE LAN\u00c7AMENTO DE FOGUETES DID\u00c1TICOS A Competi\u00e7\u00e3o de Lan\u00e7amento de Foguetes Did\u00e1ticos, promovido pelo GEAstro \u2013 Grupo de Estudos, Pesquisa, Extens\u00e3o e Inova\u00e7\u00e3o em Astronomia\u2013 do Campus Pato Branco da UTFPR e pela Secretaria de Ci\u00eancia, Tecnologia e Inova\u00e7\u00e3o da Prefeitura Municipal de Pato Branco, visa aplicar e integrar conhecimentos adquiridos em Astronomia, F\u00edsica, Astron\u00e1utica e nas mais variadas disciplinas das institui\u00e7\u00f5es de Ensino Fundamental e B\u00e1sico do estado do Paran\u00e1, atrav\u00e9s da atua\u00e7\u00e3o e elabora\u00e7\u00e3o do projeto, constru\u00e7\u00e3o e participa\u00e7\u00e3o da competi\u00e7\u00e3o de lan\u00e7amento de foguetes, utilizando materiais recicl\u00e1veis. CONCURSO CRIE SUA CONSTELA\u00c7\u00c3O A Competi\u00e7\u00e3o Crie sua Constela\u00e7\u00e3o tem como objetivo a cria\u00e7\u00e3o em forma de desenho de uma constela\u00e7\u00e3o baseada em uma fra\u00e7\u00e3o do c\u00e9u obtida pelo Stellarium e a produ\u00e7\u00e3o da hist\u00f3ria dessa constela\u00e7\u00e3o, aplicando-se \u00e0 diferentes n\u00edveis, com o intuito de despertar o interesse dos participantes pelo tema abordado e desenvolver a criatividade dos mesmos. CONCURSO DE ASTROFOTOGRAFIAS O Concurso de Astrofotografias tem por objetivo disponibilizar um espa\u00e7o de reconhecimento para os fot\u00f3grafos apaixonados pelo nosso C\u00e9u. COMPETI\u00c7\u00c3O QUIZTELA\u00c7\u00d5ES A Competi\u00e7\u00e3o Crie sua Constela\u00e7\u00e3o tem como objetivo a cria\u00e7\u00e3o em forma de desenho de uma constela\u00e7\u00e3o baseada em uma fra\u00e7\u00e3o do c\u00e9u obtida pelo Stellarium e a produ\u00e7\u00e3o da hist\u00f3ria dessa constela\u00e7\u00e3o, aplicando-se \u00e0 diferentes n\u00edveis, com o intuito de despertar o interesse dos participantes pelo tema abordado e desenvolver a criatividade dos mesmos.","og_url":"https:\/\/www.pb.utfpr.edu.br\/geastro\/?page_id=10964","og_site_name":"GEAstro","article_modified_time":"2023-11-09T14:51:11+00:00","twitter_card":"summary_large_image","twitter_misc":{"Est. tempo de leitura":"2 minutos","Written by":"GEAstro"},"schema":{"@context":"https:\/\/schema.org","@graph":[{"@type":"WebPage","@id":"https:\/\/www.pb.utfpr.edu.br\/geastro\/?page_id=10964","url":"https:\/\/www.pb.utfpr.edu.br\/geastro\/?page_id=10964","name":"GEAstro no TecSul - GEAstro","isPartOf":{"@id":"https:\/\/www.pb.utfpr.edu.br\/geastro\/#website"},"datePublished":"2020-10-23T17:10:35+00:00","dateModified":"2023-11-09T14:51:11+00:00","breadcrumb":{"@id":"https:\/\/www.pb.utfpr.edu.br\/geastro\/?page_id=10964#breadcrumb"},"inLanguage":"pt-BR","potentialAction":[{"@type":"ReadAction","target":["https:\/\/www.pb.utfpr.edu.br\/geastro\/?page_id=10964"]}]},{"@type":"BreadcrumbList","@id":"https:\/\/www.pb.utfpr.edu.br\/geastro\/?page_id=10964#breadcrumb","itemListElement":[{"@type":"ListItem","position":1,"name":"In\u00edcio","item":"https:\/\/www.pb.utfpr.edu.br\/geastro"},{"@type":"ListItem","position":2,"name":"GEAstro no TecSul"}]},{"@type":"WebSite","@id":"https:\/\/www.pb.utfpr.edu.br\/geastro\/#website","url":"https:\/\/www.pb.utfpr.edu.br\/geastro\/","name":"GEAstro","description":"Grupo de Estudos, pesquisa, extens\u00e3o e inova\u00e7\u00e3o em Astronomia","potentialAction":[{"@type":"SearchAction","target":{"@type":"EntryPoint","urlTemplate":"https:\/\/www.pb.utfpr.edu.br\/geastro\/?s={search_term_string}"},"query-input":"required name=search_term_string"}],"inLanguage":"pt-BR"}]}},"jetpack_sharing_enabled":true,"_links":{"self":[{"href":"https:\/\/www.pb.utfpr.edu.br\/geastro\/index.php?rest_route=\/wp\/v2\/pages\/10964"}],"collection":[{"href":"https:\/\/www.pb.utfpr.edu.br\/geastro\/index.php?rest_route=\/wp\/v2\/pages"}],"about":[{"href":"https:\/\/www.pb.utfpr.edu.br\/geastro\/index.php?rest_route=\/wp\/v2\/types\/page"}],"author":[{"embeddable":true,"href":"https:\/\/www.pb.utfpr.edu.br\/geastro\/index.php?rest_route=\/wp\/v2\/users\/1"}],"replies":[{"embeddable":true,"href":"https:\/\/www.pb.utfpr.edu.br\/geastro\/index.php?rest_route=%2Fwp%2Fv2%2Fcomments&post=10964"}],"version-history":[{"count":15,"href":"https:\/\/www.pb.utfpr.edu.br\/geastro\/index.php?rest_route=\/wp\/v2\/pages\/10964\/revisions"}],"predecessor-version":[{"id":12660,"href":"https:\/\/www.pb.utfpr.edu.br\/geastro\/index.php?rest_route=\/wp\/v2\/pages\/10964\/revisions\/12660"}],"wp:attachment":[{"href":"https:\/\/www.pb.utfpr.edu.br\/geastro\/index.php?rest_route=%2Fwp%2Fv2%2Fmedia&parent=10964"}],"wp:term":[{"taxonomy":"author","embeddable":true,"href":"https:\/\/www.pb.utfpr.edu.br\/geastro\/index.php?rest_route=%2Fwp%2Fv2%2Fcoauthors&post=10964"}],"curies":[{"name":"wp","href":"https:\/\/api.w.org\/{rel}","templated":true}]}}