{"id":11346,"date":"2021-08-30T21:42:48","date_gmt":"2021-08-31T00:42:48","guid":{"rendered":"http:\/\/www.pb.utfpr.edu.br\/geastro\/?page_id=11346"},"modified":"2021-10-14T19:12:07","modified_gmt":"2021-10-14T22:12:07","slug":"astrokids","status":"publish","type":"page","link":"https:\/\/www.pb.utfpr.edu.br\/geastro\/?page_id=11346","title":{"rendered":"ASTROKIDS"},"content":{"rendered":"\n<p>O AstroKids tem como objetivo a unifica\u00e7\u00e3o dos conhecimentos te\u00f3ricos em Astronomia, Astron\u00e1utica e Ci\u00eancias Espaciais na elabora\u00e7\u00e3o de atividades did\u00e1ticas de diferentes n\u00edveis e categorias, com o intuito de despertar o interesse dos participantes pelos temas abordados e desenvolver o pensamento cr\u00edtico na pesquisa do embasamento te\u00f3rico da atividade.<\/p>\n\n\n\n<div style=\"height:40px\" aria-hidden=\"true\" class=\"wp-block-spacer\"><\/div>\n\n\n\n<div class=\"wp-block-buttons aligncenter is-layout-flex wp-block-buttons-is-layout-flex\">\n<div class=\"wp-block-button\"><a class=\"wp-block-button__link has-text-color has-very-light-gray-color has-background has-vivid-purple-background-color\" href=\"https:\/\/drive.google.com\/file\/d\/1CN8ManjOBIkmehSA6IYF_MkTqZs9g_PA\/view?usp=sharing\"><strong>REGULAMENTO<\/strong><\/a><\/div>\n\n\n\n<div class=\"wp-block-button\"><a class=\"wp-block-button__link has-text-color has-very-light-gray-color has-background has-luminous-vivid-orange-background-color\" href=\"https:\/\/forms.gle\/9Pgz1zAwRDiLihGq9\"><strong>INSCRI\u00c7\u00d5ES<\/strong><\/a><\/div>\n<\/div>\n","protected":false},"excerpt":{"rendered":"<p>O AstroKids tem como objetivo a unifica\u00e7\u00e3o dos conhecimentos te\u00f3ricos em Astronomia, Astron\u00e1utica e Ci\u00eancias Espaciais na elabora\u00e7\u00e3o de atividades did\u00e1ticas de diferentes n\u00edveis e categorias, com o intuito de despertar o interesse dos participantes pelos temas abordados e desenvolver o pensamento cr\u00edtico na pesquisa do embasamento te\u00f3rico da atividade.<\/p>\n","protected":false},"author":1,"featured_media":0,"parent":0,"menu_order":0,"comment_status":"closed","ping_status":"closed","template":"","meta":{"sfsi_plus_gutenberg_text_before_share":"","sfsi_plus_gutenberg_show_text_before_share":"","sfsi_plus_gutenberg_icon_type":"","sfsi_plus_gutenberg_icon_alignemt":"","sfsi_plus_gutenburg_max_per_row":"","footnotes":""},"coauthors":[81],"class_list":["post-11346","page","type-page","status-publish","hentry"],"yoast_head":"<!-- This site is optimized with the Yoast SEO plugin v22.8 - https:\/\/yoast.com\/wordpress\/plugins\/seo\/ -->\n<title>ASTROKIDS - GEAstro<\/title>\n<meta name=\"robots\" content=\"index, follow, max-snippet:-1, max-image-preview:large, max-video-preview:-1\" \/>\n<link rel=\"canonical\" href=\"https:\/\/www.pb.utfpr.edu.br\/geastro\/?page_id=11346\" \/>\n<meta property=\"og:locale\" content=\"pt_BR\" \/>\n<meta property=\"og:type\" content=\"article\" \/>\n<meta property=\"og:title\" content=\"ASTROKIDS - GEAstro\" \/>\n<meta property=\"og:description\" content=\"O AstroKids tem como objetivo a unifica\u00e7\u00e3o dos conhecimentos te\u00f3ricos em Astronomia, Astron\u00e1utica e Ci\u00eancias Espaciais na elabora\u00e7\u00e3o de atividades did\u00e1ticas de diferentes n\u00edveis e categorias, com o intuito de despertar o interesse dos participantes pelos temas abordados e desenvolver o pensamento cr\u00edtico na pesquisa do embasamento te\u00f3rico da atividade.\" \/>\n<meta property=\"og:url\" content=\"https:\/\/www.pb.utfpr.edu.br\/geastro\/?page_id=11346\" \/>\n<meta property=\"og:site_name\" content=\"GEAstro\" \/>\n<meta property=\"article:modified_time\" content=\"2021-10-14T22:12:07+00:00\" \/>\n<meta name=\"twitter:card\" content=\"summary_large_image\" \/>\n<meta name=\"twitter:label1\" content=\"Written by\" \/>\n\t<meta name=\"twitter:data1\" content=\"GEAstro\" \/>\n<script type=\"application\/ld+json\" class=\"yoast-schema-graph\">{\"@context\":\"https:\/\/schema.org\",\"@graph\":[{\"@type\":\"WebPage\",\"@id\":\"https:\/\/www.pb.utfpr.edu.br\/geastro\/?page_id=11346\",\"url\":\"https:\/\/www.pb.utfpr.edu.br\/geastro\/?page_id=11346\",\"name\":\"ASTROKIDS - GEAstro\",\"isPartOf\":{\"@id\":\"https:\/\/www.pb.utfpr.edu.br\/geastro\/#website\"},\"datePublished\":\"2021-08-31T00:42:48+00:00\",\"dateModified\":\"2021-10-14T22:12:07+00:00\",\"breadcrumb\":{\"@id\":\"https:\/\/www.pb.utfpr.edu.br\/geastro\/?page_id=11346#breadcrumb\"},\"inLanguage\":\"pt-BR\",\"potentialAction\":[{\"@type\":\"ReadAction\",\"target\":[\"https:\/\/www.pb.utfpr.edu.br\/geastro\/?page_id=11346\"]}]},{\"@type\":\"BreadcrumbList\",\"@id\":\"https:\/\/www.pb.utfpr.edu.br\/geastro\/?page_id=11346#breadcrumb\",\"itemListElement\":[{\"@type\":\"ListItem\",\"position\":1,\"name\":\"In\u00edcio\",\"item\":\"https:\/\/www.pb.utfpr.edu.br\/geastro\"},{\"@type\":\"ListItem\",\"position\":2,\"name\":\"ASTROKIDS\"}]},{\"@type\":\"WebSite\",\"@id\":\"https:\/\/www.pb.utfpr.edu.br\/geastro\/#website\",\"url\":\"https:\/\/www.pb.utfpr.edu.br\/geastro\/\",\"name\":\"GEAstro\",\"description\":\"Grupo de Estudos, pesquisa, extens\u00e3o e inova\u00e7\u00e3o em Astronomia\",\"potentialAction\":[{\"@type\":\"SearchAction\",\"target\":{\"@type\":\"EntryPoint\",\"urlTemplate\":\"https:\/\/www.pb.utfpr.edu.br\/geastro\/?s={search_term_string}\"},\"query-input\":\"required name=search_term_string\"}],\"inLanguage\":\"pt-BR\"}]}<\/script>\n<!-- \/ Yoast SEO plugin. -->","yoast_head_json":{"title":"ASTROKIDS - GEAstro","robots":{"index":"index","follow":"follow","max-snippet":"max-snippet:-1","max-image-preview":"max-image-preview:large","max-video-preview":"max-video-preview:-1"},"canonical":"https:\/\/www.pb.utfpr.edu.br\/geastro\/?page_id=11346","og_locale":"pt_BR","og_type":"article","og_title":"ASTROKIDS - GEAstro","og_description":"O AstroKids tem como objetivo a unifica\u00e7\u00e3o dos conhecimentos te\u00f3ricos em Astronomia, Astron\u00e1utica e Ci\u00eancias Espaciais na elabora\u00e7\u00e3o de atividades did\u00e1ticas de diferentes n\u00edveis e categorias, com o intuito de despertar o interesse dos participantes pelos temas abordados e desenvolver o pensamento cr\u00edtico na pesquisa do embasamento te\u00f3rico da atividade.","og_url":"https:\/\/www.pb.utfpr.edu.br\/geastro\/?page_id=11346","og_site_name":"GEAstro","article_modified_time":"2021-10-14T22:12:07+00:00","twitter_card":"summary_large_image","twitter_misc":{"Written by":"GEAstro"},"schema":{"@context":"https:\/\/schema.org","@graph":[{"@type":"WebPage","@id":"https:\/\/www.pb.utfpr.edu.br\/geastro\/?page_id=11346","url":"https:\/\/www.pb.utfpr.edu.br\/geastro\/?page_id=11346","name":"ASTROKIDS - GEAstro","isPartOf":{"@id":"https:\/\/www.pb.utfpr.edu.br\/geastro\/#website"},"datePublished":"2021-08-31T00:42:48+00:00","dateModified":"2021-10-14T22:12:07+00:00","breadcrumb":{"@id":"https:\/\/www.pb.utfpr.edu.br\/geastro\/?page_id=11346#breadcrumb"},"inLanguage":"pt-BR","potentialAction":[{"@type":"ReadAction","target":["https:\/\/www.pb.utfpr.edu.br\/geastro\/?page_id=11346"]}]},{"@type":"BreadcrumbList","@id":"https:\/\/www.pb.utfpr.edu.br\/geastro\/?page_id=11346#breadcrumb","itemListElement":[{"@type":"ListItem","position":1,"name":"In\u00edcio","item":"https:\/\/www.pb.utfpr.edu.br\/geastro"},{"@type":"ListItem","position":2,"name":"ASTROKIDS"}]},{"@type":"WebSite","@id":"https:\/\/www.pb.utfpr.edu.br\/geastro\/#website","url":"https:\/\/www.pb.utfpr.edu.br\/geastro\/","name":"GEAstro","description":"Grupo de Estudos, pesquisa, extens\u00e3o e inova\u00e7\u00e3o em Astronomia","potentialAction":[{"@type":"SearchAction","target":{"@type":"EntryPoint","urlTemplate":"https:\/\/www.pb.utfpr.edu.br\/geastro\/?s={search_term_string}"},"query-input":"required name=search_term_string"}],"inLanguage":"pt-BR"}]}},"jetpack_sharing_enabled":true,"_links":{"self":[{"href":"https:\/\/www.pb.utfpr.edu.br\/geastro\/index.php?rest_route=\/wp\/v2\/pages\/11346"}],"collection":[{"href":"https:\/\/www.pb.utfpr.edu.br\/geastro\/index.php?rest_route=\/wp\/v2\/pages"}],"about":[{"href":"https:\/\/www.pb.utfpr.edu.br\/geastro\/index.php?rest_route=\/wp\/v2\/types\/page"}],"author":[{"embeddable":true,"href":"https:\/\/www.pb.utfpr.edu.br\/geastro\/index.php?rest_route=\/wp\/v2\/users\/1"}],"replies":[{"embeddable":true,"href":"https:\/\/www.pb.utfpr.edu.br\/geastro\/index.php?rest_route=%2Fwp%2Fv2%2Fcomments&post=11346"}],"version-history":[{"count":3,"href":"https:\/\/www.pb.utfpr.edu.br\/geastro\/index.php?rest_route=\/wp\/v2\/pages\/11346\/revisions"}],"predecessor-version":[{"id":11452,"href":"https:\/\/www.pb.utfpr.edu.br\/geastro\/index.php?rest_route=\/wp\/v2\/pages\/11346\/revisions\/11452"}],"wp:attachment":[{"href":"https:\/\/www.pb.utfpr.edu.br\/geastro\/index.php?rest_route=%2Fwp%2Fv2%2Fmedia&parent=11346"}],"wp:term":[{"taxonomy":"author","embeddable":true,"href":"https:\/\/www.pb.utfpr.edu.br\/geastro\/index.php?rest_route=%2Fwp%2Fv2%2Fcoauthors&post=11346"}],"curies":[{"name":"wp","href":"https:\/\/api.w.org\/{rel}","templated":true}]}}