{"id":11354,"date":"2021-08-30T21:48:19","date_gmt":"2021-08-31T00:48:19","guid":{"rendered":"http:\/\/www.pb.utfpr.edu.br\/geastro\/?page_id=11354"},"modified":"2021-10-25T22:13:29","modified_gmt":"2021-10-26T01:13:29","slug":"competicao-quiztelacoes","status":"publish","type":"page","link":"https:\/\/www.pb.utfpr.edu.br\/geastro\/?page_id=11354","title":{"rendered":"COMPETI\u00c7\u00c3O QUIZTELA\u00c7\u00d5ES"},"content":{"rendered":"\n<p>A Competi\u00e7\u00e3o Quiztela\u00e7\u00f5es visa aplicar e integrar conhecimentos adquiridos em Astronomia, para o Ensino Fundamental, Ensino M\u00e9dio e adultos, atrav\u00e9s da aplica\u00e7\u00e3o de atividades abordando a tem\u00e1tica constela\u00e7\u00f5es, com o prop\u00f3sito de despertar o interesse dos participantes pelo tema abordado.<\/p>\n\n\n\n<div style=\"height:50px\" aria-hidden=\"true\" class=\"wp-block-spacer\"><\/div>\n\n\n\n<div class=\"wp-block-buttons aligncenter is-layout-flex wp-block-buttons-is-layout-flex\">\n<div class=\"wp-block-button\"><a class=\"wp-block-button__link has-text-color has-very-light-gray-color has-background has-luminous-vivid-orange-background-color\" href=\"https:\/\/docs.google.com\/document\/d\/1ERM_33lMrIv9MBxPZY4c5A1fvaz1Xl4N\/edit\" target=\"_blank\" rel=\"noreferrer noopener\"><strong>REGULAMENTO<\/strong><\/a><\/div>\n\n\n\n<div class=\"wp-block-button\"><a class=\"wp-block-button__link has-text-color has-very-light-gray-color has-background has-vivid-green-cyan-background-color\" href=\"https:\/\/docs.google.com\/forms\/d\/11N8xlPetWrk3nb9-mg1NXZKfROTXsIzpQOv-jXb5-5o\/edit\" target=\"_blank\" rel=\"noreferrer noopener\"><strong>INSCRI\u00c7\u00d5ES<\/strong><\/a><\/div>\n\n\n\n<div class=\"wp-block-button\"><a class=\"wp-block-button__link has-text-color has-very-light-gray-color has-background has-vivid-purple-background-color\" href=\"https:\/\/docs.google.com\/document\/d\/1hQIdpZ3P2jmOOZZRS5pow9CFTdPZwjYn\/edit#\" target=\"_blank\" rel=\"noreferrer noopener\"><strong>MATERIAL DE APOIO<\/strong><\/a><\/div>\n<\/div>\n\n\n\n<p><\/p>\n","protected":false},"excerpt":{"rendered":"<p>A Competi\u00e7\u00e3o Quiztela\u00e7\u00f5es visa aplicar e integrar conhecimentos adquiridos em Astronomia, para o Ensino Fundamental, Ensino M\u00e9dio e adultos, atrav\u00e9s da aplica\u00e7\u00e3o de atividades abordando a tem\u00e1tica constela\u00e7\u00f5es, com o prop\u00f3sito de despertar o interesse dos participantes pelo tema abordado.<\/p>\n","protected":false},"author":1,"featured_media":0,"parent":0,"menu_order":0,"comment_status":"closed","ping_status":"closed","template":"","meta":{"sfsi_plus_gutenberg_text_before_share":"","sfsi_plus_gutenberg_show_text_before_share":"","sfsi_plus_gutenberg_icon_type":"","sfsi_plus_gutenberg_icon_alignemt":"","sfsi_plus_gutenburg_max_per_row":"","footnotes":""},"coauthors":[81],"class_list":["post-11354","page","type-page","status-publish","hentry"],"yoast_head":"<!-- This site is optimized with the Yoast SEO plugin v22.8 - https:\/\/yoast.com\/wordpress\/plugins\/seo\/ -->\n<title>COMPETI\u00c7\u00c3O QUIZTELA\u00c7\u00d5ES - GEAstro<\/title>\n<meta name=\"robots\" content=\"index, follow, max-snippet:-1, max-image-preview:large, max-video-preview:-1\" \/>\n<link rel=\"canonical\" href=\"http:\/\/www.pb.utfpr.edu.br\/geastro\/?page_id=11354\" \/>\n<meta property=\"og:locale\" content=\"pt_BR\" \/>\n<meta property=\"og:type\" content=\"article\" \/>\n<meta property=\"og:title\" content=\"COMPETI\u00c7\u00c3O QUIZTELA\u00c7\u00d5ES - GEAstro\" \/>\n<meta property=\"og:description\" content=\"A Competi\u00e7\u00e3o Quiztela\u00e7\u00f5es visa aplicar e integrar conhecimentos adquiridos em Astronomia, para o Ensino Fundamental, Ensino M\u00e9dio e adultos, atrav\u00e9s da aplica\u00e7\u00e3o de atividades abordando a tem\u00e1tica constela\u00e7\u00f5es, com o prop\u00f3sito de despertar o interesse dos participantes pelo tema abordado.\" \/>\n<meta property=\"og:url\" content=\"http:\/\/www.pb.utfpr.edu.br\/geastro\/?page_id=11354\" \/>\n<meta property=\"og:site_name\" content=\"GEAstro\" \/>\n<meta property=\"article:modified_time\" content=\"2021-10-26T01:13:29+00:00\" \/>\n<meta name=\"twitter:card\" content=\"summary_large_image\" \/>\n<meta name=\"twitter:label1\" content=\"Written by\" \/>\n\t<meta name=\"twitter:data1\" content=\"GEAstro\" \/>\n<script type=\"application\/ld+json\" class=\"yoast-schema-graph\">{\"@context\":\"https:\/\/schema.org\",\"@graph\":[{\"@type\":\"WebPage\",\"@id\":\"http:\/\/www.pb.utfpr.edu.br\/geastro\/?page_id=11354\",\"url\":\"http:\/\/www.pb.utfpr.edu.br\/geastro\/?page_id=11354\",\"name\":\"COMPETI\u00c7\u00c3O QUIZTELA\u00c7\u00d5ES - GEAstro\",\"isPartOf\":{\"@id\":\"https:\/\/www.pb.utfpr.edu.br\/geastro\/#website\"},\"datePublished\":\"2021-08-31T00:48:19+00:00\",\"dateModified\":\"2021-10-26T01:13:29+00:00\",\"breadcrumb\":{\"@id\":\"http:\/\/www.pb.utfpr.edu.br\/geastro\/?page_id=11354#breadcrumb\"},\"inLanguage\":\"pt-BR\",\"potentialAction\":[{\"@type\":\"ReadAction\",\"target\":[\"http:\/\/www.pb.utfpr.edu.br\/geastro\/?page_id=11354\"]}]},{\"@type\":\"BreadcrumbList\",\"@id\":\"http:\/\/www.pb.utfpr.edu.br\/geastro\/?page_id=11354#breadcrumb\",\"itemListElement\":[{\"@type\":\"ListItem\",\"position\":1,\"name\":\"In\u00edcio\",\"item\":\"https:\/\/www.pb.utfpr.edu.br\/geastro\"},{\"@type\":\"ListItem\",\"position\":2,\"name\":\"COMPETI\u00c7\u00c3O QUIZTELA\u00c7\u00d5ES\"}]},{\"@type\":\"WebSite\",\"@id\":\"https:\/\/www.pb.utfpr.edu.br\/geastro\/#website\",\"url\":\"https:\/\/www.pb.utfpr.edu.br\/geastro\/\",\"name\":\"GEAstro\",\"description\":\"Grupo de Estudos, pesquisa, extens\u00e3o e inova\u00e7\u00e3o em Astronomia\",\"potentialAction\":[{\"@type\":\"SearchAction\",\"target\":{\"@type\":\"EntryPoint\",\"urlTemplate\":\"https:\/\/www.pb.utfpr.edu.br\/geastro\/?s={search_term_string}\"},\"query-input\":\"required name=search_term_string\"}],\"inLanguage\":\"pt-BR\"}]}<\/script>\n<!-- \/ Yoast SEO plugin. -->","yoast_head_json":{"title":"COMPETI\u00c7\u00c3O QUIZTELA\u00c7\u00d5ES - GEAstro","robots":{"index":"index","follow":"follow","max-snippet":"max-snippet:-1","max-image-preview":"max-image-preview:large","max-video-preview":"max-video-preview:-1"},"canonical":"http:\/\/www.pb.utfpr.edu.br\/geastro\/?page_id=11354","og_locale":"pt_BR","og_type":"article","og_title":"COMPETI\u00c7\u00c3O QUIZTELA\u00c7\u00d5ES - GEAstro","og_description":"A Competi\u00e7\u00e3o Quiztela\u00e7\u00f5es visa aplicar e integrar conhecimentos adquiridos em Astronomia, para o Ensino Fundamental, Ensino M\u00e9dio e adultos, atrav\u00e9s da aplica\u00e7\u00e3o de atividades abordando a tem\u00e1tica constela\u00e7\u00f5es, com o prop\u00f3sito de despertar o interesse dos participantes pelo tema abordado.","og_url":"http:\/\/www.pb.utfpr.edu.br\/geastro\/?page_id=11354","og_site_name":"GEAstro","article_modified_time":"2021-10-26T01:13:29+00:00","twitter_card":"summary_large_image","twitter_misc":{"Written by":"GEAstro"},"schema":{"@context":"https:\/\/schema.org","@graph":[{"@type":"WebPage","@id":"http:\/\/www.pb.utfpr.edu.br\/geastro\/?page_id=11354","url":"http:\/\/www.pb.utfpr.edu.br\/geastro\/?page_id=11354","name":"COMPETI\u00c7\u00c3O QUIZTELA\u00c7\u00d5ES - GEAstro","isPartOf":{"@id":"https:\/\/www.pb.utfpr.edu.br\/geastro\/#website"},"datePublished":"2021-08-31T00:48:19+00:00","dateModified":"2021-10-26T01:13:29+00:00","breadcrumb":{"@id":"http:\/\/www.pb.utfpr.edu.br\/geastro\/?page_id=11354#breadcrumb"},"inLanguage":"pt-BR","potentialAction":[{"@type":"ReadAction","target":["http:\/\/www.pb.utfpr.edu.br\/geastro\/?page_id=11354"]}]},{"@type":"BreadcrumbList","@id":"http:\/\/www.pb.utfpr.edu.br\/geastro\/?page_id=11354#breadcrumb","itemListElement":[{"@type":"ListItem","position":1,"name":"In\u00edcio","item":"https:\/\/www.pb.utfpr.edu.br\/geastro"},{"@type":"ListItem","position":2,"name":"COMPETI\u00c7\u00c3O QUIZTELA\u00c7\u00d5ES"}]},{"@type":"WebSite","@id":"https:\/\/www.pb.utfpr.edu.br\/geastro\/#website","url":"https:\/\/www.pb.utfpr.edu.br\/geastro\/","name":"GEAstro","description":"Grupo de Estudos, pesquisa, extens\u00e3o e inova\u00e7\u00e3o em Astronomia","potentialAction":[{"@type":"SearchAction","target":{"@type":"EntryPoint","urlTemplate":"https:\/\/www.pb.utfpr.edu.br\/geastro\/?s={search_term_string}"},"query-input":"required name=search_term_string"}],"inLanguage":"pt-BR"}]}},"jetpack_sharing_enabled":true,"_links":{"self":[{"href":"https:\/\/www.pb.utfpr.edu.br\/geastro\/index.php?rest_route=\/wp\/v2\/pages\/11354"}],"collection":[{"href":"https:\/\/www.pb.utfpr.edu.br\/geastro\/index.php?rest_route=\/wp\/v2\/pages"}],"about":[{"href":"https:\/\/www.pb.utfpr.edu.br\/geastro\/index.php?rest_route=\/wp\/v2\/types\/page"}],"author":[{"embeddable":true,"href":"https:\/\/www.pb.utfpr.edu.br\/geastro\/index.php?rest_route=\/wp\/v2\/users\/1"}],"replies":[{"embeddable":true,"href":"https:\/\/www.pb.utfpr.edu.br\/geastro\/index.php?rest_route=%2Fwp%2Fv2%2Fcomments&post=11354"}],"version-history":[{"count":5,"href":"https:\/\/www.pb.utfpr.edu.br\/geastro\/index.php?rest_route=\/wp\/v2\/pages\/11354\/revisions"}],"predecessor-version":[{"id":11436,"href":"https:\/\/www.pb.utfpr.edu.br\/geastro\/index.php?rest_route=\/wp\/v2\/pages\/11354\/revisions\/11436"}],"wp:attachment":[{"href":"https:\/\/www.pb.utfpr.edu.br\/geastro\/index.php?rest_route=%2Fwp%2Fv2%2Fmedia&parent=11354"}],"wp:term":[{"taxonomy":"author","embeddable":true,"href":"https:\/\/www.pb.utfpr.edu.br\/geastro\/index.php?rest_route=%2Fwp%2Fv2%2Fcoauthors&post=11354"}],"curies":[{"name":"wp","href":"https:\/\/api.w.org\/{rel}","templated":true}]}}