{"id":12230,"date":"2022-10-25T14:21:02","date_gmt":"2022-10-25T17:21:02","guid":{"rendered":"https:\/\/www.pb.utfpr.edu.br\/geastro\/?page_id=12230"},"modified":"2023-11-08T14:22:08","modified_gmt":"2023-11-08T17:22:08","slug":"v-astropb","status":"publish","type":"page","link":"https:\/\/www.pb.utfpr.edu.br\/geastro\/?page_id=12230","title":{"rendered":"5\u00b0 ASTROPB"},"content":{"rendered":"\n<div style=\"height:10px\" aria-hidden=\"true\" class=\"wp-block-spacer\"><\/div>\n\n\n\n<figure class=\"wp-block-image size-large\"><img fetchpriority=\"high\" decoding=\"async\" width=\"1024\" height=\"1024\" src=\"https:\/\/www.pb.utfpr.edu.br\/geastro\/wp-content\/uploads\/2023\/11\/WhatsApp-Image-2023-11-07-at-15.38.42-1024x1024.jpeg\" alt=\"\" class=\"wp-image-12629\" srcset=\"https:\/\/www.pb.utfpr.edu.br\/geastro\/wp-content\/uploads\/2023\/11\/WhatsApp-Image-2023-11-07-at-15.38.42-1024x1024.jpeg 1024w, https:\/\/www.pb.utfpr.edu.br\/geastro\/wp-content\/uploads\/2023\/11\/WhatsApp-Image-2023-11-07-at-15.38.42-300x300.jpeg 300w, https:\/\/www.pb.utfpr.edu.br\/geastro\/wp-content\/uploads\/2023\/11\/WhatsApp-Image-2023-11-07-at-15.38.42-150x150.jpeg 150w, https:\/\/www.pb.utfpr.edu.br\/geastro\/wp-content\/uploads\/2023\/11\/WhatsApp-Image-2023-11-07-at-15.38.42-768x768.jpeg 768w, https:\/\/www.pb.utfpr.edu.br\/geastro\/wp-content\/uploads\/2023\/11\/WhatsApp-Image-2023-11-07-at-15.38.42-1536x1536.jpeg 1536w, https:\/\/www.pb.utfpr.edu.br\/geastro\/wp-content\/uploads\/2023\/11\/WhatsApp-Image-2023-11-07-at-15.38.42-1140x1140.jpeg 1140w, https:\/\/www.pb.utfpr.edu.br\/geastro\/wp-content\/uploads\/2023\/11\/WhatsApp-Image-2023-11-07-at-15.38.42-75x75.jpeg 75w, https:\/\/www.pb.utfpr.edu.br\/geastro\/wp-content\/uploads\/2023\/11\/WhatsApp-Image-2023-11-07-at-15.38.42-600x600.jpeg 600w, https:\/\/www.pb.utfpr.edu.br\/geastro\/wp-content\/uploads\/2023\/11\/WhatsApp-Image-2023-11-07-at-15.38.42-100x100.jpeg 100w, https:\/\/www.pb.utfpr.edu.br\/geastro\/wp-content\/uploads\/2023\/11\/WhatsApp-Image-2023-11-07-at-15.38.42.jpeg 1600w\" sizes=\"(max-width: 1024px) 100vw, 1024px\" \/><\/figure>\n\n\n\n<div style=\"height:11px\" aria-hidden=\"true\" class=\"wp-block-spacer\"><\/div>\n\n\n\n<div class=\"wp-block-buttons is-content-justification-center is-layout-flex wp-container-core-buttons-is-layout-1 wp-block-buttons-is-layout-flex\">\n<div class=\"wp-block-button has-custom-font-size has-medium-font-size\"><a class=\"wp-block-button__link has-black-color has-vivid-green-cyan-background-color has-text-color has-background wp-element-button\" href=\"https:\/\/docs.google.com\/forms\/d\/e\/1FAIpQLSdst4MFzc-iH2cBRM7uvB4uiukJlA7golBYC3k5fMod_52QIg\/viewform\"><strong>Inscri\u00e7\u00f5es<\/strong> <strong>encerradas<\/strong><\/a><\/div>\n\n\n\n<div class=\"wp-block-button has-custom-font-size is-style-fill has-medium-font-size\"><a class=\"wp-block-button__link has-black-color has-vivid-green-cyan-background-color has-text-color has-background wp-element-button\" href=\"https:\/\/drive.google.com\/file\/d\/11ZyDM4hyR_bFhdfAMDR2YYz42pYWTrHt\/view\" style=\"border-radius:50px\"><strong>Regulamento<\/strong><\/a><\/div>\n<\/div>\n\n\n\n<div style=\"height:41px\" aria-hidden=\"true\" class=\"wp-block-spacer\"><\/div>\n\n\n\n<div style=\"height:39px\" aria-hidden=\"true\" class=\"wp-block-spacer\"><\/div>\n\n\n\n<figure class=\"wp-block-image size-large\"><img decoding=\"async\" width=\"1024\" height=\"1024\" src=\"https:\/\/www.pb.utfpr.edu.br\/geastro\/wp-content\/uploads\/2023\/11\/WhatsApp-Image-2023-11-07-at-21.02.02-4-1024x1024.jpeg\" alt=\"\" class=\"wp-image-12638\" srcset=\"https:\/\/www.pb.utfpr.edu.br\/geastro\/wp-content\/uploads\/2023\/11\/WhatsApp-Image-2023-11-07-at-21.02.02-4-1024x1024.jpeg 1024w, https:\/\/www.pb.utfpr.edu.br\/geastro\/wp-content\/uploads\/2023\/11\/WhatsApp-Image-2023-11-07-at-21.02.02-4-300x300.jpeg 300w, https:\/\/www.pb.utfpr.edu.br\/geastro\/wp-content\/uploads\/2023\/11\/WhatsApp-Image-2023-11-07-at-21.02.02-4-150x150.jpeg 150w, https:\/\/www.pb.utfpr.edu.br\/geastro\/wp-content\/uploads\/2023\/11\/WhatsApp-Image-2023-11-07-at-21.02.02-4-768x768.jpeg 768w, https:\/\/www.pb.utfpr.edu.br\/geastro\/wp-content\/uploads\/2023\/11\/WhatsApp-Image-2023-11-07-at-21.02.02-4-1536x1536.jpeg 1536w, https:\/\/www.pb.utfpr.edu.br\/geastro\/wp-content\/uploads\/2023\/11\/WhatsApp-Image-2023-11-07-at-21.02.02-4-1140x1140.jpeg 1140w, https:\/\/www.pb.utfpr.edu.br\/geastro\/wp-content\/uploads\/2023\/11\/WhatsApp-Image-2023-11-07-at-21.02.02-4-75x75.jpeg 75w, https:\/\/www.pb.utfpr.edu.br\/geastro\/wp-content\/uploads\/2023\/11\/WhatsApp-Image-2023-11-07-at-21.02.02-4-600x600.jpeg 600w, https:\/\/www.pb.utfpr.edu.br\/geastro\/wp-content\/uploads\/2023\/11\/WhatsApp-Image-2023-11-07-at-21.02.02-4-100x100.jpeg 100w, https:\/\/www.pb.utfpr.edu.br\/geastro\/wp-content\/uploads\/2023\/11\/WhatsApp-Image-2023-11-07-at-21.02.02-4.jpeg 1600w\" sizes=\"(max-width: 1024px) 100vw, 1024px\" \/><\/figure>\n\n\n\n<div style=\"height:11px\" aria-hidden=\"true\" class=\"wp-block-spacer\"><\/div>\n\n\n\n<div class=\"wp-block-buttons is-content-justification-center is-layout-flex wp-container-core-buttons-is-layout-2 wp-block-buttons-is-layout-flex\">\n<div class=\"wp-block-button\"><a class=\"wp-block-button__link has-black-color has-vivid-green-cyan-background-color has-text-color has-background wp-element-button\" href=\"https:\/\/docs.google.com\/forms\/d\/e\/1FAIpQLSe3JVQi_VIP5ivw0uSqKEAOS58eHJnQaJYLFdT6kGOLq2W7Jw\/viewform\"><strong>Inscreva-se<\/strong><\/a><\/div>\n\n\n\n<div class=\"wp-block-button\"><a class=\"wp-block-button__link has-black-color has-vivid-green-cyan-background-color has-text-color has-background wp-element-button\" href=\"https:\/\/drive.google.com\/file\/d\/1a7aNdDa3Kwc8NKAoP_aQXGVS6Ewj3qP8\/view?usp=sharing\"><strong>Regulamento<\/strong><\/a><\/div>\n<\/div>\n\n\n\n<div style=\"height:39px\" aria-hidden=\"true\" class=\"wp-block-spacer\"><\/div>\n\n\n\n<figure class=\"wp-block-image size-large\"><img decoding=\"async\" width=\"1024\" height=\"1024\" src=\"https:\/\/www.pb.utfpr.edu.br\/geastro\/wp-content\/uploads\/2023\/11\/WhatsApp-Image-2023-11-07-at-21.02.02-3-1024x1024.jpeg\" alt=\"\" class=\"wp-image-12640\" srcset=\"https:\/\/www.pb.utfpr.edu.br\/geastro\/wp-content\/uploads\/2023\/11\/WhatsApp-Image-2023-11-07-at-21.02.02-3-1024x1024.jpeg 1024w, https:\/\/www.pb.utfpr.edu.br\/geastro\/wp-content\/uploads\/2023\/11\/WhatsApp-Image-2023-11-07-at-21.02.02-3-300x300.jpeg 300w, https:\/\/www.pb.utfpr.edu.br\/geastro\/wp-content\/uploads\/2023\/11\/WhatsApp-Image-2023-11-07-at-21.02.02-3-150x150.jpeg 150w, https:\/\/www.pb.utfpr.edu.br\/geastro\/wp-content\/uploads\/2023\/11\/WhatsApp-Image-2023-11-07-at-21.02.02-3-768x768.jpeg 768w, https:\/\/www.pb.utfpr.edu.br\/geastro\/wp-content\/uploads\/2023\/11\/WhatsApp-Image-2023-11-07-at-21.02.02-3-1536x1536.jpeg 1536w, https:\/\/www.pb.utfpr.edu.br\/geastro\/wp-content\/uploads\/2023\/11\/WhatsApp-Image-2023-11-07-at-21.02.02-3-1140x1140.jpeg 1140w, https:\/\/www.pb.utfpr.edu.br\/geastro\/wp-content\/uploads\/2023\/11\/WhatsApp-Image-2023-11-07-at-21.02.02-3-75x75.jpeg 75w, https:\/\/www.pb.utfpr.edu.br\/geastro\/wp-content\/uploads\/2023\/11\/WhatsApp-Image-2023-11-07-at-21.02.02-3-600x600.jpeg 600w, https:\/\/www.pb.utfpr.edu.br\/geastro\/wp-content\/uploads\/2023\/11\/WhatsApp-Image-2023-11-07-at-21.02.02-3-100x100.jpeg 100w, https:\/\/www.pb.utfpr.edu.br\/geastro\/wp-content\/uploads\/2023\/11\/WhatsApp-Image-2023-11-07-at-21.02.02-3.jpeg 1600w\" sizes=\"(max-width: 1024px) 100vw, 1024px\" \/><\/figure>\n\n\n\n<div style=\"height:11px\" aria-hidden=\"true\" class=\"wp-block-spacer\"><\/div>\n\n\n\n<div class=\"wp-block-buttons is-content-justification-center is-layout-flex wp-container-core-buttons-is-layout-3 wp-block-buttons-is-layout-flex\">\n<div class=\"wp-block-button\"><a class=\"wp-block-button__link has-black-color has-vivid-green-cyan-background-color has-text-color has-background wp-element-button\" href=\"https:\/\/docs.google.com\/forms\/d\/e\/1FAIpQLSfDc6wN42plFjD8z1ZpAXKve75iF71qixjBD2jXwjCjOYYlqw\/viewform\"><strong>Inscreva-se<\/strong><\/a><\/div>\n\n\n\n<div class=\"wp-block-button\"><a class=\"wp-block-button__link has-black-color has-vivid-green-cyan-background-color has-text-color has-background wp-element-button\" href=\"https:\/\/drive.google.com\/file\/d\/1zB_-5XlS48JYGLEAg37HD1QOO_qss2_n\/view?usp=sharing\"><strong>Regulamento<\/strong><\/a><\/div>\n<\/div>\n\n\n\n<div style=\"height:40px\" aria-hidden=\"true\" class=\"wp-block-spacer\"><\/div>\n\n\n\n<figure class=\"wp-block-image size-large\"><img loading=\"lazy\" decoding=\"async\" width=\"1024\" height=\"1024\" src=\"https:\/\/www.pb.utfpr.edu.br\/geastro\/wp-content\/uploads\/2023\/11\/WhatsApp-Image-2023-11-07-at-21.02.02-1024x1024.jpeg\" alt=\"\" class=\"wp-image-12641\" srcset=\"https:\/\/www.pb.utfpr.edu.br\/geastro\/wp-content\/uploads\/2023\/11\/WhatsApp-Image-2023-11-07-at-21.02.02-1024x1024.jpeg 1024w, https:\/\/www.pb.utfpr.edu.br\/geastro\/wp-content\/uploads\/2023\/11\/WhatsApp-Image-2023-11-07-at-21.02.02-300x300.jpeg 300w, https:\/\/www.pb.utfpr.edu.br\/geastro\/wp-content\/uploads\/2023\/11\/WhatsApp-Image-2023-11-07-at-21.02.02-150x150.jpeg 150w, https:\/\/www.pb.utfpr.edu.br\/geastro\/wp-content\/uploads\/2023\/11\/WhatsApp-Image-2023-11-07-at-21.02.02-768x768.jpeg 768w, https:\/\/www.pb.utfpr.edu.br\/geastro\/wp-content\/uploads\/2023\/11\/WhatsApp-Image-2023-11-07-at-21.02.02-1536x1536.jpeg 1536w, https:\/\/www.pb.utfpr.edu.br\/geastro\/wp-content\/uploads\/2023\/11\/WhatsApp-Image-2023-11-07-at-21.02.02-1140x1140.jpeg 1140w, https:\/\/www.pb.utfpr.edu.br\/geastro\/wp-content\/uploads\/2023\/11\/WhatsApp-Image-2023-11-07-at-21.02.02-75x75.jpeg 75w, https:\/\/www.pb.utfpr.edu.br\/geastro\/wp-content\/uploads\/2023\/11\/WhatsApp-Image-2023-11-07-at-21.02.02-600x600.jpeg 600w, https:\/\/www.pb.utfpr.edu.br\/geastro\/wp-content\/uploads\/2023\/11\/WhatsApp-Image-2023-11-07-at-21.02.02-100x100.jpeg 100w, https:\/\/www.pb.utfpr.edu.br\/geastro\/wp-content\/uploads\/2023\/11\/WhatsApp-Image-2023-11-07-at-21.02.02.jpeg 1600w\" sizes=\"(max-width: 1024px) 100vw, 1024px\" \/><figcaption class=\"wp-element-caption\">A Astrofesta, promovida pelo Grupo de Estudos, pesquisa, extens\u00e3o e inova\u00e7\u00e3o em Astronomia (GEAstro) da Universidade Tecnol\u00f3gica Federal do Paran\u00e1 \u2013 Campus Pato Branco (UTFPR-PB), visa disseminar o interesse pela ci\u00eancia atrav\u00e9s da observa\u00e7\u00e3o dos astros e trazer conhecimento referente as constela\u00e7\u00f5es observadas e criadas pelos povos ind\u00edgenas brasileiros. \n\nAo final das atividades da tarde, teremos observa\u00e7\u00f5es do c\u00e9u a olho desarmado e com uso de telesc\u00f3pios para conhecimento das constela\u00e7\u00f5es usuais e ind\u00edgenas.<\/figcaption><\/figure>\n\n\n\n<div style=\"height:40px\" aria-hidden=\"true\" class=\"wp-block-spacer\"><\/div>\n\n\n\n<figure class=\"wp-block-image size-large\"><img loading=\"lazy\" decoding=\"async\" width=\"1024\" height=\"1024\" src=\"https:\/\/www.pb.utfpr.edu.br\/geastro\/wp-content\/uploads\/2023\/11\/WhatsApp-Image-2023-11-07-at-21.02.02-1-1-1024x1024.jpeg\" alt=\"\" class=\"wp-image-12642\" srcset=\"https:\/\/www.pb.utfpr.edu.br\/geastro\/wp-content\/uploads\/2023\/11\/WhatsApp-Image-2023-11-07-at-21.02.02-1-1-1024x1024.jpeg 1024w, https:\/\/www.pb.utfpr.edu.br\/geastro\/wp-content\/uploads\/2023\/11\/WhatsApp-Image-2023-11-07-at-21.02.02-1-1-300x300.jpeg 300w, https:\/\/www.pb.utfpr.edu.br\/geastro\/wp-content\/uploads\/2023\/11\/WhatsApp-Image-2023-11-07-at-21.02.02-1-1-150x150.jpeg 150w, https:\/\/www.pb.utfpr.edu.br\/geastro\/wp-content\/uploads\/2023\/11\/WhatsApp-Image-2023-11-07-at-21.02.02-1-1-768x768.jpeg 768w, https:\/\/www.pb.utfpr.edu.br\/geastro\/wp-content\/uploads\/2023\/11\/WhatsApp-Image-2023-11-07-at-21.02.02-1-1-1536x1536.jpeg 1536w, https:\/\/www.pb.utfpr.edu.br\/geastro\/wp-content\/uploads\/2023\/11\/WhatsApp-Image-2023-11-07-at-21.02.02-1-1-1140x1140.jpeg 1140w, https:\/\/www.pb.utfpr.edu.br\/geastro\/wp-content\/uploads\/2023\/11\/WhatsApp-Image-2023-11-07-at-21.02.02-1-1-75x75.jpeg 75w, https:\/\/www.pb.utfpr.edu.br\/geastro\/wp-content\/uploads\/2023\/11\/WhatsApp-Image-2023-11-07-at-21.02.02-1-1-600x600.jpeg 600w, https:\/\/www.pb.utfpr.edu.br\/geastro\/wp-content\/uploads\/2023\/11\/WhatsApp-Image-2023-11-07-at-21.02.02-1-1-100x100.jpeg 100w, https:\/\/www.pb.utfpr.edu.br\/geastro\/wp-content\/uploads\/2023\/11\/WhatsApp-Image-2023-11-07-at-21.02.02-1-1.jpeg 1600w\" sizes=\"(max-width: 1024px) 100vw, 1024px\" \/><figcaption class=\"wp-element-caption\">Uma tradi\u00e7\u00e3o do Grupo de Estudos, pesquisa, extens\u00e3o e inova\u00e7\u00e3o em Astronomia (GEAstro) da Universidade Tecnol\u00f3gica Federal do Paran\u00e1 \u2013 Campus Pato Branco (UTFPR-PB) s\u00e3o as mostras de foguetes, onde s\u00e3o realizados lan\u00e7amentos de diversos modelos de foguetes did\u00e1ticos, tanto de confec\u00e7\u00e3o caseira at\u00e9 modelos comerciais. Buscando utilizar a natureza naturalmente inspiradora das ci\u00eancias aeroespaciais, a fim de instigar os alunos e a comunidade a buscarem aprender mais sobre conceitos f\u00edsicos e qu\u00edmicos.  A 5\u00aa mostra de foguetes \u00e9 totalmente gratuita e acontecer\u00e1 de forma presencial na pista de atletismo da UTFPR-PB no s\u00e1bado dia 18\/11.<\/figcaption><\/figure>\n\n\n\n<div style=\"height:41px\" aria-hidden=\"true\" class=\"wp-block-spacer\"><\/div>\n\n\n\n<figure class=\"wp-block-image size-large\"><img loading=\"lazy\" decoding=\"async\" width=\"1024\" height=\"1024\" src=\"https:\/\/www.pb.utfpr.edu.br\/geastro\/wp-content\/uploads\/2023\/11\/WhatsApp-Image-2023-11-07-at-21.02.02-2-1-1024x1024.jpeg\" alt=\"\" class=\"wp-image-12644\" srcset=\"https:\/\/www.pb.utfpr.edu.br\/geastro\/wp-content\/uploads\/2023\/11\/WhatsApp-Image-2023-11-07-at-21.02.02-2-1-1024x1024.jpeg 1024w, https:\/\/www.pb.utfpr.edu.br\/geastro\/wp-content\/uploads\/2023\/11\/WhatsApp-Image-2023-11-07-at-21.02.02-2-1-300x300.jpeg 300w, https:\/\/www.pb.utfpr.edu.br\/geastro\/wp-content\/uploads\/2023\/11\/WhatsApp-Image-2023-11-07-at-21.02.02-2-1-150x150.jpeg 150w, https:\/\/www.pb.utfpr.edu.br\/geastro\/wp-content\/uploads\/2023\/11\/WhatsApp-Image-2023-11-07-at-21.02.02-2-1-768x768.jpeg 768w, https:\/\/www.pb.utfpr.edu.br\/geastro\/wp-content\/uploads\/2023\/11\/WhatsApp-Image-2023-11-07-at-21.02.02-2-1-1536x1536.jpeg 1536w, https:\/\/www.pb.utfpr.edu.br\/geastro\/wp-content\/uploads\/2023\/11\/WhatsApp-Image-2023-11-07-at-21.02.02-2-1-1140x1140.jpeg 1140w, https:\/\/www.pb.utfpr.edu.br\/geastro\/wp-content\/uploads\/2023\/11\/WhatsApp-Image-2023-11-07-at-21.02.02-2-1-75x75.jpeg 75w, https:\/\/www.pb.utfpr.edu.br\/geastro\/wp-content\/uploads\/2023\/11\/WhatsApp-Image-2023-11-07-at-21.02.02-2-1-600x600.jpeg 600w, https:\/\/www.pb.utfpr.edu.br\/geastro\/wp-content\/uploads\/2023\/11\/WhatsApp-Image-2023-11-07-at-21.02.02-2-1-100x100.jpeg 100w, https:\/\/www.pb.utfpr.edu.br\/geastro\/wp-content\/uploads\/2023\/11\/WhatsApp-Image-2023-11-07-at-21.02.02-2-1.jpeg 1600w\" sizes=\"(max-width: 1024px) 100vw, 1024px\" \/><figcaption class=\"wp-element-caption\">A Exposi\u00e7\u00e3o, promovida pelo Grupo de Estudos, pesquisa, extens\u00e3o e inova\u00e7\u00e3o em Astronomia (GEAstro) da Universidade Tecnol\u00f3gica Federal do Paran\u00e1 \u2013 Campus Pato Branco (UTFPR-PB), visa disseminar o interesse pela ci\u00eancia observando e interagindo com itens do nosso acervo sobre as diversas \u00e1reas que o grupo atua em rela\u00e7\u00e3o a Astronomia e Ci\u00eancia Afins.\n\nCom a era da desinforma\u00e7\u00e3o, e das pseudoci\u00eancias uma das nossas principais preocupa\u00e7\u00f5es \u00e9 ensinar e trazer conhecimento com base te\u00f3rica e cient\u00edfica. Com isso,teremos diversas atividades, desde jogos, exposi\u00e7\u00f5es, tarefas l\u00fadicas e did\u00e1ticas para o ensino de Astronomia que se aplicam para crian\u00e7as, jovens e adultos.<\/figcaption><\/figure>\n","protected":false},"excerpt":{"rendered":"","protected":false},"author":1,"featured_media":0,"parent":0,"menu_order":0,"comment_status":"closed","ping_status":"closed","template":"","meta":{"sfsi_plus_gutenberg_text_before_share":"","sfsi_plus_gutenberg_show_text_before_share":"","sfsi_plus_gutenberg_icon_type":"","sfsi_plus_gutenberg_icon_alignemt":"","sfsi_plus_gutenburg_max_per_row":"","footnotes":""},"coauthors":[81,137],"class_list":["post-12230","page","type-page","status-publish","hentry"],"yoast_head":"<!-- This site is optimized with the Yoast SEO plugin v22.8 - https:\/\/yoast.com\/wordpress\/plugins\/seo\/ -->\n<title>5\u00b0 ASTROPB - GEAstro<\/title>\n<meta name=\"robots\" content=\"index, follow, max-snippet:-1, max-image-preview:large, max-video-preview:-1\" \/>\n<link rel=\"canonical\" href=\"https:\/\/www.pb.utfpr.edu.br\/geastro\/?page_id=12230\" \/>\n<meta property=\"og:locale\" content=\"pt_BR\" \/>\n<meta property=\"og:type\" content=\"article\" \/>\n<meta property=\"og:title\" content=\"5\u00b0 ASTROPB - GEAstro\" \/>\n<meta property=\"og:url\" content=\"https:\/\/www.pb.utfpr.edu.br\/geastro\/?page_id=12230\" \/>\n<meta property=\"og:site_name\" content=\"GEAstro\" \/>\n<meta property=\"article:modified_time\" content=\"2023-11-08T17:22:08+00:00\" \/>\n<meta property=\"og:image\" content=\"https:\/\/www.pb.utfpr.edu.br\/geastro\/wp-content\/uploads\/2023\/11\/WhatsApp-Image-2023-11-07-at-15.38.42-1024x1024.jpeg\" \/>\n<meta name=\"twitter:card\" content=\"summary_large_image\" \/>\n<meta name=\"twitter:label1\" content=\"Est. tempo de leitura\" \/>\n\t<meta name=\"twitter:data1\" content=\"3 minutos\" \/>\n\t<meta name=\"twitter:label2\" content=\"Written by\" \/>\n\t<meta name=\"twitter:data2\" content=\"GEAstro, Guilherme Pandolfi\" \/>\n<script type=\"application\/ld+json\" class=\"yoast-schema-graph\">{\"@context\":\"https:\/\/schema.org\",\"@graph\":[{\"@type\":\"WebPage\",\"@id\":\"https:\/\/www.pb.utfpr.edu.br\/geastro\/?page_id=12230\",\"url\":\"https:\/\/www.pb.utfpr.edu.br\/geastro\/?page_id=12230\",\"name\":\"5\u00b0 ASTROPB - GEAstro\",\"isPartOf\":{\"@id\":\"https:\/\/www.pb.utfpr.edu.br\/geastro\/#website\"},\"primaryImageOfPage\":{\"@id\":\"https:\/\/www.pb.utfpr.edu.br\/geastro\/?page_id=12230#primaryimage\"},\"image\":{\"@id\":\"https:\/\/www.pb.utfpr.edu.br\/geastro\/?page_id=12230#primaryimage\"},\"thumbnailUrl\":\"https:\/\/www.pb.utfpr.edu.br\/geastro\/wp-content\/uploads\/2023\/11\/WhatsApp-Image-2023-11-07-at-15.38.42-1024x1024.jpeg\",\"datePublished\":\"2022-10-25T17:21:02+00:00\",\"dateModified\":\"2023-11-08T17:22:08+00:00\",\"breadcrumb\":{\"@id\":\"https:\/\/www.pb.utfpr.edu.br\/geastro\/?page_id=12230#breadcrumb\"},\"inLanguage\":\"pt-BR\",\"potentialAction\":[{\"@type\":\"ReadAction\",\"target\":[\"https:\/\/www.pb.utfpr.edu.br\/geastro\/?page_id=12230\"]}]},{\"@type\":\"ImageObject\",\"inLanguage\":\"pt-BR\",\"@id\":\"https:\/\/www.pb.utfpr.edu.br\/geastro\/?page_id=12230#primaryimage\",\"url\":\"https:\/\/www.pb.utfpr.edu.br\/geastro\/wp-content\/uploads\/2023\/11\/WhatsApp-Image-2023-11-07-at-15.38.42.jpeg\",\"contentUrl\":\"https:\/\/www.pb.utfpr.edu.br\/geastro\/wp-content\/uploads\/2023\/11\/WhatsApp-Image-2023-11-07-at-15.38.42.jpeg\",\"width\":1600,\"height\":1600},{\"@type\":\"BreadcrumbList\",\"@id\":\"https:\/\/www.pb.utfpr.edu.br\/geastro\/?page_id=12230#breadcrumb\",\"itemListElement\":[{\"@type\":\"ListItem\",\"position\":1,\"name\":\"In\u00edcio\",\"item\":\"https:\/\/www.pb.utfpr.edu.br\/geastro\"},{\"@type\":\"ListItem\",\"position\":2,\"name\":\"5\u00b0 ASTROPB\"}]},{\"@type\":\"WebSite\",\"@id\":\"https:\/\/www.pb.utfpr.edu.br\/geastro\/#website\",\"url\":\"https:\/\/www.pb.utfpr.edu.br\/geastro\/\",\"name\":\"GEAstro\",\"description\":\"Grupo de Estudos, pesquisa, extens\u00e3o e inova\u00e7\u00e3o em Astronomia\",\"potentialAction\":[{\"@type\":\"SearchAction\",\"target\":{\"@type\":\"EntryPoint\",\"urlTemplate\":\"https:\/\/www.pb.utfpr.edu.br\/geastro\/?s={search_term_string}\"},\"query-input\":\"required name=search_term_string\"}],\"inLanguage\":\"pt-BR\"}]}<\/script>\n<!-- \/ Yoast SEO plugin. -->","yoast_head_json":{"title":"5\u00b0 ASTROPB - GEAstro","robots":{"index":"index","follow":"follow","max-snippet":"max-snippet:-1","max-image-preview":"max-image-preview:large","max-video-preview":"max-video-preview:-1"},"canonical":"https:\/\/www.pb.utfpr.edu.br\/geastro\/?page_id=12230","og_locale":"pt_BR","og_type":"article","og_title":"5\u00b0 ASTROPB - GEAstro","og_url":"https:\/\/www.pb.utfpr.edu.br\/geastro\/?page_id=12230","og_site_name":"GEAstro","article_modified_time":"2023-11-08T17:22:08+00:00","og_image":[{"url":"https:\/\/www.pb.utfpr.edu.br\/geastro\/wp-content\/uploads\/2023\/11\/WhatsApp-Image-2023-11-07-at-15.38.42-1024x1024.jpeg"}],"twitter_card":"summary_large_image","twitter_misc":{"Est. tempo de leitura":"3 minutos","Written by":"GEAstro, Guilherme Pandolfi"},"schema":{"@context":"https:\/\/schema.org","@graph":[{"@type":"WebPage","@id":"https:\/\/www.pb.utfpr.edu.br\/geastro\/?page_id=12230","url":"https:\/\/www.pb.utfpr.edu.br\/geastro\/?page_id=12230","name":"5\u00b0 ASTROPB - GEAstro","isPartOf":{"@id":"https:\/\/www.pb.utfpr.edu.br\/geastro\/#website"},"primaryImageOfPage":{"@id":"https:\/\/www.pb.utfpr.edu.br\/geastro\/?page_id=12230#primaryimage"},"image":{"@id":"https:\/\/www.pb.utfpr.edu.br\/geastro\/?page_id=12230#primaryimage"},"thumbnailUrl":"https:\/\/www.pb.utfpr.edu.br\/geastro\/wp-content\/uploads\/2023\/11\/WhatsApp-Image-2023-11-07-at-15.38.42-1024x1024.jpeg","datePublished":"2022-10-25T17:21:02+00:00","dateModified":"2023-11-08T17:22:08+00:00","breadcrumb":{"@id":"https:\/\/www.pb.utfpr.edu.br\/geastro\/?page_id=12230#breadcrumb"},"inLanguage":"pt-BR","potentialAction":[{"@type":"ReadAction","target":["https:\/\/www.pb.utfpr.edu.br\/geastro\/?page_id=12230"]}]},{"@type":"ImageObject","inLanguage":"pt-BR","@id":"https:\/\/www.pb.utfpr.edu.br\/geastro\/?page_id=12230#primaryimage","url":"https:\/\/www.pb.utfpr.edu.br\/geastro\/wp-content\/uploads\/2023\/11\/WhatsApp-Image-2023-11-07-at-15.38.42.jpeg","contentUrl":"https:\/\/www.pb.utfpr.edu.br\/geastro\/wp-content\/uploads\/2023\/11\/WhatsApp-Image-2023-11-07-at-15.38.42.jpeg","width":1600,"height":1600},{"@type":"BreadcrumbList","@id":"https:\/\/www.pb.utfpr.edu.br\/geastro\/?page_id=12230#breadcrumb","itemListElement":[{"@type":"ListItem","position":1,"name":"In\u00edcio","item":"https:\/\/www.pb.utfpr.edu.br\/geastro"},{"@type":"ListItem","position":2,"name":"5\u00b0 ASTROPB"}]},{"@type":"WebSite","@id":"https:\/\/www.pb.utfpr.edu.br\/geastro\/#website","url":"https:\/\/www.pb.utfpr.edu.br\/geastro\/","name":"GEAstro","description":"Grupo de Estudos, pesquisa, extens\u00e3o e inova\u00e7\u00e3o em Astronomia","potentialAction":[{"@type":"SearchAction","target":{"@type":"EntryPoint","urlTemplate":"https:\/\/www.pb.utfpr.edu.br\/geastro\/?s={search_term_string}"},"query-input":"required name=search_term_string"}],"inLanguage":"pt-BR"}]}},"jetpack_sharing_enabled":true,"_links":{"self":[{"href":"https:\/\/www.pb.utfpr.edu.br\/geastro\/index.php?rest_route=\/wp\/v2\/pages\/12230"}],"collection":[{"href":"https:\/\/www.pb.utfpr.edu.br\/geastro\/index.php?rest_route=\/wp\/v2\/pages"}],"about":[{"href":"https:\/\/www.pb.utfpr.edu.br\/geastro\/index.php?rest_route=\/wp\/v2\/types\/page"}],"author":[{"embeddable":true,"href":"https:\/\/www.pb.utfpr.edu.br\/geastro\/index.php?rest_route=\/wp\/v2\/users\/1"}],"replies":[{"embeddable":true,"href":"https:\/\/www.pb.utfpr.edu.br\/geastro\/index.php?rest_route=%2Fwp%2Fv2%2Fcomments&post=12230"}],"version-history":[{"count":63,"href":"https:\/\/www.pb.utfpr.edu.br\/geastro\/index.php?rest_route=\/wp\/v2\/pages\/12230\/revisions"}],"predecessor-version":[{"id":12658,"href":"https:\/\/www.pb.utfpr.edu.br\/geastro\/index.php?rest_route=\/wp\/v2\/pages\/12230\/revisions\/12658"}],"wp:attachment":[{"href":"https:\/\/www.pb.utfpr.edu.br\/geastro\/index.php?rest_route=%2Fwp%2Fv2%2Fmedia&parent=12230"}],"wp:term":[{"taxonomy":"author","embeddable":true,"href":"https:\/\/www.pb.utfpr.edu.br\/geastro\/index.php?rest_route=%2Fwp%2Fv2%2Fcoauthors&post=12230"}],"curies":[{"name":"wp","href":"https:\/\/api.w.org\/{rel}","templated":true}]}}