{"id":12238,"date":"2022-10-25T14:42:04","date_gmt":"2022-10-25T17:42:04","guid":{"rendered":"https:\/\/www.pb.utfpr.edu.br\/geastro\/?page_id=12238"},"modified":"2023-11-08T13:59:21","modified_gmt":"2023-11-08T16:59:21","slug":"crie-sua-constelacao-2","status":"publish","type":"page","link":"https:\/\/www.pb.utfpr.edu.br\/geastro\/?page_id=12238","title":{"rendered":"CRIE SUA CONSTELA\u00c7\u00c3O"},"content":{"rendered":"\n<p>A Competi\u00e7\u00e3o Crie sua Constela\u00e7\u00e3o, promovida pelo Grupo de Estudos, pesquisa, extens\u00e3o e inova\u00e7\u00e3o em Astronomia (GEAstro) da Universidade Tecnol\u00f3gica Federal do Paran\u00e1 &#8211; Campus Pato Branco (UTFPR-PB), visa aplicar e integrar conhecimentos adquiridos em Astronomia, atrav\u00e9s da elabora\u00e7\u00e3o de atividade abordando a tem\u00e1tica de Constela\u00e7\u00f5es. Onde no edital pode-se consultar as regras, caracter\u00edsticas e considera\u00e7\u00f5es para a competi\u00e7\u00e3o al\u00e9m do formul\u00e1rio de inscri\u00e7\u00e3o.<\/p>\n\n\n\n<p>A Competi\u00e7\u00e3o Crie sua Constela\u00e7\u00e3o tem como objetivo a cria\u00e7\u00e3o em forma de desenho de uma constela\u00e7\u00e3o baseada em uma fra\u00e7\u00e3o do c\u00e9u obtida pelo Stellarium e a produ\u00e7\u00e3o da hist\u00f3ria dessa constela\u00e7\u00e3o, aplicando-se \u00e0 diferentes n\u00edveis e categorias, com o objetivo de despertar o interesse dos participantes pelo tema abordado e desenvolver a criatividade deles.<\/p>\n\n\n\n<p>Esta competi\u00e7\u00e3o \u00e9 aberta a todos os alunos que estejam devidamente matriculados no Ensino Infantil, Fundamental e Ensino M\u00e9dio de qualquer institui\u00e7\u00e3o de ensino brasileira. Tendo uma comiss\u00e3o julgadora que ser\u00e1 respons\u00e1vel por avaliar e pontuar cada atividade, com base em crit\u00e9rios pr\u00e9-definidos, declarar os vencedores e deliberar sobre qualquer situa\u00e7\u00e3o que envolva as regras da Competi\u00e7\u00e3o. Al\u00e9m do p\u00fablico, atrav\u00e9s do voto popular tamb\u00e9m participa do j\u00fari.<\/p>\n\n\n\n<div class=\"wp-block-buttons is-content-justification-center is-layout-flex wp-container-core-buttons-is-layout-1 wp-block-buttons-is-layout-flex\">\n<div class=\"wp-block-button is-style-fill\"><a class=\"wp-block-button__link has-black-color has-vivid-cyan-blue-background-color has-text-color has-background wp-element-button\" href=\"https:\/\/drive.google.com\/file\/d\/1a7aNdDa3Kwc8NKAoP_aQXGVS6Ewj3qP8\/view?usp=sharing\">REGULAMENTO<\/a><\/div>\n\n\n\n<div class=\"wp-block-button\"><a class=\"wp-block-button__link has-black-color has-vivid-cyan-blue-background-color has-text-color has-background wp-element-button\" href=\"https:\/\/docs.google.com\/forms\/d\/e\/1FAIpQLSe3JVQi_VIP5ivw0uSqKEAOS58eHJnQaJYLFdT6kGOLq2W7Jw\/viewform\" target=\"_blank\" rel=\"noreferrer noopener\">INSCREVA-SE<\/a><\/div>\n<\/div>\n\n\n\n<div class=\"wp-block-buttons is-content-justification-center is-layout-flex wp-container-core-buttons-is-layout-2 wp-block-buttons-is-layout-flex\"><\/div>\n","protected":false},"excerpt":{"rendered":"<p>A Competi\u00e7\u00e3o Crie sua Constela\u00e7\u00e3o, promovida pelo Grupo de Estudos, pesquisa, extens\u00e3o e inova\u00e7\u00e3o em Astronomia (GEAstro) da Universidade Tecnol\u00f3gica Federal do Paran\u00e1 &#8211; Campus Pato Branco (UTFPR-PB), visa aplicar e integrar conhecimentos adquiridos em Astronomia, atrav\u00e9s da elabora\u00e7\u00e3o de atividade abordando a tem\u00e1tica de Constela\u00e7\u00f5es. Onde no edital pode-se consultar as regras, caracter\u00edsticas e considera\u00e7\u00f5es para a competi\u00e7\u00e3o al\u00e9m do formul\u00e1rio de inscri\u00e7\u00e3o. A Competi\u00e7\u00e3o Crie sua Constela\u00e7\u00e3o tem como objetivo a cria\u00e7\u00e3o em forma de desenho de uma constela\u00e7\u00e3o baseada em uma fra\u00e7\u00e3o do c\u00e9u obtida pelo Stellarium e a produ\u00e7\u00e3o da hist\u00f3ria dessa constela\u00e7\u00e3o, aplicando-se \u00e0 diferentes n\u00edveis e categorias, com o objetivo de despertar o interesse dos participantes pelo tema abordado e desenvolver a criatividade deles. Esta competi\u00e7\u00e3o \u00e9 aberta a todos os alunos que estejam devidamente matriculados no Ensino Infantil, Fundamental e Ensino M\u00e9dio de qualquer institui\u00e7\u00e3o de ensino brasileira. Tendo uma comiss\u00e3o julgadora que ser\u00e1 respons\u00e1vel por avaliar e pontuar cada atividade, com base em crit\u00e9rios pr\u00e9-definidos, declarar os vencedores e deliberar sobre qualquer situa\u00e7\u00e3o que envolva as regras da Competi\u00e7\u00e3o. Al\u00e9m do p\u00fablico, atrav\u00e9s do voto popular tamb\u00e9m participa do j\u00fari.<\/p>\n","protected":false},"author":1,"featured_media":12649,"parent":0,"menu_order":0,"comment_status":"closed","ping_status":"closed","template":"","meta":{"sfsi_plus_gutenberg_text_before_share":"","sfsi_plus_gutenberg_show_text_before_share":"","sfsi_plus_gutenberg_icon_type":"","sfsi_plus_gutenberg_icon_alignemt":"","sfsi_plus_gutenburg_max_per_row":"","footnotes":""},"coauthors":[81],"class_list":["post-12238","page","type-page","status-publish","has-post-thumbnail","hentry"],"yoast_head":"<!-- This site is optimized with the Yoast SEO plugin v22.8 - https:\/\/yoast.com\/wordpress\/plugins\/seo\/ -->\n<title>CRIE SUA CONSTELA\u00c7\u00c3O - GEAstro<\/title>\n<meta name=\"robots\" content=\"index, follow, max-snippet:-1, max-image-preview:large, max-video-preview:-1\" \/>\n<link rel=\"canonical\" href=\"https:\/\/www.pb.utfpr.edu.br\/geastro\/?page_id=12238\" \/>\n<meta property=\"og:locale\" content=\"pt_BR\" \/>\n<meta property=\"og:type\" content=\"article\" \/>\n<meta property=\"og:title\" content=\"CRIE SUA CONSTELA\u00c7\u00c3O - GEAstro\" \/>\n<meta property=\"og:description\" content=\"A Competi\u00e7\u00e3o Crie sua Constela\u00e7\u00e3o, promovida pelo Grupo de Estudos, pesquisa, extens\u00e3o e inova\u00e7\u00e3o em Astronomia (GEAstro) da Universidade Tecnol\u00f3gica Federal do Paran\u00e1 &#8211; Campus Pato Branco (UTFPR-PB), visa aplicar e integrar conhecimentos adquiridos em Astronomia, atrav\u00e9s da elabora\u00e7\u00e3o de atividade abordando a tem\u00e1tica de Constela\u00e7\u00f5es. Onde no edital pode-se consultar as regras, caracter\u00edsticas e considera\u00e7\u00f5es para a competi\u00e7\u00e3o al\u00e9m do formul\u00e1rio de inscri\u00e7\u00e3o. A Competi\u00e7\u00e3o Crie sua Constela\u00e7\u00e3o tem como objetivo a cria\u00e7\u00e3o em forma de desenho de uma constela\u00e7\u00e3o baseada em uma fra\u00e7\u00e3o do c\u00e9u obtida pelo Stellarium e a produ\u00e7\u00e3o da hist\u00f3ria dessa constela\u00e7\u00e3o, aplicando-se \u00e0 diferentes n\u00edveis e categorias, com o objetivo de despertar o interesse dos participantes pelo tema abordado e desenvolver a criatividade deles. Esta competi\u00e7\u00e3o \u00e9 aberta a todos os alunos que estejam devidamente matriculados no Ensino Infantil, Fundamental e Ensino M\u00e9dio de qualquer institui\u00e7\u00e3o de ensino brasileira. Tendo uma comiss\u00e3o julgadora que ser\u00e1 respons\u00e1vel por avaliar e pontuar cada atividade, com base em crit\u00e9rios pr\u00e9-definidos, declarar os vencedores e deliberar sobre qualquer situa\u00e7\u00e3o que envolva as regras da Competi\u00e7\u00e3o. Al\u00e9m do p\u00fablico, atrav\u00e9s do voto popular tamb\u00e9m participa do j\u00fari.\" \/>\n<meta property=\"og:url\" content=\"https:\/\/www.pb.utfpr.edu.br\/geastro\/?page_id=12238\" \/>\n<meta property=\"og:site_name\" content=\"GEAstro\" \/>\n<meta property=\"article:modified_time\" content=\"2023-11-08T16:59:21+00:00\" \/>\n<meta property=\"og:image\" content=\"https:\/\/www.pb.utfpr.edu.br\/geastro\/wp-content\/uploads\/2023\/11\/WhatsApp-Image-2023-11-07-at-21.02.02-4-1.jpeg\" \/>\n\t<meta property=\"og:image:width\" content=\"1600\" \/>\n\t<meta property=\"og:image:height\" content=\"1600\" \/>\n\t<meta property=\"og:image:type\" content=\"image\/jpeg\" \/>\n<meta name=\"twitter:card\" content=\"summary_large_image\" \/>\n<meta name=\"twitter:label1\" content=\"Est. tempo de leitura\" \/>\n\t<meta name=\"twitter:data1\" content=\"2 minutos\" \/>\n\t<meta name=\"twitter:label2\" content=\"Written by\" \/>\n\t<meta name=\"twitter:data2\" content=\"GEAstro\" \/>\n<script type=\"application\/ld+json\" class=\"yoast-schema-graph\">{\"@context\":\"https:\/\/schema.org\",\"@graph\":[{\"@type\":\"WebPage\",\"@id\":\"https:\/\/www.pb.utfpr.edu.br\/geastro\/?page_id=12238\",\"url\":\"https:\/\/www.pb.utfpr.edu.br\/geastro\/?page_id=12238\",\"name\":\"CRIE SUA CONSTELA\u00c7\u00c3O - GEAstro\",\"isPartOf\":{\"@id\":\"https:\/\/www.pb.utfpr.edu.br\/geastro\/#website\"},\"primaryImageOfPage\":{\"@id\":\"https:\/\/www.pb.utfpr.edu.br\/geastro\/?page_id=12238#primaryimage\"},\"image\":{\"@id\":\"https:\/\/www.pb.utfpr.edu.br\/geastro\/?page_id=12238#primaryimage\"},\"thumbnailUrl\":\"https:\/\/www.pb.utfpr.edu.br\/geastro\/wp-content\/uploads\/2023\/11\/WhatsApp-Image-2023-11-07-at-21.02.02-4-1.jpeg\",\"datePublished\":\"2022-10-25T17:42:04+00:00\",\"dateModified\":\"2023-11-08T16:59:21+00:00\",\"breadcrumb\":{\"@id\":\"https:\/\/www.pb.utfpr.edu.br\/geastro\/?page_id=12238#breadcrumb\"},\"inLanguage\":\"pt-BR\",\"potentialAction\":[{\"@type\":\"ReadAction\",\"target\":[\"https:\/\/www.pb.utfpr.edu.br\/geastro\/?page_id=12238\"]}]},{\"@type\":\"ImageObject\",\"inLanguage\":\"pt-BR\",\"@id\":\"https:\/\/www.pb.utfpr.edu.br\/geastro\/?page_id=12238#primaryimage\",\"url\":\"https:\/\/www.pb.utfpr.edu.br\/geastro\/wp-content\/uploads\/2023\/11\/WhatsApp-Image-2023-11-07-at-21.02.02-4-1.jpeg\",\"contentUrl\":\"https:\/\/www.pb.utfpr.edu.br\/geastro\/wp-content\/uploads\/2023\/11\/WhatsApp-Image-2023-11-07-at-21.02.02-4-1.jpeg\",\"width\":1600,\"height\":1600},{\"@type\":\"BreadcrumbList\",\"@id\":\"https:\/\/www.pb.utfpr.edu.br\/geastro\/?page_id=12238#breadcrumb\",\"itemListElement\":[{\"@type\":\"ListItem\",\"position\":1,\"name\":\"In\u00edcio\",\"item\":\"https:\/\/www.pb.utfpr.edu.br\/geastro\"},{\"@type\":\"ListItem\",\"position\":2,\"name\":\"CRIE SUA CONSTELA\u00c7\u00c3O\"}]},{\"@type\":\"WebSite\",\"@id\":\"https:\/\/www.pb.utfpr.edu.br\/geastro\/#website\",\"url\":\"https:\/\/www.pb.utfpr.edu.br\/geastro\/\",\"name\":\"GEAstro\",\"description\":\"Grupo de Estudos, pesquisa, extens\u00e3o e inova\u00e7\u00e3o em Astronomia\",\"potentialAction\":[{\"@type\":\"SearchAction\",\"target\":{\"@type\":\"EntryPoint\",\"urlTemplate\":\"https:\/\/www.pb.utfpr.edu.br\/geastro\/?s={search_term_string}\"},\"query-input\":\"required name=search_term_string\"}],\"inLanguage\":\"pt-BR\"}]}<\/script>\n<!-- \/ Yoast SEO plugin. -->","yoast_head_json":{"title":"CRIE SUA CONSTELA\u00c7\u00c3O - GEAstro","robots":{"index":"index","follow":"follow","max-snippet":"max-snippet:-1","max-image-preview":"max-image-preview:large","max-video-preview":"max-video-preview:-1"},"canonical":"https:\/\/www.pb.utfpr.edu.br\/geastro\/?page_id=12238","og_locale":"pt_BR","og_type":"article","og_title":"CRIE SUA CONSTELA\u00c7\u00c3O - GEAstro","og_description":"A Competi\u00e7\u00e3o Crie sua Constela\u00e7\u00e3o, promovida pelo Grupo de Estudos, pesquisa, extens\u00e3o e inova\u00e7\u00e3o em Astronomia (GEAstro) da Universidade Tecnol\u00f3gica Federal do Paran\u00e1 &#8211; Campus Pato Branco (UTFPR-PB), visa aplicar e integrar conhecimentos adquiridos em Astronomia, atrav\u00e9s da elabora\u00e7\u00e3o de atividade abordando a tem\u00e1tica de Constela\u00e7\u00f5es. Onde no edital pode-se consultar as regras, caracter\u00edsticas e considera\u00e7\u00f5es para a competi\u00e7\u00e3o al\u00e9m do formul\u00e1rio de inscri\u00e7\u00e3o. A Competi\u00e7\u00e3o Crie sua Constela\u00e7\u00e3o tem como objetivo a cria\u00e7\u00e3o em forma de desenho de uma constela\u00e7\u00e3o baseada em uma fra\u00e7\u00e3o do c\u00e9u obtida pelo Stellarium e a produ\u00e7\u00e3o da hist\u00f3ria dessa constela\u00e7\u00e3o, aplicando-se \u00e0 diferentes n\u00edveis e categorias, com o objetivo de despertar o interesse dos participantes pelo tema abordado e desenvolver a criatividade deles. Esta competi\u00e7\u00e3o \u00e9 aberta a todos os alunos que estejam devidamente matriculados no Ensino Infantil, Fundamental e Ensino M\u00e9dio de qualquer institui\u00e7\u00e3o de ensino brasileira. Tendo uma comiss\u00e3o julgadora que ser\u00e1 respons\u00e1vel por avaliar e pontuar cada atividade, com base em crit\u00e9rios pr\u00e9-definidos, declarar os vencedores e deliberar sobre qualquer situa\u00e7\u00e3o que envolva as regras da Competi\u00e7\u00e3o. Al\u00e9m do p\u00fablico, atrav\u00e9s do voto popular tamb\u00e9m participa do j\u00fari.","og_url":"https:\/\/www.pb.utfpr.edu.br\/geastro\/?page_id=12238","og_site_name":"GEAstro","article_modified_time":"2023-11-08T16:59:21+00:00","og_image":[{"width":1600,"height":1600,"url":"https:\/\/www.pb.utfpr.edu.br\/geastro\/wp-content\/uploads\/2023\/11\/WhatsApp-Image-2023-11-07-at-21.02.02-4-1.jpeg","type":"image\/jpeg"}],"twitter_card":"summary_large_image","twitter_misc":{"Est. tempo de leitura":"2 minutos","Written by":"GEAstro"},"schema":{"@context":"https:\/\/schema.org","@graph":[{"@type":"WebPage","@id":"https:\/\/www.pb.utfpr.edu.br\/geastro\/?page_id=12238","url":"https:\/\/www.pb.utfpr.edu.br\/geastro\/?page_id=12238","name":"CRIE SUA CONSTELA\u00c7\u00c3O - GEAstro","isPartOf":{"@id":"https:\/\/www.pb.utfpr.edu.br\/geastro\/#website"},"primaryImageOfPage":{"@id":"https:\/\/www.pb.utfpr.edu.br\/geastro\/?page_id=12238#primaryimage"},"image":{"@id":"https:\/\/www.pb.utfpr.edu.br\/geastro\/?page_id=12238#primaryimage"},"thumbnailUrl":"https:\/\/www.pb.utfpr.edu.br\/geastro\/wp-content\/uploads\/2023\/11\/WhatsApp-Image-2023-11-07-at-21.02.02-4-1.jpeg","datePublished":"2022-10-25T17:42:04+00:00","dateModified":"2023-11-08T16:59:21+00:00","breadcrumb":{"@id":"https:\/\/www.pb.utfpr.edu.br\/geastro\/?page_id=12238#breadcrumb"},"inLanguage":"pt-BR","potentialAction":[{"@type":"ReadAction","target":["https:\/\/www.pb.utfpr.edu.br\/geastro\/?page_id=12238"]}]},{"@type":"ImageObject","inLanguage":"pt-BR","@id":"https:\/\/www.pb.utfpr.edu.br\/geastro\/?page_id=12238#primaryimage","url":"https:\/\/www.pb.utfpr.edu.br\/geastro\/wp-content\/uploads\/2023\/11\/WhatsApp-Image-2023-11-07-at-21.02.02-4-1.jpeg","contentUrl":"https:\/\/www.pb.utfpr.edu.br\/geastro\/wp-content\/uploads\/2023\/11\/WhatsApp-Image-2023-11-07-at-21.02.02-4-1.jpeg","width":1600,"height":1600},{"@type":"BreadcrumbList","@id":"https:\/\/www.pb.utfpr.edu.br\/geastro\/?page_id=12238#breadcrumb","itemListElement":[{"@type":"ListItem","position":1,"name":"In\u00edcio","item":"https:\/\/www.pb.utfpr.edu.br\/geastro"},{"@type":"ListItem","position":2,"name":"CRIE SUA CONSTELA\u00c7\u00c3O"}]},{"@type":"WebSite","@id":"https:\/\/www.pb.utfpr.edu.br\/geastro\/#website","url":"https:\/\/www.pb.utfpr.edu.br\/geastro\/","name":"GEAstro","description":"Grupo de Estudos, pesquisa, extens\u00e3o e inova\u00e7\u00e3o em Astronomia","potentialAction":[{"@type":"SearchAction","target":{"@type":"EntryPoint","urlTemplate":"https:\/\/www.pb.utfpr.edu.br\/geastro\/?s={search_term_string}"},"query-input":"required name=search_term_string"}],"inLanguage":"pt-BR"}]}},"jetpack_sharing_enabled":true,"_links":{"self":[{"href":"https:\/\/www.pb.utfpr.edu.br\/geastro\/index.php?rest_route=\/wp\/v2\/pages\/12238"}],"collection":[{"href":"https:\/\/www.pb.utfpr.edu.br\/geastro\/index.php?rest_route=\/wp\/v2\/pages"}],"about":[{"href":"https:\/\/www.pb.utfpr.edu.br\/geastro\/index.php?rest_route=\/wp\/v2\/types\/page"}],"author":[{"embeddable":true,"href":"https:\/\/www.pb.utfpr.edu.br\/geastro\/index.php?rest_route=\/wp\/v2\/users\/1"}],"replies":[{"embeddable":true,"href":"https:\/\/www.pb.utfpr.edu.br\/geastro\/index.php?rest_route=%2Fwp%2Fv2%2Fcomments&post=12238"}],"version-history":[{"count":16,"href":"https:\/\/www.pb.utfpr.edu.br\/geastro\/index.php?rest_route=\/wp\/v2\/pages\/12238\/revisions"}],"predecessor-version":[{"id":12656,"href":"https:\/\/www.pb.utfpr.edu.br\/geastro\/index.php?rest_route=\/wp\/v2\/pages\/12238\/revisions\/12656"}],"wp:featuredmedia":[{"embeddable":true,"href":"https:\/\/www.pb.utfpr.edu.br\/geastro\/index.php?rest_route=\/wp\/v2\/media\/12649"}],"wp:attachment":[{"href":"https:\/\/www.pb.utfpr.edu.br\/geastro\/index.php?rest_route=%2Fwp%2Fv2%2Fmedia&parent=12238"}],"wp:term":[{"taxonomy":"author","embeddable":true,"href":"https:\/\/www.pb.utfpr.edu.br\/geastro\/index.php?rest_route=%2Fwp%2Fv2%2Fcoauthors&post=12238"}],"curies":[{"name":"wp","href":"https:\/\/api.w.org\/{rel}","templated":true}]}}