{"id":12254,"date":"2022-10-25T14:52:15","date_gmt":"2022-10-25T17:52:15","guid":{"rendered":"https:\/\/www.pb.utfpr.edu.br\/geastro\/?page_id=12254"},"modified":"2023-11-07T21:20:12","modified_gmt":"2023-11-08T00:20:12","slug":"exposicao","status":"publish","type":"page","link":"https:\/\/www.pb.utfpr.edu.br\/geastro\/?page_id=12254","title":{"rendered":"ASTROKIDS"},"content":{"rendered":"\n<p>A Exposi\u00e7\u00e3o, promovida pelo Grupo de Estudos, pesquisa, extens\u00e3o e inova\u00e7\u00e3o em Astronomia (GEAstro) da Universidade Tecnol\u00f3gica Federal do Paran\u00e1 &#8211; Campus Pato Branco (UTFPR-PB), visa disseminar o interesse pela ci\u00eancia observando e interagindo com itens do nosso acervo sobre as diversas \u00e1reas que o grupo atua em rela\u00e7\u00e3o a Astronomia e Ci\u00eancia Afins.<\/p>\n\n\n\n<p>Com a era da desinforma\u00e7\u00e3o, e das pseudoci\u00eancias uma das nossas principais preocupa\u00e7\u00f5es \u00e9 ensinar e trazer conhecimento com base te\u00f3rica e cient\u00edfica. Com isso,teremos diversas atividades, desde jogos, exposi\u00e7\u00f5es, tarefas l\u00fadicas e did\u00e1ticas para o ensino de Astronomia que se aplicam para crian\u00e7as, jovens e adultos.<\/p>\n","protected":false},"excerpt":{"rendered":"<p>A Exposi\u00e7\u00e3o, promovida pelo Grupo de Estudos, pesquisa, extens\u00e3o e inova\u00e7\u00e3o em Astronomia (GEAstro) da Universidade Tecnol\u00f3gica Federal do Paran\u00e1 &#8211; Campus Pato Branco (UTFPR-PB), visa disseminar o interesse pela ci\u00eancia observando e interagindo com itens do nosso acervo sobre as diversas \u00e1reas que o grupo atua em rela\u00e7\u00e3o a Astronomia e Ci\u00eancia Afins. Com a era da desinforma\u00e7\u00e3o, e das pseudoci\u00eancias uma das nossas principais preocupa\u00e7\u00f5es \u00e9 ensinar e trazer conhecimento com base te\u00f3rica e cient\u00edfica. Com isso,teremos diversas atividades, desde jogos, exposi\u00e7\u00f5es, tarefas l\u00fadicas e did\u00e1ticas para o ensino de Astronomia que se aplicam para crian\u00e7as, jovens e adultos.<\/p>\n","protected":false},"author":1,"featured_media":12644,"parent":0,"menu_order":0,"comment_status":"closed","ping_status":"closed","template":"","meta":{"sfsi_plus_gutenberg_text_before_share":"","sfsi_plus_gutenberg_show_text_before_share":"","sfsi_plus_gutenberg_icon_type":"","sfsi_plus_gutenberg_icon_alignemt":"","sfsi_plus_gutenburg_max_per_row":"","footnotes":""},"coauthors":[81],"class_list":["post-12254","page","type-page","status-publish","has-post-thumbnail","hentry"],"yoast_head":"<!-- This site is optimized with the Yoast SEO plugin v22.8 - https:\/\/yoast.com\/wordpress\/plugins\/seo\/ -->\n<title>ASTROKIDS - GEAstro<\/title>\n<meta name=\"robots\" content=\"index, follow, max-snippet:-1, max-image-preview:large, max-video-preview:-1\" \/>\n<link rel=\"canonical\" href=\"https:\/\/www.pb.utfpr.edu.br\/geastro\/?page_id=12254\" \/>\n<meta property=\"og:locale\" content=\"pt_BR\" \/>\n<meta property=\"og:type\" content=\"article\" \/>\n<meta property=\"og:title\" content=\"ASTROKIDS - GEAstro\" \/>\n<meta property=\"og:description\" content=\"A Exposi\u00e7\u00e3o, promovida pelo Grupo de Estudos, pesquisa, extens\u00e3o e inova\u00e7\u00e3o em Astronomia (GEAstro) da Universidade Tecnol\u00f3gica Federal do Paran\u00e1 &#8211; Campus Pato Branco (UTFPR-PB), visa disseminar o interesse pela ci\u00eancia observando e interagindo com itens do nosso acervo sobre as diversas \u00e1reas que o grupo atua em rela\u00e7\u00e3o a Astronomia e Ci\u00eancia Afins. Com a era da desinforma\u00e7\u00e3o, e das pseudoci\u00eancias uma das nossas principais preocupa\u00e7\u00f5es \u00e9 ensinar e trazer conhecimento com base te\u00f3rica e cient\u00edfica. Com isso,teremos diversas atividades, desde jogos, exposi\u00e7\u00f5es, tarefas l\u00fadicas e did\u00e1ticas para o ensino de Astronomia que se aplicam para crian\u00e7as, jovens e adultos.\" \/>\n<meta property=\"og:url\" content=\"https:\/\/www.pb.utfpr.edu.br\/geastro\/?page_id=12254\" \/>\n<meta property=\"og:site_name\" content=\"GEAstro\" \/>\n<meta property=\"article:modified_time\" content=\"2023-11-08T00:20:12+00:00\" \/>\n<meta property=\"og:image\" content=\"https:\/\/www.pb.utfpr.edu.br\/geastro\/wp-content\/uploads\/2023\/11\/WhatsApp-Image-2023-11-07-at-21.02.02-2-1.jpeg\" \/>\n\t<meta property=\"og:image:width\" content=\"1600\" \/>\n\t<meta property=\"og:image:height\" content=\"1600\" \/>\n\t<meta property=\"og:image:type\" content=\"image\/jpeg\" \/>\n<meta name=\"twitter:card\" content=\"summary_large_image\" \/>\n<meta name=\"twitter:label1\" content=\"Est. tempo de leitura\" \/>\n\t<meta name=\"twitter:data1\" content=\"1 minuto\" \/>\n\t<meta name=\"twitter:label2\" content=\"Written by\" \/>\n\t<meta name=\"twitter:data2\" content=\"GEAstro\" \/>\n<script type=\"application\/ld+json\" class=\"yoast-schema-graph\">{\"@context\":\"https:\/\/schema.org\",\"@graph\":[{\"@type\":\"WebPage\",\"@id\":\"https:\/\/www.pb.utfpr.edu.br\/geastro\/?page_id=12254\",\"url\":\"https:\/\/www.pb.utfpr.edu.br\/geastro\/?page_id=12254\",\"name\":\"ASTROKIDS - GEAstro\",\"isPartOf\":{\"@id\":\"https:\/\/www.pb.utfpr.edu.br\/geastro\/#website\"},\"primaryImageOfPage\":{\"@id\":\"https:\/\/www.pb.utfpr.edu.br\/geastro\/?page_id=12254#primaryimage\"},\"image\":{\"@id\":\"https:\/\/www.pb.utfpr.edu.br\/geastro\/?page_id=12254#primaryimage\"},\"thumbnailUrl\":\"https:\/\/www.pb.utfpr.edu.br\/geastro\/wp-content\/uploads\/2023\/11\/WhatsApp-Image-2023-11-07-at-21.02.02-2-1.jpeg\",\"datePublished\":\"2022-10-25T17:52:15+00:00\",\"dateModified\":\"2023-11-08T00:20:12+00:00\",\"breadcrumb\":{\"@id\":\"https:\/\/www.pb.utfpr.edu.br\/geastro\/?page_id=12254#breadcrumb\"},\"inLanguage\":\"pt-BR\",\"potentialAction\":[{\"@type\":\"ReadAction\",\"target\":[\"https:\/\/www.pb.utfpr.edu.br\/geastro\/?page_id=12254\"]}]},{\"@type\":\"ImageObject\",\"inLanguage\":\"pt-BR\",\"@id\":\"https:\/\/www.pb.utfpr.edu.br\/geastro\/?page_id=12254#primaryimage\",\"url\":\"https:\/\/www.pb.utfpr.edu.br\/geastro\/wp-content\/uploads\/2023\/11\/WhatsApp-Image-2023-11-07-at-21.02.02-2-1.jpeg\",\"contentUrl\":\"https:\/\/www.pb.utfpr.edu.br\/geastro\/wp-content\/uploads\/2023\/11\/WhatsApp-Image-2023-11-07-at-21.02.02-2-1.jpeg\",\"width\":1600,\"height\":1600},{\"@type\":\"BreadcrumbList\",\"@id\":\"https:\/\/www.pb.utfpr.edu.br\/geastro\/?page_id=12254#breadcrumb\",\"itemListElement\":[{\"@type\":\"ListItem\",\"position\":1,\"name\":\"In\u00edcio\",\"item\":\"https:\/\/www.pb.utfpr.edu.br\/geastro\"},{\"@type\":\"ListItem\",\"position\":2,\"name\":\"ASTROKIDS\"}]},{\"@type\":\"WebSite\",\"@id\":\"https:\/\/www.pb.utfpr.edu.br\/geastro\/#website\",\"url\":\"https:\/\/www.pb.utfpr.edu.br\/geastro\/\",\"name\":\"GEAstro\",\"description\":\"Grupo de Estudos, pesquisa, extens\u00e3o e inova\u00e7\u00e3o em Astronomia\",\"potentialAction\":[{\"@type\":\"SearchAction\",\"target\":{\"@type\":\"EntryPoint\",\"urlTemplate\":\"https:\/\/www.pb.utfpr.edu.br\/geastro\/?s={search_term_string}\"},\"query-input\":\"required name=search_term_string\"}],\"inLanguage\":\"pt-BR\"}]}<\/script>\n<!-- \/ Yoast SEO plugin. -->","yoast_head_json":{"title":"ASTROKIDS - GEAstro","robots":{"index":"index","follow":"follow","max-snippet":"max-snippet:-1","max-image-preview":"max-image-preview:large","max-video-preview":"max-video-preview:-1"},"canonical":"https:\/\/www.pb.utfpr.edu.br\/geastro\/?page_id=12254","og_locale":"pt_BR","og_type":"article","og_title":"ASTROKIDS - GEAstro","og_description":"A Exposi\u00e7\u00e3o, promovida pelo Grupo de Estudos, pesquisa, extens\u00e3o e inova\u00e7\u00e3o em Astronomia (GEAstro) da Universidade Tecnol\u00f3gica Federal do Paran\u00e1 &#8211; Campus Pato Branco (UTFPR-PB), visa disseminar o interesse pela ci\u00eancia observando e interagindo com itens do nosso acervo sobre as diversas \u00e1reas que o grupo atua em rela\u00e7\u00e3o a Astronomia e Ci\u00eancia Afins. Com a era da desinforma\u00e7\u00e3o, e das pseudoci\u00eancias uma das nossas principais preocupa\u00e7\u00f5es \u00e9 ensinar e trazer conhecimento com base te\u00f3rica e cient\u00edfica. Com isso,teremos diversas atividades, desde jogos, exposi\u00e7\u00f5es, tarefas l\u00fadicas e did\u00e1ticas para o ensino de Astronomia que se aplicam para crian\u00e7as, jovens e adultos.","og_url":"https:\/\/www.pb.utfpr.edu.br\/geastro\/?page_id=12254","og_site_name":"GEAstro","article_modified_time":"2023-11-08T00:20:12+00:00","og_image":[{"width":1600,"height":1600,"url":"https:\/\/www.pb.utfpr.edu.br\/geastro\/wp-content\/uploads\/2023\/11\/WhatsApp-Image-2023-11-07-at-21.02.02-2-1.jpeg","type":"image\/jpeg"}],"twitter_card":"summary_large_image","twitter_misc":{"Est. tempo de leitura":"1 minuto","Written by":"GEAstro"},"schema":{"@context":"https:\/\/schema.org","@graph":[{"@type":"WebPage","@id":"https:\/\/www.pb.utfpr.edu.br\/geastro\/?page_id=12254","url":"https:\/\/www.pb.utfpr.edu.br\/geastro\/?page_id=12254","name":"ASTROKIDS - GEAstro","isPartOf":{"@id":"https:\/\/www.pb.utfpr.edu.br\/geastro\/#website"},"primaryImageOfPage":{"@id":"https:\/\/www.pb.utfpr.edu.br\/geastro\/?page_id=12254#primaryimage"},"image":{"@id":"https:\/\/www.pb.utfpr.edu.br\/geastro\/?page_id=12254#primaryimage"},"thumbnailUrl":"https:\/\/www.pb.utfpr.edu.br\/geastro\/wp-content\/uploads\/2023\/11\/WhatsApp-Image-2023-11-07-at-21.02.02-2-1.jpeg","datePublished":"2022-10-25T17:52:15+00:00","dateModified":"2023-11-08T00:20:12+00:00","breadcrumb":{"@id":"https:\/\/www.pb.utfpr.edu.br\/geastro\/?page_id=12254#breadcrumb"},"inLanguage":"pt-BR","potentialAction":[{"@type":"ReadAction","target":["https:\/\/www.pb.utfpr.edu.br\/geastro\/?page_id=12254"]}]},{"@type":"ImageObject","inLanguage":"pt-BR","@id":"https:\/\/www.pb.utfpr.edu.br\/geastro\/?page_id=12254#primaryimage","url":"https:\/\/www.pb.utfpr.edu.br\/geastro\/wp-content\/uploads\/2023\/11\/WhatsApp-Image-2023-11-07-at-21.02.02-2-1.jpeg","contentUrl":"https:\/\/www.pb.utfpr.edu.br\/geastro\/wp-content\/uploads\/2023\/11\/WhatsApp-Image-2023-11-07-at-21.02.02-2-1.jpeg","width":1600,"height":1600},{"@type":"BreadcrumbList","@id":"https:\/\/www.pb.utfpr.edu.br\/geastro\/?page_id=12254#breadcrumb","itemListElement":[{"@type":"ListItem","position":1,"name":"In\u00edcio","item":"https:\/\/www.pb.utfpr.edu.br\/geastro"},{"@type":"ListItem","position":2,"name":"ASTROKIDS"}]},{"@type":"WebSite","@id":"https:\/\/www.pb.utfpr.edu.br\/geastro\/#website","url":"https:\/\/www.pb.utfpr.edu.br\/geastro\/","name":"GEAstro","description":"Grupo de Estudos, pesquisa, extens\u00e3o e inova\u00e7\u00e3o em Astronomia","potentialAction":[{"@type":"SearchAction","target":{"@type":"EntryPoint","urlTemplate":"https:\/\/www.pb.utfpr.edu.br\/geastro\/?s={search_term_string}"},"query-input":"required name=search_term_string"}],"inLanguage":"pt-BR"}]}},"jetpack_sharing_enabled":true,"_links":{"self":[{"href":"https:\/\/www.pb.utfpr.edu.br\/geastro\/index.php?rest_route=\/wp\/v2\/pages\/12254"}],"collection":[{"href":"https:\/\/www.pb.utfpr.edu.br\/geastro\/index.php?rest_route=\/wp\/v2\/pages"}],"about":[{"href":"https:\/\/www.pb.utfpr.edu.br\/geastro\/index.php?rest_route=\/wp\/v2\/types\/page"}],"author":[{"embeddable":true,"href":"https:\/\/www.pb.utfpr.edu.br\/geastro\/index.php?rest_route=\/wp\/v2\/users\/1"}],"replies":[{"embeddable":true,"href":"https:\/\/www.pb.utfpr.edu.br\/geastro\/index.php?rest_route=%2Fwp%2Fv2%2Fcomments&post=12254"}],"version-history":[{"count":3,"href":"https:\/\/www.pb.utfpr.edu.br\/geastro\/index.php?rest_route=\/wp\/v2\/pages\/12254\/revisions"}],"predecessor-version":[{"id":12654,"href":"https:\/\/www.pb.utfpr.edu.br\/geastro\/index.php?rest_route=\/wp\/v2\/pages\/12254\/revisions\/12654"}],"wp:featuredmedia":[{"embeddable":true,"href":"https:\/\/www.pb.utfpr.edu.br\/geastro\/index.php?rest_route=\/wp\/v2\/media\/12644"}],"wp:attachment":[{"href":"https:\/\/www.pb.utfpr.edu.br\/geastro\/index.php?rest_route=%2Fwp%2Fv2%2Fmedia&parent=12254"}],"wp:term":[{"taxonomy":"author","embeddable":true,"href":"https:\/\/www.pb.utfpr.edu.br\/geastro\/index.php?rest_route=%2Fwp%2Fv2%2Fcoauthors&post=12254"}],"curies":[{"name":"wp","href":"https:\/\/api.w.org\/{rel}","templated":true}]}}