{"id":2688,"date":"2017-09-04T11:56:29","date_gmt":"2017-09-04T14:56:29","guid":{"rendered":"http:\/\/www.pb.utfpr.edu.br\/geastro\/?page_id=2688"},"modified":"2017-09-04T12:12:27","modified_gmt":"2017-09-04T15:12:27","slug":"restaurantes","status":"publish","type":"page","link":"https:\/\/www.pb.utfpr.edu.br\/geastro\/?page_id=2688","title":{"rendered":"Restaurantes"},"content":{"rendered":"<p style=\"text-align: center;\">\n<table width=\"603\">\n<tbody>\n<tr>\n<td width=\"603\">\n<p style=\"text-align: center;\">\n<h2 style=\"text-align: center;\"><strong>Rela\u00e7\u00e3o de Restaurantes em Pato Branco<\/strong><\/h2>\n<\/td>\n<\/tr>\n<tr>\n<td width=\"603\">&nbsp;<\/p>\n<p style=\"text-align: center;\">Restaurante Angelica Regina\u00a0 &#8211; Rua Tapir, 1199 &#8211;\u00a0 Centro<\/p>\n<p style=\"text-align: center;\">(46) 3025-3244<\/p>\n<p style=\"text-align: center;\">\n<\/td>\n<\/tr>\n<tr>\n<td width=\"603\">&nbsp;<\/p>\n<p style=\"text-align: center;\">Benedito Bar e Trattoria \u2013 Avenida Tupi, s\/n &#8211; Bras\u00edlia<\/p>\n<p style=\"text-align: center;\">(46) 3223-4857<\/p>\n<p style=\"text-align: center;\">\n<\/td>\n<\/tr>\n<tr>\n<td width=\"603\">\n<p style=\"text-align: center;\">\n<p style=\"text-align: center;\">Pat\u00f4 Lanches &#8211; Rua Caramuru, 802 &#8211; Centro<\/p>\n<p style=\"text-align: center;\">(46) 3225-5165<\/p>\n<p>&nbsp;<\/td>\n<\/tr>\n<tr>\n<td width=\"603\">&nbsp;<\/p>\n<p style=\"text-align: center;\">Italia Panificadora &#8211; Rua Igua\u00e7u, 790 &#8211; Centro<\/p>\n<p style=\"text-align: center;\">(46) 3225-2934<\/p>\n<p>&nbsp;<\/td>\n<\/tr>\n<tr>\n<td width=\"603\">&nbsp;<\/p>\n<p style=\"text-align: center;\">\u00c1gua Doce Cacha\u00e7aria &#8211; Avenida Tupi, 885 &#8211; Vila Izabel<\/p>\n<p style=\"text-align: center;\">(46) 3224-4000<\/p>\n<p>&nbsp;<\/td>\n<\/tr>\n<tr>\n<td width=\"603\">&nbsp;<\/p>\n<p style=\"text-align: center;\">Gord\u00e3o Lanches \u2013 Rua Tamoio, 655 \u2013 Centro<\/p>\n<p style=\"text-align: center;\">(46) 3225-7443<\/p>\n<p>&nbsp;<\/td>\n<\/tr>\n<tr>\n<td width=\"603\">&nbsp;<\/p>\n<p style=\"text-align: center;\">Santorini Grill \u2013 Avenida Tupi, 2200 \u2013 Centro<\/p>\n<p style=\"text-align: center;\">(46) 3225-2518<\/p>\n<p>&nbsp;<\/td>\n<\/tr>\n<tr>\n<td width=\"603\">&nbsp;<\/p>\n<p style=\"text-align: center;\">Casar\u00e3o Carnes e Massas \u2013 Rua Goianenses, 557 \u2013 Centro<\/p>\n<p style=\"text-align: center;\">(46) 3225-0839<\/p>\n<p>&nbsp;<\/td>\n<\/tr>\n<tr>\n<td width=\"603\">\n<p style=\"text-align: center;\">\n<p style=\"text-align: center;\">Boccata Restaurante &#8211; Rua Itabira, 1276 \u2013 Centro<\/p>\n<p style=\"text-align: center;\">(46) 3225-4064<\/p>\n<p>&nbsp;<\/td>\n<\/tr>\n<\/tbody>\n<\/table>\n","protected":false},"excerpt":{"rendered":"<p>Rela\u00e7\u00e3o de Restaurantes em Pato Branco &nbsp; Restaurante Angelica Regina\u00a0 &#8211; Rua Tapir, 1199 &#8211;\u00a0 Centro (46) 3025-3244 &nbsp; Benedito Bar e Trattoria \u2013 Avenida Tupi, s\/n &#8211; Bras\u00edlia (46) 3223-4857 Pat\u00f4 Lanches &#8211; Rua Caramuru, 802 &#8211; Centro (46) 3225-5165 &nbsp; &nbsp; Italia Panificadora &#8211; Rua Igua\u00e7u, 790 &#8211; Centro (46) 3225-2934 &nbsp; &nbsp; \u00c1gua Doce Cacha\u00e7aria &#8211; Avenida Tupi, 885 &#8211; Vila Izabel (46) 3224-4000 &nbsp; &nbsp; Gord\u00e3o Lanches \u2013 Rua Tamoio, 655 \u2013 Centro (46) 3225-7443 &nbsp; &nbsp; Santorini Grill \u2013 Avenida Tupi, 2200 \u2013 Centro (46) 3225-2518 &nbsp; &nbsp; Casar\u00e3o Carnes e Massas \u2013 Rua Goianenses, 557 \u2013 Centro (46) 3225-0839 &nbsp; Boccata Restaurante &#8211; Rua Itabira, 1276 \u2013 Centro (46) 3225-4064 &nbsp;<\/p>\n","protected":false},"author":1,"featured_media":0,"parent":1402,"menu_order":2,"comment_status":"closed","ping_status":"closed","template":"","meta":{"sfsi_plus_gutenberg_text_before_share":"","sfsi_plus_gutenberg_show_text_before_share":"","sfsi_plus_gutenberg_icon_type":"","sfsi_plus_gutenberg_icon_alignemt":"","sfsi_plus_gutenburg_max_per_row":"","footnotes":""},"coauthors":[],"class_list":["post-2688","page","type-page","status-publish","hentry"],"yoast_head":"<!-- This site is optimized with the Yoast SEO plugin v22.8 - https:\/\/yoast.com\/wordpress\/plugins\/seo\/ -->\n<title>Restaurantes - GEAstro<\/title>\n<meta name=\"robots\" content=\"index, follow, max-snippet:-1, max-image-preview:large, max-video-preview:-1\" \/>\n<link rel=\"canonical\" href=\"https:\/\/www.pb.utfpr.edu.br\/geastro\/?page_id=2688\" \/>\n<meta property=\"og:locale\" content=\"pt_BR\" \/>\n<meta property=\"og:type\" content=\"article\" \/>\n<meta property=\"og:title\" content=\"Restaurantes - GEAstro\" \/>\n<meta property=\"og:description\" content=\"Rela\u00e7\u00e3o de Restaurantes em Pato Branco &nbsp; Restaurante Angelica Regina\u00a0 &#8211; Rua Tapir, 1199 &#8211;\u00a0 Centro (46) 3025-3244 &nbsp; Benedito Bar e Trattoria \u2013 Avenida Tupi, s\/n &#8211; Bras\u00edlia (46) 3223-4857 Pat\u00f4 Lanches &#8211; Rua Caramuru, 802 &#8211; Centro (46) 3225-5165 &nbsp; &nbsp; Italia Panificadora &#8211; Rua Igua\u00e7u, 790 &#8211; Centro (46) 3225-2934 &nbsp; &nbsp; \u00c1gua Doce Cacha\u00e7aria &#8211; Avenida Tupi, 885 &#8211; Vila Izabel (46) 3224-4000 &nbsp; &nbsp; Gord\u00e3o Lanches \u2013 Rua Tamoio, 655 \u2013 Centro (46) 3225-7443 &nbsp; &nbsp; Santorini Grill \u2013 Avenida Tupi, 2200 \u2013 Centro (46) 3225-2518 &nbsp; &nbsp; Casar\u00e3o Carnes e Massas \u2013 Rua Goianenses, 557 \u2013 Centro (46) 3225-0839 &nbsp; Boccata Restaurante &#8211; Rua Itabira, 1276 \u2013 Centro (46) 3225-4064 &nbsp;\" \/>\n<meta property=\"og:url\" content=\"https:\/\/www.pb.utfpr.edu.br\/geastro\/?page_id=2688\" \/>\n<meta property=\"og:site_name\" content=\"GEAstro\" \/>\n<meta property=\"article:modified_time\" content=\"2017-09-04T15:12:27+00:00\" \/>\n<meta name=\"twitter:card\" content=\"summary_large_image\" \/>\n<meta name=\"twitter:label1\" content=\"Written by\" \/>\n\t<meta name=\"twitter:data1\" content=\"GEAstro\" \/>\n<script type=\"application\/ld+json\" class=\"yoast-schema-graph\">{\"@context\":\"https:\/\/schema.org\",\"@graph\":[{\"@type\":\"WebPage\",\"@id\":\"https:\/\/www.pb.utfpr.edu.br\/geastro\/?page_id=2688\",\"url\":\"https:\/\/www.pb.utfpr.edu.br\/geastro\/?page_id=2688\",\"name\":\"Restaurantes - GEAstro\",\"isPartOf\":{\"@id\":\"https:\/\/www.pb.utfpr.edu.br\/geastro\/#website\"},\"datePublished\":\"2017-09-04T14:56:29+00:00\",\"dateModified\":\"2017-09-04T15:12:27+00:00\",\"breadcrumb\":{\"@id\":\"https:\/\/www.pb.utfpr.edu.br\/geastro\/?page_id=2688#breadcrumb\"},\"inLanguage\":\"pt-BR\",\"potentialAction\":[{\"@type\":\"ReadAction\",\"target\":[\"https:\/\/www.pb.utfpr.edu.br\/geastro\/?page_id=2688\"]}]},{\"@type\":\"BreadcrumbList\",\"@id\":\"https:\/\/www.pb.utfpr.edu.br\/geastro\/?page_id=2688#breadcrumb\",\"itemListElement\":[{\"@type\":\"ListItem\",\"position\":1,\"name\":\"In\u00edcio\",\"item\":\"https:\/\/www.pb.utfpr.edu.br\/geastro\"},{\"@type\":\"ListItem\",\"position\":2,\"name\":\"14\u00ba EPAST\",\"item\":\"https:\/\/www.pb.utfpr.edu.br\/geastro\/?page_id=829\"},{\"@type\":\"ListItem\",\"position\":3,\"name\":\"Informa\u00e7\u00f5es \u00dateis\",\"item\":\"http:\/\/www.pb.utfpr.edu.br\/geastro\/?page_id=1402\"},{\"@type\":\"ListItem\",\"position\":4,\"name\":\"Restaurantes\"}]},{\"@type\":\"WebSite\",\"@id\":\"https:\/\/www.pb.utfpr.edu.br\/geastro\/#website\",\"url\":\"https:\/\/www.pb.utfpr.edu.br\/geastro\/\",\"name\":\"GEAstro\",\"description\":\"Grupo de Estudos, pesquisa, extens\u00e3o e inova\u00e7\u00e3o em Astronomia\",\"potentialAction\":[{\"@type\":\"SearchAction\",\"target\":{\"@type\":\"EntryPoint\",\"urlTemplate\":\"https:\/\/www.pb.utfpr.edu.br\/geastro\/?s={search_term_string}\"},\"query-input\":\"required name=search_term_string\"}],\"inLanguage\":\"pt-BR\"}]}<\/script>\n<!-- \/ Yoast SEO plugin. -->","yoast_head_json":{"title":"Restaurantes - GEAstro","robots":{"index":"index","follow":"follow","max-snippet":"max-snippet:-1","max-image-preview":"max-image-preview:large","max-video-preview":"max-video-preview:-1"},"canonical":"https:\/\/www.pb.utfpr.edu.br\/geastro\/?page_id=2688","og_locale":"pt_BR","og_type":"article","og_title":"Restaurantes - GEAstro","og_description":"Rela\u00e7\u00e3o de Restaurantes em Pato Branco &nbsp; Restaurante Angelica Regina\u00a0 &#8211; Rua Tapir, 1199 &#8211;\u00a0 Centro (46) 3025-3244 &nbsp; Benedito Bar e Trattoria \u2013 Avenida Tupi, s\/n &#8211; Bras\u00edlia (46) 3223-4857 Pat\u00f4 Lanches &#8211; Rua Caramuru, 802 &#8211; Centro (46) 3225-5165 &nbsp; &nbsp; Italia Panificadora &#8211; Rua Igua\u00e7u, 790 &#8211; Centro (46) 3225-2934 &nbsp; &nbsp; \u00c1gua Doce Cacha\u00e7aria &#8211; Avenida Tupi, 885 &#8211; Vila Izabel (46) 3224-4000 &nbsp; &nbsp; Gord\u00e3o Lanches \u2013 Rua Tamoio, 655 \u2013 Centro (46) 3225-7443 &nbsp; &nbsp; Santorini Grill \u2013 Avenida Tupi, 2200 \u2013 Centro (46) 3225-2518 &nbsp; &nbsp; Casar\u00e3o Carnes e Massas \u2013 Rua Goianenses, 557 \u2013 Centro (46) 3225-0839 &nbsp; Boccata Restaurante &#8211; Rua Itabira, 1276 \u2013 Centro (46) 3225-4064 &nbsp;","og_url":"https:\/\/www.pb.utfpr.edu.br\/geastro\/?page_id=2688","og_site_name":"GEAstro","article_modified_time":"2017-09-04T15:12:27+00:00","twitter_card":"summary_large_image","twitter_misc":{"Written by":"GEAstro"},"schema":{"@context":"https:\/\/schema.org","@graph":[{"@type":"WebPage","@id":"https:\/\/www.pb.utfpr.edu.br\/geastro\/?page_id=2688","url":"https:\/\/www.pb.utfpr.edu.br\/geastro\/?page_id=2688","name":"Restaurantes - GEAstro","isPartOf":{"@id":"https:\/\/www.pb.utfpr.edu.br\/geastro\/#website"},"datePublished":"2017-09-04T14:56:29+00:00","dateModified":"2017-09-04T15:12:27+00:00","breadcrumb":{"@id":"https:\/\/www.pb.utfpr.edu.br\/geastro\/?page_id=2688#breadcrumb"},"inLanguage":"pt-BR","potentialAction":[{"@type":"ReadAction","target":["https:\/\/www.pb.utfpr.edu.br\/geastro\/?page_id=2688"]}]},{"@type":"BreadcrumbList","@id":"https:\/\/www.pb.utfpr.edu.br\/geastro\/?page_id=2688#breadcrumb","itemListElement":[{"@type":"ListItem","position":1,"name":"In\u00edcio","item":"https:\/\/www.pb.utfpr.edu.br\/geastro"},{"@type":"ListItem","position":2,"name":"14\u00ba EPAST","item":"https:\/\/www.pb.utfpr.edu.br\/geastro\/?page_id=829"},{"@type":"ListItem","position":3,"name":"Informa\u00e7\u00f5es \u00dateis","item":"http:\/\/www.pb.utfpr.edu.br\/geastro\/?page_id=1402"},{"@type":"ListItem","position":4,"name":"Restaurantes"}]},{"@type":"WebSite","@id":"https:\/\/www.pb.utfpr.edu.br\/geastro\/#website","url":"https:\/\/www.pb.utfpr.edu.br\/geastro\/","name":"GEAstro","description":"Grupo de Estudos, pesquisa, extens\u00e3o e inova\u00e7\u00e3o em Astronomia","potentialAction":[{"@type":"SearchAction","target":{"@type":"EntryPoint","urlTemplate":"https:\/\/www.pb.utfpr.edu.br\/geastro\/?s={search_term_string}"},"query-input":"required name=search_term_string"}],"inLanguage":"pt-BR"}]}},"jetpack_sharing_enabled":true,"_links":{"self":[{"href":"https:\/\/www.pb.utfpr.edu.br\/geastro\/index.php?rest_route=\/wp\/v2\/pages\/2688"}],"collection":[{"href":"https:\/\/www.pb.utfpr.edu.br\/geastro\/index.php?rest_route=\/wp\/v2\/pages"}],"about":[{"href":"https:\/\/www.pb.utfpr.edu.br\/geastro\/index.php?rest_route=\/wp\/v2\/types\/page"}],"author":[{"embeddable":true,"href":"https:\/\/www.pb.utfpr.edu.br\/geastro\/index.php?rest_route=\/wp\/v2\/users\/1"}],"replies":[{"embeddable":true,"href":"https:\/\/www.pb.utfpr.edu.br\/geastro\/index.php?rest_route=%2Fwp%2Fv2%2Fcomments&post=2688"}],"version-history":[{"count":6,"href":"https:\/\/www.pb.utfpr.edu.br\/geastro\/index.php?rest_route=\/wp\/v2\/pages\/2688\/revisions"}],"predecessor-version":[{"id":2700,"href":"https:\/\/www.pb.utfpr.edu.br\/geastro\/index.php?rest_route=\/wp\/v2\/pages\/2688\/revisions\/2700"}],"up":[{"embeddable":true,"href":"https:\/\/www.pb.utfpr.edu.br\/geastro\/index.php?rest_route=\/wp\/v2\/pages\/1402"}],"wp:attachment":[{"href":"https:\/\/www.pb.utfpr.edu.br\/geastro\/index.php?rest_route=%2Fwp%2Fv2%2Fmedia&parent=2688"}],"wp:term":[{"taxonomy":"author","embeddable":true,"href":"https:\/\/www.pb.utfpr.edu.br\/geastro\/index.php?rest_route=%2Fwp%2Fv2%2Fcoauthors&post=2688"}],"curies":[{"name":"wp","href":"https:\/\/api.w.org\/{rel}","templated":true}]}}