{"id":2701,"date":"2017-09-04T12:16:41","date_gmt":"2017-09-04T15:16:41","guid":{"rendered":"http:\/\/www.pb.utfpr.edu.br\/geastro\/?page_id=2701"},"modified":"2017-09-05T11:56:05","modified_gmt":"2017-09-05T14:56:05","slug":"transporte-coletivo","status":"publish","type":"page","link":"https:\/\/www.pb.utfpr.edu.br\/geastro\/?page_id=2701","title":{"rendered":"Transporte Coletivo"},"content":{"rendered":"<table width=\"170\">\n<tbody>\n<tr>\n<td style=\"text-align: center;\" colspan=\"2\" width=\"170\">Hor\u00e1rios da L.P.<\/td>\n<\/tr>\n<tr>\n<td style=\"text-align: center;\" colspan=\"2\">06:40<\/td>\n<\/tr>\n<tr>\n<td style=\"text-align: center;\" colspan=\"2\">07:20<\/td>\n<\/tr>\n<tr>\n<td style=\"text-align: center;\" colspan=\"2\">08:00<\/td>\n<\/tr>\n<tr>\n<td style=\"text-align: center;\" colspan=\"2\">08:40<\/td>\n<\/tr>\n<tr>\n<td style=\"text-align: center;\" colspan=\"2\">09:20<\/td>\n<\/tr>\n<tr>\n<td style=\"text-align: center;\" colspan=\"2\">10:00<\/td>\n<\/tr>\n<tr>\n<td style=\"text-align: center;\" colspan=\"2\">10:40<\/td>\n<\/tr>\n<tr>\n<td style=\"text-align: center;\" colspan=\"2\">11:20<\/td>\n<\/tr>\n<tr>\n<td style=\"text-align: center;\" colspan=\"2\">12:00<\/td>\n<\/tr>\n<tr>\n<td style=\"text-align: center;\" colspan=\"2\">12:40<\/td>\n<\/tr>\n<tr>\n<td style=\"text-align: center;\" colspan=\"2\">13:20<\/td>\n<\/tr>\n<tr>\n<td style=\"text-align: center;\" colspan=\"2\">14:00<\/td>\n<\/tr>\n<tr>\n<td style=\"text-align: center;\" colspan=\"2\">14:40<\/td>\n<\/tr>\n<tr>\n<td style=\"text-align: center;\" colspan=\"2\">15:20<\/td>\n<\/tr>\n<tr>\n<td style=\"text-align: center;\" colspan=\"2\">16:00<\/td>\n<\/tr>\n<tr>\n<td style=\"text-align: center;\" colspan=\"2\">16:40<\/td>\n<\/tr>\n<tr>\n<td style=\"text-align: center;\" colspan=\"2\">17:20<\/td>\n<\/tr>\n<tr>\n<td style=\"text-align: center;\" colspan=\"2\">18:00<\/td>\n<\/tr>\n<tr>\n<td style=\"text-align: center;\" colspan=\"2\">18:40<\/td>\n<\/tr>\n<tr>\n<td style=\"text-align: center;\" colspan=\"2\">19:20<\/td>\n<\/tr>\n<tr>\n<td style=\"text-align: center;\" colspan=\"2\">20:00<\/td>\n<\/tr>\n<tr>\n<td style=\"text-align: center;\" colspan=\"2\">20:40<\/td>\n<\/tr>\n<tr>\n<td style=\"text-align: center;\" colspan=\"2\">21:20<\/td>\n<\/tr>\n<tr>\n<td style=\"text-align: center;\" colspan=\"2\">22:00<\/td>\n<\/tr>\n<tr>\n<td style=\"text-align: center;\" colspan=\"2\">22:40<\/td>\n<\/tr>\n<tr>\n<td style=\"text-align: center;\" colspan=\"2\">23:20<\/td>\n<\/tr>\n<\/tbody>\n<\/table>\n<p>OBS: HOR\u00c1RIOS DE PARTIDA NA UTFPR PARA O CENTRO DE PATO BRANCO<\/p>\n<table width=\"246\">\n<tbody>\n<tr>\n<td style=\"text-align: center;\" colspan=\"3\" width=\"246\">Hor\u00e1rios da Transangelo<\/td>\n<\/tr>\n<tr>\n<td style=\"text-align: center;\" colspan=\"3\">S\u00e1bado: Entre 9:40 e 10:40 na UTFPR<\/td>\n<\/tr>\n<\/tbody>\n<\/table>\n","protected":false},"excerpt":{"rendered":"<p>Hor\u00e1rios da L.P. 06:40 07:20 08:00 08:40 09:20 10:00 10:40 11:20 12:00 12:40 13:20 14:00 14:40 15:20 16:00 16:40 17:20 18:00 18:40 19:20 20:00 20:40 21:20 22:00 22:40 23:20 OBS: HOR\u00c1RIOS DE PARTIDA NA UTFPR PARA O CENTRO DE PATO BRANCO Hor\u00e1rios da Transangelo S\u00e1bado: Entre 9:40 e 10:40 na UTFPR<\/p>\n","protected":false},"author":1,"featured_media":0,"parent":1402,"menu_order":3,"comment_status":"closed","ping_status":"closed","template":"","meta":{"sfsi_plus_gutenberg_text_before_share":"","sfsi_plus_gutenberg_show_text_before_share":"","sfsi_plus_gutenberg_icon_type":"","sfsi_plus_gutenberg_icon_alignemt":"","sfsi_plus_gutenburg_max_per_row":"","footnotes":""},"coauthors":[],"class_list":["post-2701","page","type-page","status-publish","hentry"],"yoast_head":"<!-- This site is optimized with the Yoast SEO plugin v22.8 - https:\/\/yoast.com\/wordpress\/plugins\/seo\/ -->\n<title>Transporte Coletivo - GEAstro<\/title>\n<meta name=\"robots\" content=\"index, follow, max-snippet:-1, max-image-preview:large, max-video-preview:-1\" \/>\n<link rel=\"canonical\" href=\"https:\/\/www.pb.utfpr.edu.br\/geastro\/?page_id=2701\" \/>\n<meta property=\"og:locale\" content=\"pt_BR\" \/>\n<meta property=\"og:type\" content=\"article\" \/>\n<meta property=\"og:title\" content=\"Transporte Coletivo - GEAstro\" \/>\n<meta property=\"og:description\" content=\"Hor\u00e1rios da L.P. 06:40 07:20 08:00 08:40 09:20 10:00 10:40 11:20 12:00 12:40 13:20 14:00 14:40 15:20 16:00 16:40 17:20 18:00 18:40 19:20 20:00 20:40 21:20 22:00 22:40 23:20 OBS: HOR\u00c1RIOS DE PARTIDA NA UTFPR PARA O CENTRO DE PATO BRANCO Hor\u00e1rios da Transangelo S\u00e1bado: Entre 9:40 e 10:40 na UTFPR\" \/>\n<meta property=\"og:url\" content=\"https:\/\/www.pb.utfpr.edu.br\/geastro\/?page_id=2701\" \/>\n<meta property=\"og:site_name\" content=\"GEAstro\" \/>\n<meta property=\"article:modified_time\" content=\"2017-09-05T14:56:05+00:00\" \/>\n<meta name=\"twitter:card\" content=\"summary_large_image\" \/>\n<meta name=\"twitter:label1\" content=\"Written by\" \/>\n\t<meta name=\"twitter:data1\" content=\"GEAstro\" \/>\n<script type=\"application\/ld+json\" class=\"yoast-schema-graph\">{\"@context\":\"https:\/\/schema.org\",\"@graph\":[{\"@type\":\"WebPage\",\"@id\":\"https:\/\/www.pb.utfpr.edu.br\/geastro\/?page_id=2701\",\"url\":\"https:\/\/www.pb.utfpr.edu.br\/geastro\/?page_id=2701\",\"name\":\"Transporte Coletivo - GEAstro\",\"isPartOf\":{\"@id\":\"https:\/\/www.pb.utfpr.edu.br\/geastro\/#website\"},\"datePublished\":\"2017-09-04T15:16:41+00:00\",\"dateModified\":\"2017-09-05T14:56:05+00:00\",\"breadcrumb\":{\"@id\":\"https:\/\/www.pb.utfpr.edu.br\/geastro\/?page_id=2701#breadcrumb\"},\"inLanguage\":\"pt-BR\",\"potentialAction\":[{\"@type\":\"ReadAction\",\"target\":[\"https:\/\/www.pb.utfpr.edu.br\/geastro\/?page_id=2701\"]}]},{\"@type\":\"BreadcrumbList\",\"@id\":\"https:\/\/www.pb.utfpr.edu.br\/geastro\/?page_id=2701#breadcrumb\",\"itemListElement\":[{\"@type\":\"ListItem\",\"position\":1,\"name\":\"In\u00edcio\",\"item\":\"https:\/\/www.pb.utfpr.edu.br\/geastro\"},{\"@type\":\"ListItem\",\"position\":2,\"name\":\"14\u00ba EPAST\",\"item\":\"https:\/\/www.pb.utfpr.edu.br\/geastro\/?page_id=829\"},{\"@type\":\"ListItem\",\"position\":3,\"name\":\"Informa\u00e7\u00f5es \u00dateis\",\"item\":\"http:\/\/www.pb.utfpr.edu.br\/geastro\/?page_id=1402\"},{\"@type\":\"ListItem\",\"position\":4,\"name\":\"Transporte Coletivo\"}]},{\"@type\":\"WebSite\",\"@id\":\"https:\/\/www.pb.utfpr.edu.br\/geastro\/#website\",\"url\":\"https:\/\/www.pb.utfpr.edu.br\/geastro\/\",\"name\":\"GEAstro\",\"description\":\"Grupo de Estudos, pesquisa, extens\u00e3o e inova\u00e7\u00e3o em Astronomia\",\"potentialAction\":[{\"@type\":\"SearchAction\",\"target\":{\"@type\":\"EntryPoint\",\"urlTemplate\":\"https:\/\/www.pb.utfpr.edu.br\/geastro\/?s={search_term_string}\"},\"query-input\":\"required name=search_term_string\"}],\"inLanguage\":\"pt-BR\"}]}<\/script>\n<!-- \/ Yoast SEO plugin. -->","yoast_head_json":{"title":"Transporte Coletivo - GEAstro","robots":{"index":"index","follow":"follow","max-snippet":"max-snippet:-1","max-image-preview":"max-image-preview:large","max-video-preview":"max-video-preview:-1"},"canonical":"https:\/\/www.pb.utfpr.edu.br\/geastro\/?page_id=2701","og_locale":"pt_BR","og_type":"article","og_title":"Transporte Coletivo - GEAstro","og_description":"Hor\u00e1rios da L.P. 06:40 07:20 08:00 08:40 09:20 10:00 10:40 11:20 12:00 12:40 13:20 14:00 14:40 15:20 16:00 16:40 17:20 18:00 18:40 19:20 20:00 20:40 21:20 22:00 22:40 23:20 OBS: HOR\u00c1RIOS DE PARTIDA NA UTFPR PARA O CENTRO DE PATO BRANCO Hor\u00e1rios da Transangelo S\u00e1bado: Entre 9:40 e 10:40 na UTFPR","og_url":"https:\/\/www.pb.utfpr.edu.br\/geastro\/?page_id=2701","og_site_name":"GEAstro","article_modified_time":"2017-09-05T14:56:05+00:00","twitter_card":"summary_large_image","twitter_misc":{"Written by":"GEAstro"},"schema":{"@context":"https:\/\/schema.org","@graph":[{"@type":"WebPage","@id":"https:\/\/www.pb.utfpr.edu.br\/geastro\/?page_id=2701","url":"https:\/\/www.pb.utfpr.edu.br\/geastro\/?page_id=2701","name":"Transporte Coletivo - GEAstro","isPartOf":{"@id":"https:\/\/www.pb.utfpr.edu.br\/geastro\/#website"},"datePublished":"2017-09-04T15:16:41+00:00","dateModified":"2017-09-05T14:56:05+00:00","breadcrumb":{"@id":"https:\/\/www.pb.utfpr.edu.br\/geastro\/?page_id=2701#breadcrumb"},"inLanguage":"pt-BR","potentialAction":[{"@type":"ReadAction","target":["https:\/\/www.pb.utfpr.edu.br\/geastro\/?page_id=2701"]}]},{"@type":"BreadcrumbList","@id":"https:\/\/www.pb.utfpr.edu.br\/geastro\/?page_id=2701#breadcrumb","itemListElement":[{"@type":"ListItem","position":1,"name":"In\u00edcio","item":"https:\/\/www.pb.utfpr.edu.br\/geastro"},{"@type":"ListItem","position":2,"name":"14\u00ba EPAST","item":"https:\/\/www.pb.utfpr.edu.br\/geastro\/?page_id=829"},{"@type":"ListItem","position":3,"name":"Informa\u00e7\u00f5es \u00dateis","item":"http:\/\/www.pb.utfpr.edu.br\/geastro\/?page_id=1402"},{"@type":"ListItem","position":4,"name":"Transporte Coletivo"}]},{"@type":"WebSite","@id":"https:\/\/www.pb.utfpr.edu.br\/geastro\/#website","url":"https:\/\/www.pb.utfpr.edu.br\/geastro\/","name":"GEAstro","description":"Grupo de Estudos, pesquisa, extens\u00e3o e inova\u00e7\u00e3o em Astronomia","potentialAction":[{"@type":"SearchAction","target":{"@type":"EntryPoint","urlTemplate":"https:\/\/www.pb.utfpr.edu.br\/geastro\/?s={search_term_string}"},"query-input":"required name=search_term_string"}],"inLanguage":"pt-BR"}]}},"jetpack_sharing_enabled":true,"_links":{"self":[{"href":"https:\/\/www.pb.utfpr.edu.br\/geastro\/index.php?rest_route=\/wp\/v2\/pages\/2701"}],"collection":[{"href":"https:\/\/www.pb.utfpr.edu.br\/geastro\/index.php?rest_route=\/wp\/v2\/pages"}],"about":[{"href":"https:\/\/www.pb.utfpr.edu.br\/geastro\/index.php?rest_route=\/wp\/v2\/types\/page"}],"author":[{"embeddable":true,"href":"https:\/\/www.pb.utfpr.edu.br\/geastro\/index.php?rest_route=\/wp\/v2\/users\/1"}],"replies":[{"embeddable":true,"href":"https:\/\/www.pb.utfpr.edu.br\/geastro\/index.php?rest_route=%2Fwp%2Fv2%2Fcomments&post=2701"}],"version-history":[{"count":7,"href":"https:\/\/www.pb.utfpr.edu.br\/geastro\/index.php?rest_route=\/wp\/v2\/pages\/2701\/revisions"}],"predecessor-version":[{"id":2747,"href":"https:\/\/www.pb.utfpr.edu.br\/geastro\/index.php?rest_route=\/wp\/v2\/pages\/2701\/revisions\/2747"}],"up":[{"embeddable":true,"href":"https:\/\/www.pb.utfpr.edu.br\/geastro\/index.php?rest_route=\/wp\/v2\/pages\/1402"}],"wp:attachment":[{"href":"https:\/\/www.pb.utfpr.edu.br\/geastro\/index.php?rest_route=%2Fwp%2Fv2%2Fmedia&parent=2701"}],"wp:term":[{"taxonomy":"author","embeddable":true,"href":"https:\/\/www.pb.utfpr.edu.br\/geastro\/index.php?rest_route=%2Fwp%2Fv2%2Fcoauthors&post=2701"}],"curies":[{"name":"wp","href":"https:\/\/api.w.org\/{rel}","templated":true}]}}