{"id":508,"date":"2017-01-03T14:33:47","date_gmt":"2017-01-03T16:33:47","guid":{"rendered":"http:\/\/www.pb.utfpr.edu.br\/geastro\/?page_id=508"},"modified":"2017-01-03T16:35:24","modified_gmt":"2017-01-03T18:35:24","slug":"palestras","status":"publish","type":"page","link":"https:\/\/www.pb.utfpr.edu.br\/geastro\/?page_id=508","title":{"rendered":"PALESTRAS"},"content":{"rendered":"<h3><span style=\"color: #f73535;\">Palestras apresentadas no 2\u00ba AstroPB<\/span><\/h3>\n<p><a href=\"http:\/\/www.pb.utfpr.edu.br\/geastro\/wp-content\/uploads\/2016\/11\/Palestra-R\u00e1dio-Galena.pptx\"><img fetchpriority=\"high\" decoding=\"async\" class=\"alignnone wp-image-386 size-large\" src=\"http:\/\/www.pb.utfpr.edu.br\/geastro\/wp-content\/uploads\/2016\/11\/Palestra-R\u00e1dio-Galena-1024x576.jpg\" alt=\"Palestra-R\u00e1dio-Galena\" width=\"1024\" height=\"576\" srcset=\"https:\/\/www.pb.utfpr.edu.br\/geastro\/wp-content\/uploads\/2016\/11\/Palestra-R\u00e1dio-Galena-1024x576.jpg 1024w, https:\/\/www.pb.utfpr.edu.br\/geastro\/wp-content\/uploads\/2016\/11\/Palestra-R\u00e1dio-Galena-600x338.jpg 600w, https:\/\/www.pb.utfpr.edu.br\/geastro\/wp-content\/uploads\/2016\/11\/Palestra-R\u00e1dio-Galena-300x169.jpg 300w, https:\/\/www.pb.utfpr.edu.br\/geastro\/wp-content\/uploads\/2016\/11\/Palestra-R\u00e1dio-Galena-768x432.jpg 768w, https:\/\/www.pb.utfpr.edu.br\/geastro\/wp-content\/uploads\/2016\/11\/Palestra-R\u00e1dio-Galena-678x381.jpg 678w, https:\/\/www.pb.utfpr.edu.br\/geastro\/wp-content\/uploads\/2016\/11\/Palestra-R\u00e1dio-Galena.jpg 1280w\" sizes=\"(max-width: 1024px) 100vw, 1024px\" \/><\/a> <a href=\"http:\/\/www.pb.utfpr.edu.br\/geastro\/wp-content\/uploads\/2016\/11\/Palestra-R\u00e1dio-Galena.pptx\">Palestra-R\u00e1dio-Galena<\/a><\/p>\n<hr \/>\n<p>&nbsp;<\/p>\n<p>&nbsp;<\/p>\n","protected":false},"excerpt":{"rendered":"<p>Palestras apresentadas no 2\u00ba AstroPB Palestra-R\u00e1dio-Galena &nbsp; &nbsp;<\/p>\n","protected":false},"author":1,"featured_media":0,"parent":497,"menu_order":2,"comment_status":"closed","ping_status":"closed","template":"","meta":{"sfsi_plus_gutenberg_text_before_share":"","sfsi_plus_gutenberg_show_text_before_share":"","sfsi_plus_gutenberg_icon_type":"","sfsi_plus_gutenberg_icon_alignemt":"","sfsi_plus_gutenburg_max_per_row":"","footnotes":""},"coauthors":[],"class_list":["post-508","page","type-page","status-publish","hentry"],"yoast_head":"<!-- This site is optimized with the Yoast SEO plugin v22.8 - https:\/\/yoast.com\/wordpress\/plugins\/seo\/ -->\n<title>PALESTRAS - GEAstro<\/title>\n<meta name=\"robots\" content=\"index, follow, max-snippet:-1, max-image-preview:large, max-video-preview:-1\" \/>\n<link rel=\"canonical\" href=\"http:\/\/www.pb.utfpr.edu.br\/geastro\/?page_id=508\" \/>\n<meta property=\"og:locale\" content=\"pt_BR\" \/>\n<meta property=\"og:type\" content=\"article\" \/>\n<meta property=\"og:title\" content=\"PALESTRAS - GEAstro\" \/>\n<meta property=\"og:description\" content=\"Palestras apresentadas no 2\u00ba AstroPB Palestra-R\u00e1dio-Galena &nbsp; &nbsp;\" \/>\n<meta property=\"og:url\" content=\"http:\/\/www.pb.utfpr.edu.br\/geastro\/?page_id=508\" \/>\n<meta property=\"og:site_name\" content=\"GEAstro\" \/>\n<meta property=\"article:modified_time\" content=\"2017-01-03T18:35:24+00:00\" \/>\n<meta name=\"twitter:card\" content=\"summary_large_image\" \/>\n<meta name=\"twitter:label1\" content=\"Written by\" \/>\n\t<meta name=\"twitter:data1\" content=\"GEAstro\" \/>\n<script type=\"application\/ld+json\" class=\"yoast-schema-graph\">{\"@context\":\"https:\/\/schema.org\",\"@graph\":[{\"@type\":\"WebPage\",\"@id\":\"http:\/\/www.pb.utfpr.edu.br\/geastro\/?page_id=508\",\"url\":\"http:\/\/www.pb.utfpr.edu.br\/geastro\/?page_id=508\",\"name\":\"PALESTRAS - GEAstro\",\"isPartOf\":{\"@id\":\"https:\/\/www.pb.utfpr.edu.br\/geastro\/#website\"},\"datePublished\":\"2017-01-03T16:33:47+00:00\",\"dateModified\":\"2017-01-03T18:35:24+00:00\",\"breadcrumb\":{\"@id\":\"http:\/\/www.pb.utfpr.edu.br\/geastro\/?page_id=508#breadcrumb\"},\"inLanguage\":\"pt-BR\",\"potentialAction\":[{\"@type\":\"ReadAction\",\"target\":[\"http:\/\/www.pb.utfpr.edu.br\/geastro\/?page_id=508\"]}]},{\"@type\":\"BreadcrumbList\",\"@id\":\"http:\/\/www.pb.utfpr.edu.br\/geastro\/?page_id=508#breadcrumb\",\"itemListElement\":[{\"@type\":\"ListItem\",\"position\":1,\"name\":\"In\u00edcio\",\"item\":\"https:\/\/www.pb.utfpr.edu.br\/geastro\"},{\"@type\":\"ListItem\",\"position\":2,\"name\":\"Eventos\",\"item\":\"https:\/\/www.pb.utfpr.edu.br\/geastro\/?page_id=61\"},{\"@type\":\"ListItem\",\"position\":3,\"name\":\"AstroPB\",\"item\":\"https:\/\/www.pb.utfpr.edu.br\/geastro\/?page_id=492\"},{\"@type\":\"ListItem\",\"position\":4,\"name\":\"2\u00b0 ASTROPB\",\"item\":\"https:\/\/www.pb.utfpr.edu.br\/geastro\/?page_id=497\"},{\"@type\":\"ListItem\",\"position\":5,\"name\":\"PALESTRAS\"}]},{\"@type\":\"WebSite\",\"@id\":\"https:\/\/www.pb.utfpr.edu.br\/geastro\/#website\",\"url\":\"https:\/\/www.pb.utfpr.edu.br\/geastro\/\",\"name\":\"GEAstro\",\"description\":\"Grupo de Estudos, pesquisa, extens\u00e3o e inova\u00e7\u00e3o em Astronomia\",\"potentialAction\":[{\"@type\":\"SearchAction\",\"target\":{\"@type\":\"EntryPoint\",\"urlTemplate\":\"https:\/\/www.pb.utfpr.edu.br\/geastro\/?s={search_term_string}\"},\"query-input\":\"required name=search_term_string\"}],\"inLanguage\":\"pt-BR\"}]}<\/script>\n<!-- \/ Yoast SEO plugin. -->","yoast_head_json":{"title":"PALESTRAS - GEAstro","robots":{"index":"index","follow":"follow","max-snippet":"max-snippet:-1","max-image-preview":"max-image-preview:large","max-video-preview":"max-video-preview:-1"},"canonical":"http:\/\/www.pb.utfpr.edu.br\/geastro\/?page_id=508","og_locale":"pt_BR","og_type":"article","og_title":"PALESTRAS - GEAstro","og_description":"Palestras apresentadas no 2\u00ba AstroPB Palestra-R\u00e1dio-Galena &nbsp; &nbsp;","og_url":"http:\/\/www.pb.utfpr.edu.br\/geastro\/?page_id=508","og_site_name":"GEAstro","article_modified_time":"2017-01-03T18:35:24+00:00","twitter_card":"summary_large_image","twitter_misc":{"Written by":"GEAstro"},"schema":{"@context":"https:\/\/schema.org","@graph":[{"@type":"WebPage","@id":"http:\/\/www.pb.utfpr.edu.br\/geastro\/?page_id=508","url":"http:\/\/www.pb.utfpr.edu.br\/geastro\/?page_id=508","name":"PALESTRAS - GEAstro","isPartOf":{"@id":"https:\/\/www.pb.utfpr.edu.br\/geastro\/#website"},"datePublished":"2017-01-03T16:33:47+00:00","dateModified":"2017-01-03T18:35:24+00:00","breadcrumb":{"@id":"http:\/\/www.pb.utfpr.edu.br\/geastro\/?page_id=508#breadcrumb"},"inLanguage":"pt-BR","potentialAction":[{"@type":"ReadAction","target":["http:\/\/www.pb.utfpr.edu.br\/geastro\/?page_id=508"]}]},{"@type":"BreadcrumbList","@id":"http:\/\/www.pb.utfpr.edu.br\/geastro\/?page_id=508#breadcrumb","itemListElement":[{"@type":"ListItem","position":1,"name":"In\u00edcio","item":"https:\/\/www.pb.utfpr.edu.br\/geastro"},{"@type":"ListItem","position":2,"name":"Eventos","item":"https:\/\/www.pb.utfpr.edu.br\/geastro\/?page_id=61"},{"@type":"ListItem","position":3,"name":"AstroPB","item":"https:\/\/www.pb.utfpr.edu.br\/geastro\/?page_id=492"},{"@type":"ListItem","position":4,"name":"2\u00b0 ASTROPB","item":"https:\/\/www.pb.utfpr.edu.br\/geastro\/?page_id=497"},{"@type":"ListItem","position":5,"name":"PALESTRAS"}]},{"@type":"WebSite","@id":"https:\/\/www.pb.utfpr.edu.br\/geastro\/#website","url":"https:\/\/www.pb.utfpr.edu.br\/geastro\/","name":"GEAstro","description":"Grupo de Estudos, pesquisa, extens\u00e3o e inova\u00e7\u00e3o em Astronomia","potentialAction":[{"@type":"SearchAction","target":{"@type":"EntryPoint","urlTemplate":"https:\/\/www.pb.utfpr.edu.br\/geastro\/?s={search_term_string}"},"query-input":"required name=search_term_string"}],"inLanguage":"pt-BR"}]}},"jetpack_sharing_enabled":true,"_links":{"self":[{"href":"https:\/\/www.pb.utfpr.edu.br\/geastro\/index.php?rest_route=\/wp\/v2\/pages\/508"}],"collection":[{"href":"https:\/\/www.pb.utfpr.edu.br\/geastro\/index.php?rest_route=\/wp\/v2\/pages"}],"about":[{"href":"https:\/\/www.pb.utfpr.edu.br\/geastro\/index.php?rest_route=\/wp\/v2\/types\/page"}],"author":[{"embeddable":true,"href":"https:\/\/www.pb.utfpr.edu.br\/geastro\/index.php?rest_route=\/wp\/v2\/users\/1"}],"replies":[{"embeddable":true,"href":"https:\/\/www.pb.utfpr.edu.br\/geastro\/index.php?rest_route=%2Fwp%2Fv2%2Fcomments&post=508"}],"version-history":[{"count":3,"href":"https:\/\/www.pb.utfpr.edu.br\/geastro\/index.php?rest_route=\/wp\/v2\/pages\/508\/revisions"}],"predecessor-version":[{"id":545,"href":"https:\/\/www.pb.utfpr.edu.br\/geastro\/index.php?rest_route=\/wp\/v2\/pages\/508\/revisions\/545"}],"up":[{"embeddable":true,"href":"https:\/\/www.pb.utfpr.edu.br\/geastro\/index.php?rest_route=\/wp\/v2\/pages\/497"}],"wp:attachment":[{"href":"https:\/\/www.pb.utfpr.edu.br\/geastro\/index.php?rest_route=%2Fwp%2Fv2%2Fmedia&parent=508"}],"wp:term":[{"taxonomy":"author","embeddable":true,"href":"https:\/\/www.pb.utfpr.edu.br\/geastro\/index.php?rest_route=%2Fwp%2Fv2%2Fcoauthors&post=508"}],"curies":[{"name":"wp","href":"https:\/\/api.w.org\/{rel}","templated":true}]}}