{"id":53,"date":"2016-07-12T15:36:33","date_gmt":"2016-07-12T18:36:33","guid":{"rendered":"http:\/\/www.pb.utfpr.edu.br\/geastro\/?page_id=53"},"modified":"2018-06-09T12:48:36","modified_gmt":"2018-06-09T15:48:36","slug":"fale-conosco","status":"publish","type":"page","link":"https:\/\/www.pb.utfpr.edu.br\/geastro\/?page_id=53","title":{"rendered":"Fale conosco"},"content":{"rendered":"<p><a href=\"http:\/\/www.pb.utfpr.edu.br\/geastro\/index.php\/contato\/fale-conosco\/\">E-mail<\/a>: geastro-pb@utfpr.edu.br<\/p>\n<hr \/>\n<p><a href=\"https:\/\/www.facebook.com\/geastro.utfprpb\/\">Facebook<\/a>:\u00a0https:\/\/www.facebook.com\/geastro.utfprpb\/<\/p>\n<hr \/>\n<p><a href=\"http:\/\/www.pb.utfpr.edu.br\/geastro\/index.php\/contato\/fale-conosco\/\">Telefone<\/a>: 3220 &#8211; 2602 (Departamento de F\u00edsica &#8211; UTFPR-PB)<\/p>\n<hr \/>\n<p>Prof\u00aa DR\u00aa Tina Andreolla<\/p>\n","protected":false},"excerpt":{"rendered":"<p>E-mail: geastro-pb@utfpr.edu.br Facebook:\u00a0https:\/\/www.facebook.com\/geastro.utfprpb\/ Telefone: 3220 &#8211; 2602 (Departamento de F\u00edsica &#8211; UTFPR-PB) Prof\u00aa DR\u00aa Tina Andreolla<\/p>\n","protected":false},"author":1,"featured_media":0,"parent":51,"menu_order":0,"comment_status":"closed","ping_status":"closed","template":"","meta":{"sfsi_plus_gutenberg_text_before_share":"","sfsi_plus_gutenberg_show_text_before_share":"","sfsi_plus_gutenberg_icon_type":"","sfsi_plus_gutenberg_icon_alignemt":"","sfsi_plus_gutenburg_max_per_row":"","footnotes":""},"coauthors":[],"class_list":["post-53","page","type-page","status-publish","hentry"],"yoast_head":"<!-- This site is optimized with the Yoast SEO plugin v22.8 - https:\/\/yoast.com\/wordpress\/plugins\/seo\/ -->\n<title>Fale conosco - GEAstro<\/title>\n<meta name=\"robots\" content=\"index, follow, max-snippet:-1, max-image-preview:large, max-video-preview:-1\" \/>\n<link rel=\"canonical\" href=\"http:\/\/www.pb.utfpr.edu.br\/geastro\/?page_id=53\" \/>\n<meta property=\"og:locale\" content=\"pt_BR\" \/>\n<meta property=\"og:type\" content=\"article\" \/>\n<meta property=\"og:title\" content=\"Fale conosco - GEAstro\" \/>\n<meta property=\"og:description\" content=\"E-mail: geastro-pb@utfpr.edu.br Facebook:\u00a0https:\/\/www.facebook.com\/geastro.utfprpb\/ Telefone: 3220 &#8211; 2602 (Departamento de F\u00edsica &#8211; UTFPR-PB) Prof\u00aa DR\u00aa Tina Andreolla\" \/>\n<meta property=\"og:url\" content=\"http:\/\/www.pb.utfpr.edu.br\/geastro\/?page_id=53\" \/>\n<meta property=\"og:site_name\" content=\"GEAstro\" \/>\n<meta property=\"article:modified_time\" content=\"2018-06-09T15:48:36+00:00\" \/>\n<meta name=\"twitter:card\" content=\"summary_large_image\" \/>\n<meta name=\"twitter:label1\" content=\"Written by\" \/>\n\t<meta name=\"twitter:data1\" content=\"GEAstro\" \/>\n<script type=\"application\/ld+json\" class=\"yoast-schema-graph\">{\"@context\":\"https:\/\/schema.org\",\"@graph\":[{\"@type\":\"WebPage\",\"@id\":\"http:\/\/www.pb.utfpr.edu.br\/geastro\/?page_id=53\",\"url\":\"http:\/\/www.pb.utfpr.edu.br\/geastro\/?page_id=53\",\"name\":\"Fale conosco - GEAstro\",\"isPartOf\":{\"@id\":\"https:\/\/www.pb.utfpr.edu.br\/geastro\/#website\"},\"datePublished\":\"2016-07-12T18:36:33+00:00\",\"dateModified\":\"2018-06-09T15:48:36+00:00\",\"breadcrumb\":{\"@id\":\"http:\/\/www.pb.utfpr.edu.br\/geastro\/?page_id=53#breadcrumb\"},\"inLanguage\":\"pt-BR\",\"potentialAction\":[{\"@type\":\"ReadAction\",\"target\":[\"http:\/\/www.pb.utfpr.edu.br\/geastro\/?page_id=53\"]}]},{\"@type\":\"BreadcrumbList\",\"@id\":\"http:\/\/www.pb.utfpr.edu.br\/geastro\/?page_id=53#breadcrumb\",\"itemListElement\":[{\"@type\":\"ListItem\",\"position\":1,\"name\":\"In\u00edcio\",\"item\":\"https:\/\/www.pb.utfpr.edu.br\/geastro\"},{\"@type\":\"ListItem\",\"position\":2,\"name\":\"Contato\",\"item\":\"http:\/\/www.pb.utfpr.edu.br\/geastro\/?page_id=51\"},{\"@type\":\"ListItem\",\"position\":3,\"name\":\"Fale conosco\"}]},{\"@type\":\"WebSite\",\"@id\":\"https:\/\/www.pb.utfpr.edu.br\/geastro\/#website\",\"url\":\"https:\/\/www.pb.utfpr.edu.br\/geastro\/\",\"name\":\"GEAstro\",\"description\":\"Grupo de Estudos, pesquisa, extens\u00e3o e inova\u00e7\u00e3o em Astronomia\",\"potentialAction\":[{\"@type\":\"SearchAction\",\"target\":{\"@type\":\"EntryPoint\",\"urlTemplate\":\"https:\/\/www.pb.utfpr.edu.br\/geastro\/?s={search_term_string}\"},\"query-input\":\"required name=search_term_string\"}],\"inLanguage\":\"pt-BR\"}]}<\/script>\n<!-- \/ Yoast SEO plugin. -->","yoast_head_json":{"title":"Fale conosco - GEAstro","robots":{"index":"index","follow":"follow","max-snippet":"max-snippet:-1","max-image-preview":"max-image-preview:large","max-video-preview":"max-video-preview:-1"},"canonical":"http:\/\/www.pb.utfpr.edu.br\/geastro\/?page_id=53","og_locale":"pt_BR","og_type":"article","og_title":"Fale conosco - GEAstro","og_description":"E-mail: geastro-pb@utfpr.edu.br Facebook:\u00a0https:\/\/www.facebook.com\/geastro.utfprpb\/ Telefone: 3220 &#8211; 2602 (Departamento de F\u00edsica &#8211; UTFPR-PB) Prof\u00aa DR\u00aa Tina Andreolla","og_url":"http:\/\/www.pb.utfpr.edu.br\/geastro\/?page_id=53","og_site_name":"GEAstro","article_modified_time":"2018-06-09T15:48:36+00:00","twitter_card":"summary_large_image","twitter_misc":{"Written by":"GEAstro"},"schema":{"@context":"https:\/\/schema.org","@graph":[{"@type":"WebPage","@id":"http:\/\/www.pb.utfpr.edu.br\/geastro\/?page_id=53","url":"http:\/\/www.pb.utfpr.edu.br\/geastro\/?page_id=53","name":"Fale conosco - GEAstro","isPartOf":{"@id":"https:\/\/www.pb.utfpr.edu.br\/geastro\/#website"},"datePublished":"2016-07-12T18:36:33+00:00","dateModified":"2018-06-09T15:48:36+00:00","breadcrumb":{"@id":"http:\/\/www.pb.utfpr.edu.br\/geastro\/?page_id=53#breadcrumb"},"inLanguage":"pt-BR","potentialAction":[{"@type":"ReadAction","target":["http:\/\/www.pb.utfpr.edu.br\/geastro\/?page_id=53"]}]},{"@type":"BreadcrumbList","@id":"http:\/\/www.pb.utfpr.edu.br\/geastro\/?page_id=53#breadcrumb","itemListElement":[{"@type":"ListItem","position":1,"name":"In\u00edcio","item":"https:\/\/www.pb.utfpr.edu.br\/geastro"},{"@type":"ListItem","position":2,"name":"Contato","item":"http:\/\/www.pb.utfpr.edu.br\/geastro\/?page_id=51"},{"@type":"ListItem","position":3,"name":"Fale conosco"}]},{"@type":"WebSite","@id":"https:\/\/www.pb.utfpr.edu.br\/geastro\/#website","url":"https:\/\/www.pb.utfpr.edu.br\/geastro\/","name":"GEAstro","description":"Grupo de Estudos, pesquisa, extens\u00e3o e inova\u00e7\u00e3o em Astronomia","potentialAction":[{"@type":"SearchAction","target":{"@type":"EntryPoint","urlTemplate":"https:\/\/www.pb.utfpr.edu.br\/geastro\/?s={search_term_string}"},"query-input":"required name=search_term_string"}],"inLanguage":"pt-BR"}]}},"jetpack_sharing_enabled":true,"_links":{"self":[{"href":"https:\/\/www.pb.utfpr.edu.br\/geastro\/index.php?rest_route=\/wp\/v2\/pages\/53"}],"collection":[{"href":"https:\/\/www.pb.utfpr.edu.br\/geastro\/index.php?rest_route=\/wp\/v2\/pages"}],"about":[{"href":"https:\/\/www.pb.utfpr.edu.br\/geastro\/index.php?rest_route=\/wp\/v2\/types\/page"}],"author":[{"embeddable":true,"href":"https:\/\/www.pb.utfpr.edu.br\/geastro\/index.php?rest_route=\/wp\/v2\/users\/1"}],"replies":[{"embeddable":true,"href":"https:\/\/www.pb.utfpr.edu.br\/geastro\/index.php?rest_route=%2Fwp%2Fv2%2Fcomments&post=53"}],"version-history":[{"count":11,"href":"https:\/\/www.pb.utfpr.edu.br\/geastro\/index.php?rest_route=\/wp\/v2\/pages\/53\/revisions"}],"predecessor-version":[{"id":10289,"href":"https:\/\/www.pb.utfpr.edu.br\/geastro\/index.php?rest_route=\/wp\/v2\/pages\/53\/revisions\/10289"}],"up":[{"embeddable":true,"href":"https:\/\/www.pb.utfpr.edu.br\/geastro\/index.php?rest_route=\/wp\/v2\/pages\/51"}],"wp:attachment":[{"href":"https:\/\/www.pb.utfpr.edu.br\/geastro\/index.php?rest_route=%2Fwp%2Fv2%2Fmedia&parent=53"}],"wp:term":[{"taxonomy":"author","embeddable":true,"href":"https:\/\/www.pb.utfpr.edu.br\/geastro\/index.php?rest_route=%2Fwp%2Fv2%2Fcoauthors&post=53"}],"curies":[{"name":"wp","href":"https:\/\/api.w.org\/{rel}","templated":true}]}}