{"id":59,"date":"2016-07-12T15:43:31","date_gmt":"2016-07-12T18:43:31","guid":{"rendered":"http:\/\/www.pb.utfpr.edu.br\/geastro\/?page_id=59"},"modified":"2017-04-03T14:45:30","modified_gmt":"2017-04-03T17:45:30","slug":"noticias","status":"publish","type":"page","link":"https:\/\/www.pb.utfpr.edu.br\/geastro\/?page_id=59","title":{"rendered":"Not\u00edcias"},"content":{"rendered":"","protected":false},"excerpt":{"rendered":"","protected":false},"author":1,"featured_media":0,"parent":0,"menu_order":6,"comment_status":"closed","ping_status":"closed","template":"","meta":{"sfsi_plus_gutenberg_text_before_share":"","sfsi_plus_gutenberg_show_text_before_share":"","sfsi_plus_gutenberg_icon_type":"","sfsi_plus_gutenberg_icon_alignemt":"","sfsi_plus_gutenburg_max_per_row":"","footnotes":""},"coauthors":[],"class_list":["post-59","page","type-page","status-publish","hentry"],"yoast_head":"<!-- This site is optimized with the Yoast SEO plugin v22.8 - https:\/\/yoast.com\/wordpress\/plugins\/seo\/ -->\n<title>Not\u00edcias - GEAstro<\/title>\n<meta name=\"robots\" content=\"index, follow, max-snippet:-1, max-image-preview:large, max-video-preview:-1\" \/>\n<link rel=\"canonical\" href=\"http:\/\/www.pb.utfpr.edu.br\/geastro\/?page_id=59\" \/>\n<meta property=\"og:locale\" content=\"pt_BR\" \/>\n<meta property=\"og:type\" content=\"article\" \/>\n<meta property=\"og:title\" content=\"Not\u00edcias - GEAstro\" \/>\n<meta property=\"og:url\" content=\"http:\/\/www.pb.utfpr.edu.br\/geastro\/?page_id=59\" \/>\n<meta property=\"og:site_name\" content=\"GEAstro\" \/>\n<meta property=\"article:modified_time\" content=\"2017-04-03T17:45:30+00:00\" \/>\n<meta name=\"twitter:card\" content=\"summary_large_image\" \/>\n<meta name=\"twitter:label1\" content=\"Written by\" \/>\n\t<meta name=\"twitter:data1\" content=\"GEAstro\" \/>\n<script type=\"application\/ld+json\" class=\"yoast-schema-graph\">{\"@context\":\"https:\/\/schema.org\",\"@graph\":[{\"@type\":\"WebPage\",\"@id\":\"http:\/\/www.pb.utfpr.edu.br\/geastro\/?page_id=59\",\"url\":\"http:\/\/www.pb.utfpr.edu.br\/geastro\/?page_id=59\",\"name\":\"Not\u00edcias - GEAstro\",\"isPartOf\":{\"@id\":\"https:\/\/www.pb.utfpr.edu.br\/geastro\/#website\"},\"datePublished\":\"2016-07-12T18:43:31+00:00\",\"dateModified\":\"2017-04-03T17:45:30+00:00\",\"breadcrumb\":{\"@id\":\"http:\/\/www.pb.utfpr.edu.br\/geastro\/?page_id=59#breadcrumb\"},\"inLanguage\":\"pt-BR\",\"potentialAction\":[{\"@type\":\"ReadAction\",\"target\":[\"http:\/\/www.pb.utfpr.edu.br\/geastro\/?page_id=59\"]}]},{\"@type\":\"BreadcrumbList\",\"@id\":\"http:\/\/www.pb.utfpr.edu.br\/geastro\/?page_id=59#breadcrumb\",\"itemListElement\":[{\"@type\":\"ListItem\",\"position\":1,\"name\":\"In\u00edcio\",\"item\":\"https:\/\/www.pb.utfpr.edu.br\/geastro\"},{\"@type\":\"ListItem\",\"position\":2,\"name\":\"Not\u00edcias\"}]},{\"@type\":\"WebSite\",\"@id\":\"https:\/\/www.pb.utfpr.edu.br\/geastro\/#website\",\"url\":\"https:\/\/www.pb.utfpr.edu.br\/geastro\/\",\"name\":\"GEAstro\",\"description\":\"Grupo de Estudos, pesquisa, extens\u00e3o e inova\u00e7\u00e3o em Astronomia\",\"potentialAction\":[{\"@type\":\"SearchAction\",\"target\":{\"@type\":\"EntryPoint\",\"urlTemplate\":\"https:\/\/www.pb.utfpr.edu.br\/geastro\/?s={search_term_string}\"},\"query-input\":\"required name=search_term_string\"}],\"inLanguage\":\"pt-BR\"}]}<\/script>\n<!-- \/ Yoast SEO plugin. -->","yoast_head_json":{"title":"Not\u00edcias - GEAstro","robots":{"index":"index","follow":"follow","max-snippet":"max-snippet:-1","max-image-preview":"max-image-preview:large","max-video-preview":"max-video-preview:-1"},"canonical":"http:\/\/www.pb.utfpr.edu.br\/geastro\/?page_id=59","og_locale":"pt_BR","og_type":"article","og_title":"Not\u00edcias - GEAstro","og_url":"http:\/\/www.pb.utfpr.edu.br\/geastro\/?page_id=59","og_site_name":"GEAstro","article_modified_time":"2017-04-03T17:45:30+00:00","twitter_card":"summary_large_image","twitter_misc":{"Written by":"GEAstro"},"schema":{"@context":"https:\/\/schema.org","@graph":[{"@type":"WebPage","@id":"http:\/\/www.pb.utfpr.edu.br\/geastro\/?page_id=59","url":"http:\/\/www.pb.utfpr.edu.br\/geastro\/?page_id=59","name":"Not\u00edcias - GEAstro","isPartOf":{"@id":"https:\/\/www.pb.utfpr.edu.br\/geastro\/#website"},"datePublished":"2016-07-12T18:43:31+00:00","dateModified":"2017-04-03T17:45:30+00:00","breadcrumb":{"@id":"http:\/\/www.pb.utfpr.edu.br\/geastro\/?page_id=59#breadcrumb"},"inLanguage":"pt-BR","potentialAction":[{"@type":"ReadAction","target":["http:\/\/www.pb.utfpr.edu.br\/geastro\/?page_id=59"]}]},{"@type":"BreadcrumbList","@id":"http:\/\/www.pb.utfpr.edu.br\/geastro\/?page_id=59#breadcrumb","itemListElement":[{"@type":"ListItem","position":1,"name":"In\u00edcio","item":"https:\/\/www.pb.utfpr.edu.br\/geastro"},{"@type":"ListItem","position":2,"name":"Not\u00edcias"}]},{"@type":"WebSite","@id":"https:\/\/www.pb.utfpr.edu.br\/geastro\/#website","url":"https:\/\/www.pb.utfpr.edu.br\/geastro\/","name":"GEAstro","description":"Grupo de Estudos, pesquisa, extens\u00e3o e inova\u00e7\u00e3o em Astronomia","potentialAction":[{"@type":"SearchAction","target":{"@type":"EntryPoint","urlTemplate":"https:\/\/www.pb.utfpr.edu.br\/geastro\/?s={search_term_string}"},"query-input":"required name=search_term_string"}],"inLanguage":"pt-BR"}]}},"jetpack_sharing_enabled":true,"_links":{"self":[{"href":"https:\/\/www.pb.utfpr.edu.br\/geastro\/index.php?rest_route=\/wp\/v2\/pages\/59"}],"collection":[{"href":"https:\/\/www.pb.utfpr.edu.br\/geastro\/index.php?rest_route=\/wp\/v2\/pages"}],"about":[{"href":"https:\/\/www.pb.utfpr.edu.br\/geastro\/index.php?rest_route=\/wp\/v2\/types\/page"}],"author":[{"embeddable":true,"href":"https:\/\/www.pb.utfpr.edu.br\/geastro\/index.php?rest_route=\/wp\/v2\/users\/1"}],"replies":[{"embeddable":true,"href":"https:\/\/www.pb.utfpr.edu.br\/geastro\/index.php?rest_route=%2Fwp%2Fv2%2Fcomments&post=59"}],"version-history":[{"count":1,"href":"https:\/\/www.pb.utfpr.edu.br\/geastro\/index.php?rest_route=\/wp\/v2\/pages\/59\/revisions"}],"predecessor-version":[{"id":60,"href":"https:\/\/www.pb.utfpr.edu.br\/geastro\/index.php?rest_route=\/wp\/v2\/pages\/59\/revisions\/60"}],"wp:attachment":[{"href":"https:\/\/www.pb.utfpr.edu.br\/geastro\/index.php?rest_route=%2Fwp%2Fv2%2Fmedia&parent=59"}],"wp:term":[{"taxonomy":"author","embeddable":true,"href":"https:\/\/www.pb.utfpr.edu.br\/geastro\/index.php?rest_route=%2Fwp%2Fv2%2Fcoauthors&post=59"}],"curies":[{"name":"wp","href":"https:\/\/api.w.org\/{rel}","templated":true}]}}