{"id":61,"date":"2016-07-12T15:44:08","date_gmt":"2016-07-12T18:44:08","guid":{"rendered":"http:\/\/www.pb.utfpr.edu.br\/geastro\/?page_id=61"},"modified":"2017-04-03T14:44:58","modified_gmt":"2017-04-03T17:44:58","slug":"eventos","status":"publish","type":"page","link":"https:\/\/www.pb.utfpr.edu.br\/geastro\/?page_id=61","title":{"rendered":"Eventos"},"content":{"rendered":"<p><img fetchpriority=\"high\" decoding=\"async\" class=\"alignnone size-large wp-image-494\" src=\"http:\/\/www.pb.utfpr.edu.br\/geastro\/wp-content\/uploads\/2017\/01\/8568732002_4d1e9dcb9b_o-1024x683.jpg\" alt=\"8568732002_4d1e9dcb9b_o\" width=\"1024\" height=\"683\" srcset=\"https:\/\/www.pb.utfpr.edu.br\/geastro\/wp-content\/uploads\/2017\/01\/8568732002_4d1e9dcb9b_o-1024x683.jpg 1024w, https:\/\/www.pb.utfpr.edu.br\/geastro\/wp-content\/uploads\/2017\/01\/8568732002_4d1e9dcb9b_o-600x400.jpg 600w, https:\/\/www.pb.utfpr.edu.br\/geastro\/wp-content\/uploads\/2017\/01\/8568732002_4d1e9dcb9b_o-300x200.jpg 300w, https:\/\/www.pb.utfpr.edu.br\/geastro\/wp-content\/uploads\/2017\/01\/8568732002_4d1e9dcb9b_o-768x512.jpg 768w, https:\/\/www.pb.utfpr.edu.br\/geastro\/wp-content\/uploads\/2017\/01\/8568732002_4d1e9dcb9b_o.jpg 1920w\" sizes=\"(max-width: 1024px) 100vw, 1024px\" \/><\/p>\n","protected":false},"excerpt":{"rendered":"","protected":false},"author":1,"featured_media":0,"parent":0,"menu_order":5,"comment_status":"closed","ping_status":"closed","template":"homepage.php","meta":{"sfsi_plus_gutenberg_text_before_share":"","sfsi_plus_gutenberg_show_text_before_share":"","sfsi_plus_gutenberg_icon_type":"","sfsi_plus_gutenberg_icon_alignemt":"","sfsi_plus_gutenburg_max_per_row":"","footnotes":""},"coauthors":[],"class_list":["post-61","page","type-page","status-publish","hentry"],"yoast_head":"<!-- This site is optimized with the Yoast SEO plugin v22.8 - https:\/\/yoast.com\/wordpress\/plugins\/seo\/ -->\n<title>Eventos - GEAstro<\/title>\n<meta name=\"robots\" content=\"index, follow, max-snippet:-1, max-image-preview:large, max-video-preview:-1\" \/>\n<link rel=\"canonical\" href=\"https:\/\/www.pb.utfpr.edu.br\/geastro\/?page_id=61\" \/>\n<meta property=\"og:locale\" content=\"pt_BR\" \/>\n<meta property=\"og:type\" content=\"article\" \/>\n<meta property=\"og:title\" content=\"Eventos - GEAstro\" \/>\n<meta property=\"og:url\" content=\"https:\/\/www.pb.utfpr.edu.br\/geastro\/?page_id=61\" \/>\n<meta property=\"og:site_name\" content=\"GEAstro\" \/>\n<meta property=\"article:modified_time\" content=\"2017-04-03T17:44:58+00:00\" \/>\n<meta property=\"og:image\" content=\"http:\/\/www.pb.utfpr.edu.br\/geastro\/wp-content\/uploads\/2017\/01\/8568732002_4d1e9dcb9b_o-1024x683.jpg\" \/>\n<meta name=\"twitter:card\" content=\"summary_large_image\" \/>\n<meta name=\"twitter:label1\" content=\"Written by\" \/>\n\t<meta name=\"twitter:data1\" content=\"GEAstro\" \/>\n<script type=\"application\/ld+json\" class=\"yoast-schema-graph\">{\"@context\":\"https:\/\/schema.org\",\"@graph\":[{\"@type\":\"WebPage\",\"@id\":\"https:\/\/www.pb.utfpr.edu.br\/geastro\/?page_id=61\",\"url\":\"https:\/\/www.pb.utfpr.edu.br\/geastro\/?page_id=61\",\"name\":\"Eventos - GEAstro\",\"isPartOf\":{\"@id\":\"https:\/\/www.pb.utfpr.edu.br\/geastro\/#website\"},\"primaryImageOfPage\":{\"@id\":\"https:\/\/www.pb.utfpr.edu.br\/geastro\/?page_id=61#primaryimage\"},\"image\":{\"@id\":\"https:\/\/www.pb.utfpr.edu.br\/geastro\/?page_id=61#primaryimage\"},\"thumbnailUrl\":\"http:\/\/www.pb.utfpr.edu.br\/geastro\/wp-content\/uploads\/2017\/01\/8568732002_4d1e9dcb9b_o-1024x683.jpg\",\"datePublished\":\"2016-07-12T18:44:08+00:00\",\"dateModified\":\"2017-04-03T17:44:58+00:00\",\"breadcrumb\":{\"@id\":\"https:\/\/www.pb.utfpr.edu.br\/geastro\/?page_id=61#breadcrumb\"},\"inLanguage\":\"pt-BR\",\"potentialAction\":[{\"@type\":\"ReadAction\",\"target\":[\"https:\/\/www.pb.utfpr.edu.br\/geastro\/?page_id=61\"]}]},{\"@type\":\"ImageObject\",\"inLanguage\":\"pt-BR\",\"@id\":\"https:\/\/www.pb.utfpr.edu.br\/geastro\/?page_id=61#primaryimage\",\"url\":\"https:\/\/www.pb.utfpr.edu.br\/geastro\/wp-content\/uploads\/2017\/01\/8568732002_4d1e9dcb9b_o.jpg\",\"contentUrl\":\"https:\/\/www.pb.utfpr.edu.br\/geastro\/wp-content\/uploads\/2017\/01\/8568732002_4d1e9dcb9b_o.jpg\",\"width\":1920,\"height\":1280},{\"@type\":\"BreadcrumbList\",\"@id\":\"https:\/\/www.pb.utfpr.edu.br\/geastro\/?page_id=61#breadcrumb\",\"itemListElement\":[{\"@type\":\"ListItem\",\"position\":1,\"name\":\"In\u00edcio\",\"item\":\"https:\/\/www.pb.utfpr.edu.br\/geastro\"},{\"@type\":\"ListItem\",\"position\":2,\"name\":\"Eventos\"}]},{\"@type\":\"WebSite\",\"@id\":\"https:\/\/www.pb.utfpr.edu.br\/geastro\/#website\",\"url\":\"https:\/\/www.pb.utfpr.edu.br\/geastro\/\",\"name\":\"GEAstro\",\"description\":\"Grupo de Estudos, pesquisa, extens\u00e3o e inova\u00e7\u00e3o em Astronomia\",\"potentialAction\":[{\"@type\":\"SearchAction\",\"target\":{\"@type\":\"EntryPoint\",\"urlTemplate\":\"https:\/\/www.pb.utfpr.edu.br\/geastro\/?s={search_term_string}\"},\"query-input\":\"required name=search_term_string\"}],\"inLanguage\":\"pt-BR\"}]}<\/script>\n<!-- \/ Yoast SEO plugin. -->","yoast_head_json":{"title":"Eventos - GEAstro","robots":{"index":"index","follow":"follow","max-snippet":"max-snippet:-1","max-image-preview":"max-image-preview:large","max-video-preview":"max-video-preview:-1"},"canonical":"https:\/\/www.pb.utfpr.edu.br\/geastro\/?page_id=61","og_locale":"pt_BR","og_type":"article","og_title":"Eventos - GEAstro","og_url":"https:\/\/www.pb.utfpr.edu.br\/geastro\/?page_id=61","og_site_name":"GEAstro","article_modified_time":"2017-04-03T17:44:58+00:00","og_image":[{"url":"http:\/\/www.pb.utfpr.edu.br\/geastro\/wp-content\/uploads\/2017\/01\/8568732002_4d1e9dcb9b_o-1024x683.jpg"}],"twitter_card":"summary_large_image","twitter_misc":{"Written by":"GEAstro"},"schema":{"@context":"https:\/\/schema.org","@graph":[{"@type":"WebPage","@id":"https:\/\/www.pb.utfpr.edu.br\/geastro\/?page_id=61","url":"https:\/\/www.pb.utfpr.edu.br\/geastro\/?page_id=61","name":"Eventos - GEAstro","isPartOf":{"@id":"https:\/\/www.pb.utfpr.edu.br\/geastro\/#website"},"primaryImageOfPage":{"@id":"https:\/\/www.pb.utfpr.edu.br\/geastro\/?page_id=61#primaryimage"},"image":{"@id":"https:\/\/www.pb.utfpr.edu.br\/geastro\/?page_id=61#primaryimage"},"thumbnailUrl":"http:\/\/www.pb.utfpr.edu.br\/geastro\/wp-content\/uploads\/2017\/01\/8568732002_4d1e9dcb9b_o-1024x683.jpg","datePublished":"2016-07-12T18:44:08+00:00","dateModified":"2017-04-03T17:44:58+00:00","breadcrumb":{"@id":"https:\/\/www.pb.utfpr.edu.br\/geastro\/?page_id=61#breadcrumb"},"inLanguage":"pt-BR","potentialAction":[{"@type":"ReadAction","target":["https:\/\/www.pb.utfpr.edu.br\/geastro\/?page_id=61"]}]},{"@type":"ImageObject","inLanguage":"pt-BR","@id":"https:\/\/www.pb.utfpr.edu.br\/geastro\/?page_id=61#primaryimage","url":"https:\/\/www.pb.utfpr.edu.br\/geastro\/wp-content\/uploads\/2017\/01\/8568732002_4d1e9dcb9b_o.jpg","contentUrl":"https:\/\/www.pb.utfpr.edu.br\/geastro\/wp-content\/uploads\/2017\/01\/8568732002_4d1e9dcb9b_o.jpg","width":1920,"height":1280},{"@type":"BreadcrumbList","@id":"https:\/\/www.pb.utfpr.edu.br\/geastro\/?page_id=61#breadcrumb","itemListElement":[{"@type":"ListItem","position":1,"name":"In\u00edcio","item":"https:\/\/www.pb.utfpr.edu.br\/geastro"},{"@type":"ListItem","position":2,"name":"Eventos"}]},{"@type":"WebSite","@id":"https:\/\/www.pb.utfpr.edu.br\/geastro\/#website","url":"https:\/\/www.pb.utfpr.edu.br\/geastro\/","name":"GEAstro","description":"Grupo de Estudos, pesquisa, extens\u00e3o e inova\u00e7\u00e3o em Astronomia","potentialAction":[{"@type":"SearchAction","target":{"@type":"EntryPoint","urlTemplate":"https:\/\/www.pb.utfpr.edu.br\/geastro\/?s={search_term_string}"},"query-input":"required name=search_term_string"}],"inLanguage":"pt-BR"}]}},"jetpack_sharing_enabled":true,"_links":{"self":[{"href":"https:\/\/www.pb.utfpr.edu.br\/geastro\/index.php?rest_route=\/wp\/v2\/pages\/61"}],"collection":[{"href":"https:\/\/www.pb.utfpr.edu.br\/geastro\/index.php?rest_route=\/wp\/v2\/pages"}],"about":[{"href":"https:\/\/www.pb.utfpr.edu.br\/geastro\/index.php?rest_route=\/wp\/v2\/types\/page"}],"author":[{"embeddable":true,"href":"https:\/\/www.pb.utfpr.edu.br\/geastro\/index.php?rest_route=\/wp\/v2\/users\/1"}],"replies":[{"embeddable":true,"href":"https:\/\/www.pb.utfpr.edu.br\/geastro\/index.php?rest_route=%2Fwp%2Fv2%2Fcomments&post=61"}],"version-history":[{"count":4,"href":"https:\/\/www.pb.utfpr.edu.br\/geastro\/index.php?rest_route=\/wp\/v2\/pages\/61\/revisions"}],"predecessor-version":[{"id":499,"href":"https:\/\/www.pb.utfpr.edu.br\/geastro\/index.php?rest_route=\/wp\/v2\/pages\/61\/revisions\/499"}],"wp:attachment":[{"href":"https:\/\/www.pb.utfpr.edu.br\/geastro\/index.php?rest_route=%2Fwp%2Fv2%2Fmedia&parent=61"}],"wp:term":[{"taxonomy":"author","embeddable":true,"href":"https:\/\/www.pb.utfpr.edu.br\/geastro\/index.php?rest_route=%2Fwp%2Fv2%2Fcoauthors&post=61"}],"curies":[{"name":"wp","href":"https:\/\/api.w.org\/{rel}","templated":true}]}}