{"id":832,"date":"2017-04-03T14:50:45","date_gmt":"2017-04-03T17:50:45","guid":{"rendered":"http:\/\/www.pb.utfpr.edu.br\/geastro\/?page_id=832"},"modified":"2018-06-27T21:41:14","modified_gmt":"2018-06-28T00:41:14","slug":"astronomia-para-todos","status":"publish","type":"page","link":"https:\/\/www.pb.utfpr.edu.br\/geastro\/?page_id=832","title":{"rendered":"Astronomia Para Todos"},"content":{"rendered":"<p>O projeto de extens\u00e3o Astronomia para Todos desenvolve a\u00e7\u00f5es, que visam integrar a Universidade e comunidade acad\u00eamica com as escolas p\u00fablica, privadas e outras institui\u00e7\u00f5es de Ensino Superior.<\/p>\n<p>As atividades desenvolvidas em quest\u00e3o s\u00e3o a observa\u00e7\u00e3o das manchas solares com o aux\u00edlio de um telesc\u00f3pio com o devido filtro solar adequado e assim mostrar quais as poss\u00edveis consequ\u00eancias de tempestades solares e como essas manchas se formam.<\/p>\n<p>Ap\u00f3s, \u00e9 realizado o lan\u00e7amento de foguetes did\u00e1ticos, atividade que estimula a curiosidade de como s\u00e3o lan\u00e7ados os foguetes ao espa\u00e7o. E durante a explica\u00e7\u00e3o de como acontece o lan\u00e7amento do foguete, apresentar a interdisciplinaridade das disciplinas estudadas no col\u00e9gio, demonstrando como s\u00e3o aplicados os c\u00e1lculos de F\u00edsica e Matem\u00e1tica para verificar alguns dados da atividade.<\/p>\n<p>Em seguida os participantes s\u00e3o encaminhados a uma sala de aula, onde \u00e9 realizada diversas oficinas, tendo como crit\u00e9rio de escolha da oficina a idade e hor\u00e1rio dispon\u00edvel dos participantes.<\/p>\n<p>Dentre as oficinas que o projeto desenvolve, destacam-se:<\/p>\n<ul>\n<li>Fases da Lua;<\/li>\n<li>Eclipses do Sol e da Lua;<\/li>\n<li>Volume dos Planetas e do Sol;<\/li>\n<li>Distancias entre Planetas e o Sol;<\/li>\n<li>Dist\u00e2ncia entre Terra e Lua.<\/li>\n<\/ul>\n<p>Ap\u00f3s, \u00e9 realizada a \u201cSe\u00e7\u00e3o Cinema de Astronomia\u201d, ode s\u00e3o passados filmes relacionados \u00e0 Astronomia. Os filmes selecionados levam em considera\u00e7\u00e3o a idade dos participantes e dando continuidade, os alunos constroem mat\u00e9rias l\u00fadicos relacionados a Astronomia. Tais mat\u00e9rias tamb\u00e9m s\u00e3o selecionados conforme a idade dos participantes.<\/p>\n<p>Para finalizar, se as condi\u00e7\u00f5es do c\u00e9u permitirem, s\u00e3o desenvolvidas atividades de explora\u00e7\u00e3o do c\u00e9u, que s\u00e3o elas a observa\u00e7\u00e3o do c\u00e9u a olho desarmado e via telesc\u00f3pio, al\u00e9m de conhecer ferramentas de observa\u00e7\u00e3o, como o Stellarium.<\/p>\n<p>As atividades s\u00e3o desenvolvidas pela Prof\u00aa. Dra. Tina Andreolla e contam com a participa\u00e7\u00e3o dos integrantes do GEAstro.<\/p>\n","protected":false},"excerpt":{"rendered":"<p>O projeto de extens\u00e3o Astronomia para Todos desenvolve a\u00e7\u00f5es, que visam integrar a Universidade e comunidade acad\u00eamica com as escolas p\u00fablica, privadas e outras institui\u00e7\u00f5es de Ensino Superior. As atividades desenvolvidas em quest\u00e3o s\u00e3o a observa\u00e7\u00e3o das manchas solares com o aux\u00edlio de um telesc\u00f3pio com o devido filtro solar adequado e assim mostrar quais as poss\u00edveis consequ\u00eancias de tempestades solares e como essas manchas se formam. Ap\u00f3s, \u00e9 realizado o lan\u00e7amento de foguetes did\u00e1ticos, atividade que estimula a curiosidade de como s\u00e3o lan\u00e7ados os foguetes ao espa\u00e7o. E durante a explica\u00e7\u00e3o de como acontece o lan\u00e7amento do foguete, apresentar a interdisciplinaridade das disciplinas estudadas no col\u00e9gio, demonstrando como s\u00e3o aplicados os c\u00e1lculos de F\u00edsica e Matem\u00e1tica para verificar alguns dados da atividade. Em seguida os participantes s\u00e3o encaminhados a uma sala de aula, onde \u00e9 realizada diversas oficinas, tendo como crit\u00e9rio de escolha da oficina a idade e hor\u00e1rio dispon\u00edvel dos participantes. Dentre as oficinas que o projeto desenvolve, destacam-se: Fases da Lua; Eclipses do Sol e da Lua; Volume dos Planetas e do Sol; Distancias entre Planetas e o Sol; Dist\u00e2ncia entre Terra e Lua. Ap\u00f3s, \u00e9 realizada a \u201cSe\u00e7\u00e3o Cinema de Astronomia\u201d, ode s\u00e3o passados filmes relacionados \u00e0 Astronomia. Os filmes selecionados levam em considera\u00e7\u00e3o a idade dos participantes e dando continuidade, os alunos constroem mat\u00e9rias l\u00fadicos relacionados a Astronomia. Tais mat\u00e9rias tamb\u00e9m s\u00e3o selecionados conforme a idade dos participantes. Para finalizar, se as condi\u00e7\u00f5es do c\u00e9u permitirem, s\u00e3o desenvolvidas atividades de explora\u00e7\u00e3o do c\u00e9u, que s\u00e3o elas a observa\u00e7\u00e3o do c\u00e9u a olho desarmado e via telesc\u00f3pio, al\u00e9m de conhecer ferramentas de observa\u00e7\u00e3o, como o Stellarium. As atividades s\u00e3o desenvolvidas pela Prof\u00aa. Dra. Tina Andreolla e contam com a participa\u00e7\u00e3o dos integrantes do GEAstro.<\/p>\n","protected":false},"author":1,"featured_media":0,"parent":825,"menu_order":0,"comment_status":"closed","ping_status":"closed","template":"","meta":{"sfsi_plus_gutenberg_text_before_share":"","sfsi_plus_gutenberg_show_text_before_share":"","sfsi_plus_gutenberg_icon_type":"","sfsi_plus_gutenberg_icon_alignemt":"","sfsi_plus_gutenburg_max_per_row":"","footnotes":""},"coauthors":[],"class_list":["post-832","page","type-page","status-publish","hentry"],"yoast_head":"<!-- This site is optimized with the Yoast SEO plugin v22.8 - https:\/\/yoast.com\/wordpress\/plugins\/seo\/ -->\n<title>Astronomia Para Todos - GEAstro<\/title>\n<meta name=\"robots\" content=\"index, follow, max-snippet:-1, max-image-preview:large, max-video-preview:-1\" \/>\n<link rel=\"canonical\" href=\"http:\/\/www.pb.utfpr.edu.br\/geastro\/?page_id=832\" \/>\n<meta property=\"og:locale\" content=\"pt_BR\" \/>\n<meta property=\"og:type\" content=\"article\" \/>\n<meta property=\"og:title\" content=\"Astronomia Para Todos - GEAstro\" \/>\n<meta property=\"og:description\" content=\"O projeto de extens\u00e3o Astronomia para Todos desenvolve a\u00e7\u00f5es, que visam integrar a Universidade e comunidade acad\u00eamica com as escolas p\u00fablica, privadas e outras institui\u00e7\u00f5es de Ensino Superior. As atividades desenvolvidas em quest\u00e3o s\u00e3o a observa\u00e7\u00e3o das manchas solares com o aux\u00edlio de um telesc\u00f3pio com o devido filtro solar adequado e assim mostrar quais as poss\u00edveis consequ\u00eancias de tempestades solares e como essas manchas se formam. Ap\u00f3s, \u00e9 realizado o lan\u00e7amento de foguetes did\u00e1ticos, atividade que estimula a curiosidade de como s\u00e3o lan\u00e7ados os foguetes ao espa\u00e7o. E durante a explica\u00e7\u00e3o de como acontece o lan\u00e7amento do foguete, apresentar a interdisciplinaridade das disciplinas estudadas no col\u00e9gio, demonstrando como s\u00e3o aplicados os c\u00e1lculos de F\u00edsica e Matem\u00e1tica para verificar alguns dados da atividade. Em seguida os participantes s\u00e3o encaminhados a uma sala de aula, onde \u00e9 realizada diversas oficinas, tendo como crit\u00e9rio de escolha da oficina a idade e hor\u00e1rio dispon\u00edvel dos participantes. Dentre as oficinas que o projeto desenvolve, destacam-se: Fases da Lua; Eclipses do Sol e da Lua; Volume dos Planetas e do Sol; Distancias entre Planetas e o Sol; Dist\u00e2ncia entre Terra e Lua. Ap\u00f3s, \u00e9 realizada a \u201cSe\u00e7\u00e3o Cinema de Astronomia\u201d, ode s\u00e3o passados filmes relacionados \u00e0 Astronomia. Os filmes selecionados levam em considera\u00e7\u00e3o a idade dos participantes e dando continuidade, os alunos constroem mat\u00e9rias l\u00fadicos relacionados a Astronomia. Tais mat\u00e9rias tamb\u00e9m s\u00e3o selecionados conforme a idade dos participantes. Para finalizar, se as condi\u00e7\u00f5es do c\u00e9u permitirem, s\u00e3o desenvolvidas atividades de explora\u00e7\u00e3o do c\u00e9u, que s\u00e3o elas a observa\u00e7\u00e3o do c\u00e9u a olho desarmado e via telesc\u00f3pio, al\u00e9m de conhecer ferramentas de observa\u00e7\u00e3o, como o Stellarium. As atividades s\u00e3o desenvolvidas pela Prof\u00aa. Dra. Tina Andreolla e contam com a participa\u00e7\u00e3o dos integrantes do GEAstro.\" \/>\n<meta property=\"og:url\" content=\"http:\/\/www.pb.utfpr.edu.br\/geastro\/?page_id=832\" \/>\n<meta property=\"og:site_name\" content=\"GEAstro\" \/>\n<meta property=\"article:modified_time\" content=\"2018-06-28T00:41:14+00:00\" \/>\n<meta name=\"twitter:card\" content=\"summary_large_image\" \/>\n<meta name=\"twitter:label1\" content=\"Est. tempo de leitura\" \/>\n\t<meta name=\"twitter:data1\" content=\"2 minutos\" \/>\n\t<meta name=\"twitter:label2\" content=\"Written by\" \/>\n\t<meta name=\"twitter:data2\" content=\"GEAstro\" \/>\n<script type=\"application\/ld+json\" class=\"yoast-schema-graph\">{\"@context\":\"https:\/\/schema.org\",\"@graph\":[{\"@type\":\"WebPage\",\"@id\":\"http:\/\/www.pb.utfpr.edu.br\/geastro\/?page_id=832\",\"url\":\"http:\/\/www.pb.utfpr.edu.br\/geastro\/?page_id=832\",\"name\":\"Astronomia Para Todos - GEAstro\",\"isPartOf\":{\"@id\":\"https:\/\/www.pb.utfpr.edu.br\/geastro\/#website\"},\"datePublished\":\"2017-04-03T17:50:45+00:00\",\"dateModified\":\"2018-06-28T00:41:14+00:00\",\"breadcrumb\":{\"@id\":\"http:\/\/www.pb.utfpr.edu.br\/geastro\/?page_id=832#breadcrumb\"},\"inLanguage\":\"pt-BR\",\"potentialAction\":[{\"@type\":\"ReadAction\",\"target\":[\"http:\/\/www.pb.utfpr.edu.br\/geastro\/?page_id=832\"]}]},{\"@type\":\"BreadcrumbList\",\"@id\":\"http:\/\/www.pb.utfpr.edu.br\/geastro\/?page_id=832#breadcrumb\",\"itemListElement\":[{\"@type\":\"ListItem\",\"position\":1,\"name\":\"In\u00edcio\",\"item\":\"https:\/\/www.pb.utfpr.edu.br\/geastro\"},{\"@type\":\"ListItem\",\"position\":2,\"name\":\"Programa de extens\u00e3o\",\"item\":\"http:\/\/www.pb.utfpr.edu.br\/geastro\/?page_id=825\"},{\"@type\":\"ListItem\",\"position\":3,\"name\":\"Astronomia Para Todos\"}]},{\"@type\":\"WebSite\",\"@id\":\"https:\/\/www.pb.utfpr.edu.br\/geastro\/#website\",\"url\":\"https:\/\/www.pb.utfpr.edu.br\/geastro\/\",\"name\":\"GEAstro\",\"description\":\"Grupo de Estudos, pesquisa, extens\u00e3o e inova\u00e7\u00e3o em Astronomia\",\"potentialAction\":[{\"@type\":\"SearchAction\",\"target\":{\"@type\":\"EntryPoint\",\"urlTemplate\":\"https:\/\/www.pb.utfpr.edu.br\/geastro\/?s={search_term_string}\"},\"query-input\":\"required name=search_term_string\"}],\"inLanguage\":\"pt-BR\"}]}<\/script>\n<!-- \/ Yoast SEO plugin. -->","yoast_head_json":{"title":"Astronomia Para Todos - GEAstro","robots":{"index":"index","follow":"follow","max-snippet":"max-snippet:-1","max-image-preview":"max-image-preview:large","max-video-preview":"max-video-preview:-1"},"canonical":"http:\/\/www.pb.utfpr.edu.br\/geastro\/?page_id=832","og_locale":"pt_BR","og_type":"article","og_title":"Astronomia Para Todos - GEAstro","og_description":"O projeto de extens\u00e3o Astronomia para Todos desenvolve a\u00e7\u00f5es, que visam integrar a Universidade e comunidade acad\u00eamica com as escolas p\u00fablica, privadas e outras institui\u00e7\u00f5es de Ensino Superior. As atividades desenvolvidas em quest\u00e3o s\u00e3o a observa\u00e7\u00e3o das manchas solares com o aux\u00edlio de um telesc\u00f3pio com o devido filtro solar adequado e assim mostrar quais as poss\u00edveis consequ\u00eancias de tempestades solares e como essas manchas se formam. Ap\u00f3s, \u00e9 realizado o lan\u00e7amento de foguetes did\u00e1ticos, atividade que estimula a curiosidade de como s\u00e3o lan\u00e7ados os foguetes ao espa\u00e7o. E durante a explica\u00e7\u00e3o de como acontece o lan\u00e7amento do foguete, apresentar a interdisciplinaridade das disciplinas estudadas no col\u00e9gio, demonstrando como s\u00e3o aplicados os c\u00e1lculos de F\u00edsica e Matem\u00e1tica para verificar alguns dados da atividade. Em seguida os participantes s\u00e3o encaminhados a uma sala de aula, onde \u00e9 realizada diversas oficinas, tendo como crit\u00e9rio de escolha da oficina a idade e hor\u00e1rio dispon\u00edvel dos participantes. Dentre as oficinas que o projeto desenvolve, destacam-se: Fases da Lua; Eclipses do Sol e da Lua; Volume dos Planetas e do Sol; Distancias entre Planetas e o Sol; Dist\u00e2ncia entre Terra e Lua. Ap\u00f3s, \u00e9 realizada a \u201cSe\u00e7\u00e3o Cinema de Astronomia\u201d, ode s\u00e3o passados filmes relacionados \u00e0 Astronomia. Os filmes selecionados levam em considera\u00e7\u00e3o a idade dos participantes e dando continuidade, os alunos constroem mat\u00e9rias l\u00fadicos relacionados a Astronomia. Tais mat\u00e9rias tamb\u00e9m s\u00e3o selecionados conforme a idade dos participantes. Para finalizar, se as condi\u00e7\u00f5es do c\u00e9u permitirem, s\u00e3o desenvolvidas atividades de explora\u00e7\u00e3o do c\u00e9u, que s\u00e3o elas a observa\u00e7\u00e3o do c\u00e9u a olho desarmado e via telesc\u00f3pio, al\u00e9m de conhecer ferramentas de observa\u00e7\u00e3o, como o Stellarium. As atividades s\u00e3o desenvolvidas pela Prof\u00aa. Dra. Tina Andreolla e contam com a participa\u00e7\u00e3o dos integrantes do GEAstro.","og_url":"http:\/\/www.pb.utfpr.edu.br\/geastro\/?page_id=832","og_site_name":"GEAstro","article_modified_time":"2018-06-28T00:41:14+00:00","twitter_card":"summary_large_image","twitter_misc":{"Est. tempo de leitura":"2 minutos","Written by":"GEAstro"},"schema":{"@context":"https:\/\/schema.org","@graph":[{"@type":"WebPage","@id":"http:\/\/www.pb.utfpr.edu.br\/geastro\/?page_id=832","url":"http:\/\/www.pb.utfpr.edu.br\/geastro\/?page_id=832","name":"Astronomia Para Todos - GEAstro","isPartOf":{"@id":"https:\/\/www.pb.utfpr.edu.br\/geastro\/#website"},"datePublished":"2017-04-03T17:50:45+00:00","dateModified":"2018-06-28T00:41:14+00:00","breadcrumb":{"@id":"http:\/\/www.pb.utfpr.edu.br\/geastro\/?page_id=832#breadcrumb"},"inLanguage":"pt-BR","potentialAction":[{"@type":"ReadAction","target":["http:\/\/www.pb.utfpr.edu.br\/geastro\/?page_id=832"]}]},{"@type":"BreadcrumbList","@id":"http:\/\/www.pb.utfpr.edu.br\/geastro\/?page_id=832#breadcrumb","itemListElement":[{"@type":"ListItem","position":1,"name":"In\u00edcio","item":"https:\/\/www.pb.utfpr.edu.br\/geastro"},{"@type":"ListItem","position":2,"name":"Programa de extens\u00e3o","item":"http:\/\/www.pb.utfpr.edu.br\/geastro\/?page_id=825"},{"@type":"ListItem","position":3,"name":"Astronomia Para Todos"}]},{"@type":"WebSite","@id":"https:\/\/www.pb.utfpr.edu.br\/geastro\/#website","url":"https:\/\/www.pb.utfpr.edu.br\/geastro\/","name":"GEAstro","description":"Grupo de Estudos, pesquisa, extens\u00e3o e inova\u00e7\u00e3o em Astronomia","potentialAction":[{"@type":"SearchAction","target":{"@type":"EntryPoint","urlTemplate":"https:\/\/www.pb.utfpr.edu.br\/geastro\/?s={search_term_string}"},"query-input":"required name=search_term_string"}],"inLanguage":"pt-BR"}]}},"jetpack_sharing_enabled":true,"_links":{"self":[{"href":"https:\/\/www.pb.utfpr.edu.br\/geastro\/index.php?rest_route=\/wp\/v2\/pages\/832"}],"collection":[{"href":"https:\/\/www.pb.utfpr.edu.br\/geastro\/index.php?rest_route=\/wp\/v2\/pages"}],"about":[{"href":"https:\/\/www.pb.utfpr.edu.br\/geastro\/index.php?rest_route=\/wp\/v2\/types\/page"}],"author":[{"embeddable":true,"href":"https:\/\/www.pb.utfpr.edu.br\/geastro\/index.php?rest_route=\/wp\/v2\/users\/1"}],"replies":[{"embeddable":true,"href":"https:\/\/www.pb.utfpr.edu.br\/geastro\/index.php?rest_route=%2Fwp%2Fv2%2Fcomments&post=832"}],"version-history":[{"count":2,"href":"https:\/\/www.pb.utfpr.edu.br\/geastro\/index.php?rest_route=\/wp\/v2\/pages\/832\/revisions"}],"predecessor-version":[{"id":8855,"href":"https:\/\/www.pb.utfpr.edu.br\/geastro\/index.php?rest_route=\/wp\/v2\/pages\/832\/revisions\/8855"}],"up":[{"embeddable":true,"href":"https:\/\/www.pb.utfpr.edu.br\/geastro\/index.php?rest_route=\/wp\/v2\/pages\/825"}],"wp:attachment":[{"href":"https:\/\/www.pb.utfpr.edu.br\/geastro\/index.php?rest_route=%2Fwp%2Fv2%2Fmedia&parent=832"}],"wp:term":[{"taxonomy":"author","embeddable":true,"href":"https:\/\/www.pb.utfpr.edu.br\/geastro\/index.php?rest_route=%2Fwp%2Fv2%2Fcoauthors&post=832"}],"curies":[{"name":"wp","href":"https:\/\/api.w.org\/{rel}","templated":true}]}}