{"id":2818,"date":"2023-12-06T18:26:32","date_gmt":"2023-12-06T21:26:32","guid":{"rendered":"https:\/\/incubadora.pb.utfpr.edu.br\/?page_id=2818"},"modified":"2025-08-19T14:27:20","modified_gmt":"2025-08-19T17:27:20","slug":"processo-de-selecao-2","status":"publish","type":"page","link":"https:\/\/www.pb.utfpr.edu.br\/incubadora\/index.php\/processo-de-selecao-2\/","title":{"rendered":"Processo de sele\u00e7\u00e3o"},"content":{"rendered":"\t\t<div data-elementor-type=\"wp-page\" data-elementor-id=\"2818\" class=\"elementor elementor-2818\" data-elementor-post-type=\"page\">\n\t\t\t\t<div class=\"elementor-element elementor-element-bab25a9 e-flex e-con-boxed e-con e-parent\" data-id=\"bab25a9\" data-element_type=\"container\" data-settings=\"{&quot;jet_parallax_layout_list&quot;:[],&quot;_ha_eqh_enable&quot;:false}\">\n\t\t\t\t\t<div class=\"e-con-inner\">\n\t\t\t\t<div class=\"elementor-element elementor-element-f00de2b elementor-widget elementor-widget-heading\" data-id=\"f00de2b\" data-element_type=\"widget\" data-widget_type=\"heading.default\">\n\t\t\t\t<div class=\"elementor-widget-container\">\n\t\t\t<h2 class=\"elementor-heading-title elementor-size-default\">Editais sprinT<\/h2>\t\t<\/div>\n\t\t\t\t<\/div>\n\t\t<div class=\"elementor-element elementor-element-d07b8a5 e-flex e-con-boxed e-con e-child\" data-id=\"d07b8a5\" data-element_type=\"container\" data-settings=\"{&quot;jet_parallax_layout_list&quot;:[],&quot;_ha_eqh_enable&quot;:false}\">\n\t\t\t\t\t<div class=\"e-con-inner\">\n\t\t<div class=\"elementor-element elementor-element-5e5cd5e e-con-full e-flex e-con e-child\" data-id=\"5e5cd5e\" data-element_type=\"container\" data-settings=\"{&quot;jet_parallax_layout_list&quot;:[],&quot;_ha_eqh_enable&quot;:false}\">\n\t\t\t\t<div class=\"elementor-element elementor-element-1127f38 elementor-view-default elementor-position-top elementor-mobile-position-top elementor-widget elementor-widget-icon-box\" data-id=\"1127f38\" data-element_type=\"widget\" data-widget_type=\"icon-box.default\">\n\t\t\t\t<div class=\"elementor-widget-container\">\n\t\t\t\t\t<div class=\"elementor-icon-box-wrapper\">\n\n\t\t\t\t\t\t<div class=\"elementor-icon-box-icon\">\n\t\t\t\t<a href=\"https:\/\/sei.utfpr.edu.br\/sei\/publicacoes\/controlador_publicacoes.php?acao=publicacao_visualizar&#038;id_documento=5543615&#038;id_orgao_publicacao=0\" class=\"elementor-icon elementor-animation-\" tabindex=\"-1\">\n\t\t\t\t<i aria-hidden=\"true\" class=\"fas fa-file-pdf\"><\/i>\t\t\t\t<\/a>\n\t\t\t<\/div>\n\t\t\t\n\t\t\t\t\t\t<div class=\"elementor-icon-box-content\">\n\n\t\t\t\t\t\t\t\t\t<h3 class=\"elementor-icon-box-title\">\n\t\t\t\t\t\t<a href=\"https:\/\/sei.utfpr.edu.br\/sei\/publicacoes\/controlador_publicacoes.php?acao=publicacao_visualizar&#038;id_documento=5543615&#038;id_orgao_publicacao=0\" >\n\t\t\t\t\t\t\tEDITAL N\u00ba 18\/2023 SELE\u00c7\u00c3O DE EMPREENDIMENTOS PARA A INCUBADORA DA UTFPR \u2013 CAMPUS PATO BRANCO - RESULTADO\t\t\t\t\t\t<\/a>\n\t\t\t\t\t<\/h3>\n\t\t\t\t\n\t\t\t\t\n\t\t\t<\/div>\n\t\t\t\n\t\t<\/div>\n\t\t\t\t<\/div>\n\t\t\t\t<\/div>\n\t\t\t\t<\/div>\n\t\t<div class=\"elementor-element elementor-element-f08d2b6 e-flex e-con-boxed e-con e-child\" data-id=\"f08d2b6\" data-element_type=\"container\" data-settings=\"{&quot;jet_parallax_layout_list&quot;:[],&quot;_ha_eqh_enable&quot;:false}\">\n\t\t\t\t\t<div class=\"e-con-inner\">\n\t\t\t\t<div class=\"elementor-element elementor-element-1dc166e elementor-view-default elementor-position-top elementor-mobile-position-top elementor-widget elementor-widget-icon-box\" data-id=\"1dc166e\" data-element_type=\"widget\" data-widget_type=\"icon-box.default\">\n\t\t\t\t<div class=\"elementor-widget-container\">\n\t\t\t\t\t<div class=\"elementor-icon-box-wrapper\">\n\n\t\t\t\t\t\t<div class=\"elementor-icon-box-icon\">\n\t\t\t\t<a href=\"https:\/\/sei.utfpr.edu.br\/sei\/publicacoes\/controlador_publicacoes.php?acao=publicacao_visualizar&#038;id_documento=5060735&#038;id_orgao_publicacao=0\" class=\"elementor-icon elementor-animation-\" tabindex=\"-1\">\n\t\t\t\t<i aria-hidden=\"true\" class=\"fas fa-file-pdf\"><\/i>\t\t\t\t<\/a>\n\t\t\t<\/div>\n\t\t\t\n\t\t\t\t\t\t<div class=\"elementor-icon-box-content\">\n\n\t\t\t\t\t\t\t\t\t<h3 class=\"elementor-icon-box-title\">\n\t\t\t\t\t\t<a href=\"https:\/\/sei.utfpr.edu.br\/sei\/publicacoes\/controlador_publicacoes.php?acao=publicacao_visualizar&#038;id_documento=5060735&#038;id_orgao_publicacao=0\" >\n\t\t\t\t\t\t\tRESULTADO FINAL PRELIMINAR - FASE III - CHAMADA DE NOVEMBRO 2024\t\t\t\t\t\t<\/a>\n\t\t\t\t\t<\/h3>\n\t\t\t\t\n\t\t\t\t\n\t\t\t<\/div>\n\t\t\t\n\t\t<\/div>\n\t\t\t\t<\/div>\n\t\t\t\t<\/div>\n\t\t\t\t\t<\/div>\n\t\t\t\t<\/div>\n\t\t<div class=\"elementor-element elementor-element-4a3f150 e-con-full e-flex e-con e-child\" data-id=\"4a3f150\" data-element_type=\"container\" data-settings=\"{&quot;jet_parallax_layout_list&quot;:[],&quot;_ha_eqh_enable&quot;:false}\">\n\t\t\t\t<div class=\"elementor-element elementor-element-1c0721b elementor-view-default elementor-position-top elementor-mobile-position-top elementor-widget elementor-widget-icon-box\" data-id=\"1c0721b\" data-element_type=\"widget\" data-widget_type=\"icon-box.default\">\n\t\t\t\t<div class=\"elementor-widget-container\">\n\t\t\t\t\t<div class=\"elementor-icon-box-wrapper\">\n\n\t\t\t\t\t\t<div class=\"elementor-icon-box-icon\">\n\t\t\t\t<a href=\"https:\/\/drive.google.com\/file\/d\/1FBI-z_7C1VK6sUcJFZ_3HTzO4cgdjW0y\/view?usp=sharing\" class=\"elementor-icon elementor-animation-\" tabindex=\"-1\">\n\t\t\t\t<i aria-hidden=\"true\" class=\"fas fa-file-pdf\"><\/i>\t\t\t\t<\/a>\n\t\t\t<\/div>\n\t\t\t\n\t\t\t\t\t\t<div class=\"elementor-icon-box-content\">\n\n\t\t\t\t\t\t\t\t\t<h3 class=\"elementor-icon-box-title\">\n\t\t\t\t\t\t<a href=\"https:\/\/drive.google.com\/file\/d\/1FBI-z_7C1VK6sUcJFZ_3HTzO4cgdjW0y\/view?usp=sharing\" >\n\t\t\t\t\t\t\tRESULTADO SELE\u00c7\u00c3O FASE I E II- SPRINT-PB - 2024\t\t\t\t\t\t<\/a>\n\t\t\t\t\t<\/h3>\n\t\t\t\t\n\t\t\t\t\n\t\t\t<\/div>\n\t\t\t\n\t\t<\/div>\n\t\t\t\t<\/div>\n\t\t\t\t<\/div>\n\t\t\t\t<\/div>\n\t\t<div class=\"elementor-element elementor-element-10c0376 e-con-full e-flex e-con e-child\" data-id=\"10c0376\" data-element_type=\"container\" data-settings=\"{&quot;jet_parallax_layout_list&quot;:[],&quot;_ha_eqh_enable&quot;:false}\">\n\t\t\t\t<div class=\"elementor-element elementor-element-f45e3b4 elementor-view-default elementor-position-top elementor-mobile-position-top elementor-widget elementor-widget-icon-box\" data-id=\"f45e3b4\" data-element_type=\"widget\" data-widget_type=\"icon-box.default\">\n\t\t\t\t<div class=\"elementor-widget-container\">\n\t\t\t\t\t<div class=\"elementor-icon-box-wrapper\">\n\n\t\t\t\t\t\t<div class=\"elementor-icon-box-icon\">\n\t\t\t\t<a href=\"https:\/\/sei.utfpr.edu.br\/sei\/publicacoes\/controlador_publicacoes.php?acao=publicacao_visualizar&#038;id_documento=4974180&#038;id_orgao_publicacao=0\" class=\"elementor-icon elementor-animation-\" tabindex=\"-1\">\n\t\t\t\t<i aria-hidden=\"true\" class=\"fas fa-file-pdf\"><\/i>\t\t\t\t<\/a>\n\t\t\t<\/div>\n\t\t\t\n\t\t\t\t\t\t<div class=\"elementor-icon-box-content\">\n\n\t\t\t\t\t\t\t\t\t<h3 class=\"elementor-icon-box-title\">\n\t\t\t\t\t\t<a href=\"https:\/\/sei.utfpr.edu.br\/sei\/publicacoes\/controlador_publicacoes.php?acao=publicacao_visualizar&#038;id_documento=4974180&#038;id_orgao_publicacao=0\" >\n\t\t\t\t\t\t\tEDITAL DIREC- N\u00ba 33\/2024\nPR\u00caMIO EMPREENDIMENTO DESTAQUE - SPRINT-PB - 2024\t\t\t\t\t\t<\/a>\n\t\t\t\t\t<\/h3>\n\t\t\t\t\n\t\t\t\t\n\t\t\t<\/div>\n\t\t\t\n\t\t<\/div>\n\t\t\t\t<\/div>\n\t\t\t\t<\/div>\n\t\t\t\t<\/div>\n\t\t<div class=\"elementor-element elementor-element-23affef e-con-full e-flex e-con e-child\" data-id=\"23affef\" data-element_type=\"container\" data-settings=\"{&quot;jet_parallax_layout_list&quot;:[],&quot;_ha_eqh_enable&quot;:false}\">\n\t\t\t\t<div class=\"elementor-element elementor-element-8dde0c4 elementor-view-default elementor-position-top elementor-mobile-position-top elementor-widget elementor-widget-icon-box\" data-id=\"8dde0c4\" data-element_type=\"widget\" data-widget_type=\"icon-box.default\">\n\t\t\t\t<div class=\"elementor-widget-container\">\n\t\t\t\t\t<div class=\"elementor-icon-box-wrapper\">\n\n\t\t\t\t\t\t<div class=\"elementor-icon-box-icon\">\n\t\t\t\t<a href=\"https:\/\/sei.utfpr.edu.br\/sei\/publicacoes\/controlador_publicacoes.php?acao=publicacao_visualizar&#038;id_documento=3925342&#038;id_orgao_publicacao=0\" class=\"elementor-icon elementor-animation-\" tabindex=\"-1\">\n\t\t\t\t<i aria-hidden=\"true\" class=\"fas fa-file-pdf\"><\/i>\t\t\t\t<\/a>\n\t\t\t<\/div>\n\t\t\t\n\t\t\t\t\t\t<div class=\"elementor-icon-box-content\">\n\n\t\t\t\t\t\t\t\t\t<h3 class=\"elementor-icon-box-title\">\n\t\t\t\t\t\t<a href=\"https:\/\/sei.utfpr.edu.br\/sei\/publicacoes\/controlador_publicacoes.php?acao=publicacao_visualizar&#038;id_documento=3925342&#038;id_orgao_publicacao=0\" >\n\t\t\t\t\t\t\tEDITAL N\u00ba 18\/2023 CHAMADA P\u00daBLICA DE SELE\u00c7\u00c3O IUT-PB N\u00b0 18\/2023 SELE\u00c7\u00c3O DE EMPREENDIMENTOS PARA A INCUBADORA DA UTFPR \u2013 CAMPUS PATO BRANCO\t\t\t\t\t\t<\/a>\n\t\t\t\t\t<\/h3>\n\t\t\t\t\n\t\t\t\t\n\t\t\t<\/div>\n\t\t\t\n\t\t<\/div>\n\t\t\t\t<\/div>\n\t\t\t\t<\/div>\n\t\t\t\t<\/div>\n\t\t<div class=\"elementor-element elementor-element-4938591 e-flex e-con-boxed e-con e-child\" data-id=\"4938591\" data-element_type=\"container\" data-settings=\"{&quot;jet_parallax_layout_list&quot;:[],&quot;_ha_eqh_enable&quot;:false}\">\n\t\t\t\t\t<div class=\"e-con-inner\">\n\t\t\t\t<div class=\"elementor-element elementor-element-f9f2885 elementor-view-default elementor-position-top elementor-mobile-position-top elementor-widget elementor-widget-icon-box\" data-id=\"f9f2885\" data-element_type=\"widget\" data-widget_type=\"icon-box.default\">\n\t\t\t\t<div class=\"elementor-widget-container\">\n\t\t\t\t\t<div class=\"elementor-icon-box-wrapper\">\n\n\t\t\t\t\t\t<div class=\"elementor-icon-box-icon\">\n\t\t\t\t<a href=\"https:\/\/sei.utfpr.edu.br\/sei\/publicacoes\/controlador_publicacoes.php?acao=publicacao_visualizar&#038;id_documento=3583260&#038;id_orgao_publicacao=0\" class=\"elementor-icon elementor-animation-\" tabindex=\"-1\">\n\t\t\t\t<i aria-hidden=\"true\" class=\"fas fa-file-pdf\"><\/i>\t\t\t\t<\/a>\n\t\t\t<\/div>\n\t\t\t\n\t\t\t\t\t\t<div class=\"elementor-icon-box-content\">\n\n\t\t\t\t\t\t\t\t\t<h3 class=\"elementor-icon-box-title\">\n\t\t\t\t\t\t<a href=\"https:\/\/sei.utfpr.edu.br\/sei\/publicacoes\/controlador_publicacoes.php?acao=publicacao_visualizar&#038;id_documento=3583260&#038;id_orgao_publicacao=0\" >\n\t\t\t\t\t\t\tREGULAMENTO PARA FUNCIONAMENTO DA INCUBADORA DA UTFPR\t\t\t\t\t\t<\/a>\n\t\t\t\t\t<\/h3>\n\t\t\t\t\n\t\t\t\t\n\t\t\t<\/div>\n\t\t\t\n\t\t<\/div>\n\t\t\t\t<\/div>\n\t\t\t\t<\/div>\n\t\t\t\t\t<\/div>\n\t\t\t\t<\/div>\n\t\t\t\t\t<\/div>\n\t\t\t\t<\/div>\n\t\t<div class=\"elementor-element elementor-element-ef0da66 e-con-full e-flex e-con e-child\" data-id=\"ef0da66\" data-element_type=\"container\" data-settings=\"{&quot;jet_parallax_layout_list&quot;:[],&quot;_ha_eqh_enable&quot;:false}\">\n\t\t<div class=\"elementor-element elementor-element-af2cc79 e-flex e-con-boxed e-con e-child\" data-id=\"af2cc79\" data-element_type=\"container\" data-settings=\"{&quot;jet_parallax_layout_list&quot;:[],&quot;_ha_eqh_enable&quot;:false}\">\n\t\t\t\t\t<div class=\"e-con-inner\">\n\t\t\t\t<div class=\"elementor-element elementor-element-66d0704 elementor-view-default elementor-position-top elementor-mobile-position-top elementor-widget elementor-widget-icon-box\" data-id=\"66d0704\" data-element_type=\"widget\" data-widget_type=\"icon-box.default\">\n\t\t\t\t<div class=\"elementor-widget-container\">\n\t\t\t\t\t<div class=\"elementor-icon-box-wrapper\">\n\n\t\t\t\t\t\t<div class=\"elementor-icon-box-icon\">\n\t\t\t\t<a href=\"https:\/\/sei.utfpr.edu.br\/sei\/publicacoes\/controlador_publicacoes.php?acao=publicacao_visualizar&#038;id_documento=5030964&#038;id_orgao_publicacao=0\" class=\"elementor-icon elementor-animation-\" tabindex=\"-1\">\n\t\t\t\t<i aria-hidden=\"true\" class=\"fas fa-file-pdf\"><\/i>\t\t\t\t<\/a>\n\t\t\t<\/div>\n\t\t\t\n\t\t\t\t\t\t<div class=\"elementor-icon-box-content\">\n\n\t\t\t\t\t\t\t\t\t<h3 class=\"elementor-icon-box-title\">\n\t\t\t\t\t\t<a href=\"https:\/\/sei.utfpr.edu.br\/sei\/publicacoes\/controlador_publicacoes.php?acao=publicacao_visualizar&#038;id_documento=5030964&#038;id_orgao_publicacao=0\" >\n\t\t\t\t\t\t\tEDITAL DE RESULTADO -  N\u00ba  33\/2024  PR\u00caMIO EMPREENDIMENTO DESTAQUE - SprinT-PB - 2024\t\t\t\t\t\t<\/a>\n\t\t\t\t\t<\/h3>\n\t\t\t\t\n\t\t\t\t\n\t\t\t<\/div>\n\t\t\t\n\t\t<\/div>\n\t\t\t\t<\/div>\n\t\t\t\t<\/div>\n\t\t\t\t\t<\/div>\n\t\t\t\t<\/div>\n\t\t\t\t<\/div>\n\t\t\t\t\t<\/div>\n\t\t\t\t<\/div>\n\t\t<div class=\"elementor-element elementor-element-efdb0c5 e-flex e-con-boxed e-con e-parent\" data-id=\"efdb0c5\" data-element_type=\"container\" data-settings=\"{&quot;jet_parallax_layout_list&quot;:[],&quot;_ha_eqh_enable&quot;:false}\">\n\t\t\t\t\t<div class=\"e-con-inner\">\n\t\t\t\t<div class=\"elementor-element elementor-element-a67d0b1 elementor-widget elementor-widget-heading\" data-id=\"a67d0b1\" data-element_type=\"widget\" data-widget_type=\"heading.default\">\n\t\t\t\t<div class=\"elementor-widget-container\">\n\t\t\t<h2 class=\"elementor-heading-title elementor-size-default\">O que \u00e9 um neg\u00f3cio inovador?<\/h2>\t\t<\/div>\n\t\t\t\t<\/div>\n\t\t\t\t<div class=\"elementor-element elementor-element-314efa5 elementor-widget elementor-widget-text-editor\" data-id=\"314efa5\" data-element_type=\"widget\" data-widget_type=\"text-editor.default\">\n\t\t\t\t<div class=\"elementor-widget-container\">\n\t\t\t\t\t\t\t<p>Para ser considerado um neg\u00f3cio inovador, o mesmo deve seguir o Manual de Oslo 3. Ed. (p. 57-63), que define quatro tipos de inova\u00e7\u00f5es que encerram um amplo conjunto de mudan\u00e7as nas atividades das empresas:<\/p><p>Inova\u00e7\u00f5es de produto: envolvem mudan\u00e7as significativas nas potencialidades de produtos e servi\u00e7os. Incluem-se bens e servi\u00e7os totalmente novos e aperfei\u00e7oamentos importantes para produtos existentes.<\/p><p>Inova\u00e7\u00f5es de processo: representam mudan\u00e7as significativas nos m\u00e9todos de produ\u00e7\u00e3o e de distribui\u00e7\u00e3o.<\/p><p>Inova\u00e7\u00f5es organizacionais: referem-se \u00e0 implementa\u00e7\u00e3o de novos m\u00e9todos organizacionais, tais como mudan\u00e7as em pr\u00e1ticas de neg\u00f3cios, na organiza\u00e7\u00e3o do local de trabalho ou nas rela\u00e7\u00f5es externas da empresa.<\/p><p>Inova\u00e7\u00f5es de marketing: envolvem a implementa\u00e7\u00e3o de novos m\u00e9todos de marketing, incluindo mudan\u00e7as no design do produto e na embalagem, na promo\u00e7\u00e3o do produto e sua coloca\u00e7\u00e3o, e em m\u00e9todos de estabelecimento de pre\u00e7os de bens e de servi\u00e7os.<\/p>\t\t\t\t\t\t<\/div>\n\t\t\t\t<\/div>\n\t\t\t\t<div class=\"elementor-element elementor-element-0c9d50b elementor-widget elementor-widget-text-editor\" data-id=\"0c9d50b\" data-element_type=\"widget\" data-widget_type=\"text-editor.default\">\n\t\t\t\t<div class=\"elementor-widget-container\">\n\t\t\t\t\t\t\t<ul><li><a href=\"https:\/\/docs.google.com\/document\/d\/1LZAtLk3ij8OW3vLcZOwA37VlZcT0XfpY\/edit?usp=sharing&amp;ouid=117911020021719775690&amp;rtpof=true&amp;sd=true\">ANEXO I \u2013 Ficha de Inscri\u00e7\u00e3o<\/a><\/li><li><a href=\"https:\/\/docs.google.com\/document\/d\/1zQuG2aJXuw2jAKQoBMPFdbJ6rwJuWXwJ\/edit?usp=sharing&amp;ouid=117911020021719775690&amp;rtpof=true&amp;sd=true\">ANEXO II \u2013 Declara\u00e7\u00e3o<\/a><\/li><li><a href=\"https:\/\/docs.google.com\/document\/d\/1lphWUBuAg6CoscuF1p4SiXanUnp-BYDr\/edit?usp=sharing&amp;ouid=117911020021719775690&amp;rtpof=true&amp;sd=true\">ANEXO III \u2013 Roteiro de Apresenta\u00e7\u00e3o do Pitch<\/a><\/li><\/ul>\t\t\t\t\t\t<\/div>\n\t\t\t\t<\/div>\n\t\t\t\t\t<\/div>\n\t\t\t\t<\/div>\n\t\t\t\t<\/div>\n\t\t","protected":false},"excerpt":{"rendered":"<p>Editais sprinT EDITAL N\u00ba 18\/2023 SELE\u00c7\u00c3O DE EMPREENDIMENTOS PARA A INCUBADORA DA UTFPR \u2013 CAMPUS PATO BRANCO &#8211; RESULTADO RESULTADO FINAL PRELIMINAR &#8211; FASE III &#8211; CHAMADA DE NOVEMBRO 2024 RESULTADO SELE\u00c7\u00c3O FASE I E II- SPRINT-PB &#8211; 2024 EDITAL DIREC- N\u00ba 33\/2024 PR\u00caMIO EMPREENDIMENTO DESTAQUE &#8211; SPRINT-PB &#8211; 2024 EDITAL N\u00ba 18\/2023 CHAMADA P\u00daBLICA [&hellip;]<\/p>\n","protected":false},"author":3,"featured_media":2998,"parent":0,"menu_order":0,"comment_status":"closed","ping_status":"closed","template":"elementor_theme","meta":{"_seopress_robots_primary_cat":"","_seopress_titles_title":"","_seopress_titles_desc":"","_seopress_robots_index":"","footnotes":""},"class_list":["post-2818","page","type-page","status-publish","has-post-thumbnail","hentry"],"_links":{"self":[{"href":"https:\/\/www.pb.utfpr.edu.br\/incubadora\/index.php\/wp-json\/wp\/v2\/pages\/2818","targetHints":{"allow":["GET"]}}],"collection":[{"href":"https:\/\/www.pb.utfpr.edu.br\/incubadora\/index.php\/wp-json\/wp\/v2\/pages"}],"about":[{"href":"https:\/\/www.pb.utfpr.edu.br\/incubadora\/index.php\/wp-json\/wp\/v2\/types\/page"}],"author":[{"embeddable":true,"href":"https:\/\/www.pb.utfpr.edu.br\/incubadora\/index.php\/wp-json\/wp\/v2\/users\/3"}],"replies":[{"embeddable":true,"href":"https:\/\/www.pb.utfpr.edu.br\/incubadora\/index.php\/wp-json\/wp\/v2\/comments?post=2818"}],"version-history":[{"count":58,"href":"https:\/\/www.pb.utfpr.edu.br\/incubadora\/index.php\/wp-json\/wp\/v2\/pages\/2818\/revisions"}],"predecessor-version":[{"id":3371,"href":"https:\/\/www.pb.utfpr.edu.br\/incubadora\/index.php\/wp-json\/wp\/v2\/pages\/2818\/revisions\/3371"}],"wp:featuredmedia":[{"embeddable":true,"href":"https:\/\/www.pb.utfpr.edu.br\/incubadora\/index.php\/wp-json\/wp\/v2\/media\/2998"}],"wp:attachment":[{"href":"https:\/\/www.pb.utfpr.edu.br\/incubadora\/index.php\/wp-json\/wp\/v2\/media?parent=2818"}],"curies":[{"name":"wp","href":"https:\/\/api.w.org\/{rel}","templated":true}]}}