{"id":2885,"date":"2023-12-08T07:44:55","date_gmt":"2023-12-08T10:44:55","guid":{"rendered":"https:\/\/incubadora.pb.utfpr.edu.br\/?page_id=2885"},"modified":"2023-12-08T10:25:00","modified_gmt":"2023-12-08T13:25:00","slug":"reserva-de-ambientes-de-ideacao-da-incubadora-2","status":"publish","type":"page","link":"https:\/\/www.pb.utfpr.edu.br\/incubadora\/index.php\/reserva-de-ambientes-de-ideacao-da-incubadora-2\/","title":{"rendered":"Reserva de Ambientes de Idea\u00e7\u00e3o da Incubadora"},"content":{"rendered":"\t\t<div data-elementor-type=\"wp-page\" data-elementor-id=\"2885\" class=\"elementor elementor-2885\" data-elementor-post-type=\"page\">\n\t\t\t\t<div class=\"elementor-element elementor-element-fc809a6 e-flex e-con-boxed e-con e-parent\" data-id=\"fc809a6\" data-element_type=\"container\" data-settings=\"{&quot;background_background&quot;:&quot;classic&quot;,&quot;jet_parallax_layout_list&quot;:[],&quot;_ha_eqh_enable&quot;:false}\">\n\t\t\t\t\t<div class=\"e-con-inner\">\n\t\t<div class=\"elementor-element elementor-element-177576c e-flex e-con-boxed e-con e-parent\" data-id=\"177576c\" data-element_type=\"container\" data-settings=\"{&quot;jet_parallax_layout_list&quot;:[],&quot;_ha_eqh_enable&quot;:false}\">\n\t\t\t\t\t<div class=\"e-con-inner\">\n\t\t\t\t<div class=\"elementor-element elementor-element-6ec0abc elementor-widget elementor-widget-heading\" data-id=\"6ec0abc\" data-element_type=\"widget\" data-widget_type=\"heading.default\">\n\t\t\t\t<div class=\"elementor-widget-container\">\n\t\t\t<h2 class=\"elementor-heading-title elementor-size-default\">Reserva de Ambientes de Idea\u00e7\u00e3o da Incubadora<\/h2>\t\t<\/div>\n\t\t\t\t<\/div>\n\t\t\t\t<div class=\"elementor-element elementor-element-906ccdd elementor-widget elementor-widget-text-editor\" data-id=\"906ccdd\" data-element_type=\"widget\" data-widget_type=\"text-editor.default\">\n\t\t\t\t<div class=\"elementor-widget-container\">\n\t\t\t\t\t\t\tPreencha corretamente todos os campos. As chaves dever\u00e3o ser retiradas na Recep\u00e7\u00e3o da Incubadora (sala 111) e devolvidas na &#8220;caixa de chaves&#8221;, que se encontra na entrada do bloco, de frente para as escadas.\n\t\t\t\t\t\t<\/div>\n\t\t\t\t<\/div>\n\t\t\t\t<div class=\"elementor-element elementor-element-34f942f elementor-button-align-stretch elementor-widget elementor-widget-form\" data-id=\"34f942f\" data-element_type=\"widget\" data-settings=\"{&quot;step_next_label&quot;:&quot;Next&quot;,&quot;step_previous_label&quot;:&quot;Previous&quot;,&quot;button_width&quot;:&quot;100&quot;,&quot;step_type&quot;:&quot;number_text&quot;,&quot;step_icon_shape&quot;:&quot;circle&quot;}\" data-widget_type=\"form.default\">\n\t\t\t\t<div class=\"elementor-widget-container\">\n\t\t\t\t\t<form class=\"elementor-form\" method=\"post\" name=\"New Form\">\n\t\t\t<input type=\"hidden\" name=\"post_id\" value=\"2885\"\/>\n\t\t\t<input type=\"hidden\" name=\"form_id\" value=\"34f942f\"\/>\n\t\t\t<input type=\"hidden\" name=\"referer_title\" value=\"\" \/>\n\n\t\t\t\n\t\t\t<div class=\"ele-extensions-hide-form elementor-form-fields-wrapper elementor-labels-above\">\n\t\t\t\t\t\t\t\t<div class=\"elementor-field-type-email elementor-field-group elementor-column elementor-field-group-name elementor-col-100 elementor-field-required elementor-mark-required\">\n\t\t\t\t\t\t\t\t\t\t\t\t<label for=\"form-field-name\" class=\"elementor-field-label\">\n\t\t\t\t\t\t\t\tEndere\u00e7o E-mail\t\t\t\t\t\t\t<\/label>\n\t\t\t\t\t\t\t\t\t\t\t\t\t\t<input size=\"1\" type=\"email\" name=\"form_fields[name]\" id=\"form-field-name\" class=\"elementor-field elementor-size-sm  elementor-field-textual\" placeholder=\"Endere\u00e7o E-mail *\" required=\"required\" aria-required=\"true\">\n\t\t\t\t\t\t\t\t\t\t\t<\/div>\n\t\t\t\t\t\t\t\t<div class=\"elementor-field-type-radio elementor-field-group elementor-column elementor-field-group-field_41d479a elementor-col-100 elementor-field-required elementor-mark-required\">\n\t\t\t\t\t\t\t\t\t\t\t\t<label for=\"form-field-field_41d479a\" class=\"elementor-field-label\">\n\t\t\t\t\t\t\t\tQuem est\u00e1 solicitando?\t\t\t\t\t\t\t<\/label>\n\t\t\t\t\t\t<div class=\"elementor-field-subgroup  \"><span class=\"elementor-field-option\"><input type=\"radio\" value=\"Empreendimento Incubado\" id=\"form-field-field_41d479a-0\" name=\"form_fields[field_41d479a]\" required=\"required\" aria-required=\"true\"> <label for=\"form-field-field_41d479a-0\">Empreendimento Incubado<\/label><\/span><span class=\"elementor-field-option\"><input type=\"radio\" value=\"Empresa J\u00fanior\" id=\"form-field-field_41d479a-1\" name=\"form_fields[field_41d479a]\" required=\"required\" aria-required=\"true\"> <label for=\"form-field-field_41d479a-1\">Empresa J\u00fanior<\/label><\/span><span class=\"elementor-field-option\"><input type=\"radio\" value=\"Setor\/Departamento\" id=\"form-field-field_41d479a-2\" name=\"form_fields[field_41d479a]\" required=\"required\" aria-required=\"true\"> <label for=\"form-field-field_41d479a-2\">Setor\/Departamento<\/label><\/span><\/div>\t\t\t\t<\/div>\n\t\t\t\t\t\t\t\t<div class=\"elementor-field-type-text elementor-field-group elementor-column elementor-field-group-field_5542870 elementor-col-100 elementor-field-required elementor-mark-required\">\n\t\t\t\t\t\t\t\t\t\t\t\t<label for=\"form-field-field_5542870\" class=\"elementor-field-label\">\n\t\t\t\t\t\t\t\tQual Empreendimento\/Empresa\/Setor\/Departamento? \t\t\t\t\t\t\t<\/label>\n\t\t\t\t\t\t\t\t\t\t\t\t\t\t<input size=\"1\" type=\"text\" name=\"form_fields[field_5542870]\" id=\"form-field-field_5542870\" class=\"elementor-field elementor-size-sm  elementor-field-textual\" placeholder=\"Ex: Empresa\" required=\"required\" aria-required=\"true\">\n\t\t\t\t\t\t\t\t\t\t\t<\/div>\n\t\t\t\t\t\t\t\t<div class=\"elementor-field-type-text elementor-field-group elementor-column elementor-field-group-field_719135a elementor-col-100 elementor-field-required elementor-mark-required\">\n\t\t\t\t\t\t\t\t\t\t\t\t<label for=\"form-field-field_719135a\" class=\"elementor-field-label\">\n\t\t\t\t\t\t\t\tFinalidade?\t\t\t\t\t\t\t<\/label>\n\t\t\t\t\t\t\t\t\t\t\t\t\t\t<input size=\"1\" type=\"text\" name=\"form_fields[field_719135a]\" id=\"form-field-field_719135a\" class=\"elementor-field elementor-size-sm  elementor-field-textual\" placeholder=\"Ex: Reuni\u00e3o\" required=\"required\" aria-required=\"true\">\n\t\t\t\t\t\t\t\t\t\t\t<\/div>\n\t\t\t\t\t\t\t\t<div class=\"elementor-field-type-radio elementor-field-group elementor-column elementor-field-group-field_904a58d elementor-col-100 elementor-field-required elementor-mark-required\">\n\t\t\t\t\t\t\t\t\t\t\t\t<label for=\"form-field-field_904a58d\" class=\"elementor-field-label\">\n\t\t\t\t\t\t\t\tSala\/Espa\u00e7o\t\t\t\t\t\t\t<\/label>\n\t\t\t\t\t\t<div class=\"elementor-field-subgroup  \"><span class=\"elementor-field-option\"><input type=\"radio\" value=\"Coworking\" id=\"form-field-field_904a58d-0\" name=\"form_fields[field_904a58d]\" required=\"required\" aria-required=\"true\"> <label for=\"form-field-field_904a58d-0\">Coworking<\/label><\/span><span class=\"elementor-field-option\"><input type=\"radio\" value=\"Sala de Reuni\u00f5es\" id=\"form-field-field_904a58d-1\" name=\"form_fields[field_904a58d]\" required=\"required\" aria-required=\"true\"> <label for=\"form-field-field_904a58d-1\">Sala de Reuni\u00f5es<\/label><\/span><\/div>\t\t\t\t<\/div>\n\t\t\t\t\t\t\t\t<div class=\"elementor-field-type-date elementor-field-group elementor-column elementor-field-group-field_349d9e1 elementor-col-100 elementor-field-required elementor-mark-required\">\n\t\t\t\t\t\t\t\t\t\t\t\t<label for=\"form-field-field_349d9e1\" class=\"elementor-field-label\">\n\t\t\t\t\t\t\t\tData\t\t\t\t\t\t\t<\/label>\n\t\t\t\t\t\t\n\t\t<input type=\"date\" name=\"form_fields[field_349d9e1]\" id=\"form-field-field_349d9e1\" class=\"elementor-field elementor-size-sm  elementor-field-textual elementor-date-field\" required=\"required\" aria-required=\"true\" pattern=\"[0-9]{4}-[0-9]{2}-[0-9]{2}\">\n\t\t\t\t\t\t<\/div>\n\t\t\t\t\t\t\t\t<div class=\"elementor-field-type-text elementor-field-group elementor-column elementor-field-group-field_aa1c2f7 elementor-col-50 elementor-field-required elementor-mark-required\">\n\t\t\t\t\t\t\t\t\t\t\t\t<label for=\"form-field-field_aa1c2f7\" class=\"elementor-field-label\">\n\t\t\t\t\t\t\t\tHoras\t\t\t\t\t\t\t<\/label>\n\t\t\t\t\t\t\t\t\t\t\t\t\t\t<input size=\"1\" type=\"text\" name=\"form_fields[field_aa1c2f7]\" id=\"form-field-field_aa1c2f7\" class=\"elementor-field elementor-size-sm  elementor-field-textual\" placeholder=\"Ex: 08:00\" required=\"required\" aria-required=\"true\">\n\t\t\t\t\t\t\t\t\t\t\t<\/div>\n\t\t\t\t\t\t\t\t<div class=\"elementor-field-type-text elementor-field-group elementor-column elementor-field-group-field_f15e716 elementor-col-50 elementor-field-required elementor-mark-required\">\n\t\t\t\t\t\t\t\t\t\t\t\t<label for=\"form-field-field_f15e716\" class=\"elementor-field-label\">\n\t\t\t\t\t\t\t\tQuantos minutos de reserva?\t\t\t\t\t\t\t<\/label>\n\t\t\t\t\t\t\t\t\t\t\t\t\t\t<input size=\"1\" type=\"text\" name=\"form_fields[field_f15e716]\" id=\"form-field-field_f15e716\" class=\"elementor-field elementor-size-sm  elementor-field-textual\" placeholder=\"Ex: 45 minutos\" required=\"required\" aria-required=\"true\">\n\t\t\t\t\t\t\t\t\t\t\t<\/div>\n\t\t\t\t\t\t\t\t<div class=\"elementor-field-group elementor-column elementor-field-type-submit elementor-col-100 e-form__buttons\">\n\t\t\t\t\t<button type=\"submit\" class=\"elementor-button elementor-size-sm\">\n\t\t\t\t\t\t<span >\n\t\t\t\t\t\t\t\t\t\t\t\t\t\t\t<span class=\" elementor-button-icon\">\n\t\t\t\t\t\t\t\t\t\t\t\t\t\t\t\t\t\t\t\t\t\t\t\t\t\t<\/span>\n\t\t\t\t\t\t\t\t\t\t\t\t\t\t\t\t\t\t\t\t\t\t<span class=\"elementor-button-text\">Enviar<\/span>\n\t\t\t\t\t\t\t\t\t\t\t\t\t<\/span>\n\t\t\t\t\t<\/button>\n\t\t\t\t<\/div>\n\t\t\t<\/div>\n\t\t<\/form>\n\t\t\t\t<\/div>\n\t\t\t\t<\/div>\n\t\t\t\t\t<\/div>\n\t\t\t\t<\/div>\n\t\t\t\t\t<\/div>\n\t\t\t\t<\/div>\n\t\t\t\t<\/div>\n\t\t","protected":false},"excerpt":{"rendered":"<p>Reserva de Ambientes de Idea\u00e7\u00e3o da Incubadora Preencha corretamente todos os campos. As chaves dever\u00e3o ser retiradas na Recep\u00e7\u00e3o da Incubadora (sala 111) e devolvidas na &#8220;caixa de chaves&#8221;, que se encontra na entrada do bloco, de frente para as escadas.<\/p>\n","protected":false},"author":3,"featured_media":2998,"parent":0,"menu_order":0,"comment_status":"closed","ping_status":"closed","template":"elementor_theme","meta":{"_seopress_robots_primary_cat":"","_seopress_titles_title":"","_seopress_titles_desc":"","_seopress_robots_index":"","footnotes":""},"class_list":["post-2885","page","type-page","status-publish","has-post-thumbnail","hentry"],"_links":{"self":[{"href":"https:\/\/www.pb.utfpr.edu.br\/incubadora\/index.php\/wp-json\/wp\/v2\/pages\/2885","targetHints":{"allow":["GET"]}}],"collection":[{"href":"https:\/\/www.pb.utfpr.edu.br\/incubadora\/index.php\/wp-json\/wp\/v2\/pages"}],"about":[{"href":"https:\/\/www.pb.utfpr.edu.br\/incubadora\/index.php\/wp-json\/wp\/v2\/types\/page"}],"author":[{"embeddable":true,"href":"https:\/\/www.pb.utfpr.edu.br\/incubadora\/index.php\/wp-json\/wp\/v2\/users\/3"}],"replies":[{"embeddable":true,"href":"https:\/\/www.pb.utfpr.edu.br\/incubadora\/index.php\/wp-json\/wp\/v2\/comments?post=2885"}],"version-history":[{"count":4,"href":"https:\/\/www.pb.utfpr.edu.br\/incubadora\/index.php\/wp-json\/wp\/v2\/pages\/2885\/revisions"}],"predecessor-version":[{"id":2889,"href":"https:\/\/www.pb.utfpr.edu.br\/incubadora\/index.php\/wp-json\/wp\/v2\/pages\/2885\/revisions\/2889"}],"wp:featuredmedia":[{"embeddable":true,"href":"https:\/\/www.pb.utfpr.edu.br\/incubadora\/index.php\/wp-json\/wp\/v2\/media\/2998"}],"wp:attachment":[{"href":"https:\/\/www.pb.utfpr.edu.br\/incubadora\/index.php\/wp-json\/wp\/v2\/media?parent=2885"}],"curies":[{"name":"wp","href":"https:\/\/api.w.org\/{rel}","templated":true}]}}